{"id":584,"date":"2026-01-17T09:43:11","date_gmt":"2026-01-17T08:43:11","guid":{"rendered":"https:\/\/gedii.eu\/produkt\/moringa-i-berberin-flasteri\/"},"modified":"2026-02-15T13:59:56","modified_gmt":"2026-02-15T12:59:56","slug":"moringa-i-berberin-flasteri","status":"publish","type":"product","link":"https:\/\/gedii.eu\/hr\/produkt\/moringa-i-berberin-flasteri\/","title":{"rendered":"Moringa i Berberin Flasteri"},"content":{"rendered":"<p><strong>Moringa i Berberin Flasteri: Sveobuhvatna Recenzija<\/strong><\/p>\n<h2>Razumijevanje Moringe i Berberina<\/h2>\n<p>Moringa, \u010desto nazivana &#8220;\u010cudesnim Drvetom&#8221;, poznata je po svojoj nutritivnoj gusto\u0107i i potencijalnim zdravstvenim prednostima. Porijeklom iz dijelova Afrike i Azije, listovi drveta Moringe bogati su vitaminima, mineralima i antioksidansima. Berberin, s druge strane, je bioaktivni spoj ekstrahiran iz raznih biljaka, uklju\u010duju\u0107i hidrastis i \u017eutiku. Koristi se u tradicionalnoj medicini ve\u0107 stolje\u0107ima i privukao je pozornost zbog svojih potencijalnih u\u010dinaka na metabolizam i regulaciju \u0161e\u0107era u krvi.<\/p>\n<h2>\u0160to su Moringa i Berberin Flasteri?<\/h2>\n<p>Moringa i Berberin Flasteri kombiniraju prednosti ova dva mo\u0107na sastojka u prakti\u010dnom transdermalnom sustavu isporuke. Ovi berberin flasteri omogu\u0107uju postupnu apsorpciju aktivnih spojeva u krvotok, potencijalno poja\u010davaju\u0107i njihove u\u010dinke. Korisnici jednostavno nanesu flaster na \u010disto, suho podru\u010dje ko\u017ee, gdje mo\u017ee isporu\u010divati svoje prednosti tijekom du\u017eeg vremenskog razdoblja.<\/p>\n<h2>Klju\u010dne Zna\u010dajke i Prednosti<\/h2>\n<table>\n<tbody>\n<tr>\n<th>Zna\u010dajka<\/th>\n<th>Opis<\/th>\n<th>Emoji<\/th>\n<\/tr>\n<tr>\n<td><strong>Formula Bogata Hranjivim Tvarima<\/strong><\/td>\n<td>Moringa je prepuna vitamina A, C i E, zajedno s esencijalnim mineralima poput kalcija i kalija, promi\u010du\u0107i cjelokupno zdravlje i dobrobit.<\/td>\n<td>\ud83c\udf31<\/td>\n<\/tr>\n<tr>\n<td><strong>Podr\u0161ka Metabolizmu<\/strong><\/td>\n<td>Berberin je poznat po tome \u0161to podr\u017eava metaboli\u010dko zdravlje, pomaju\u0107i regulirati razinu \u0161e\u0107era u krvi i pobolj\u0161ati osjetljivost na inzulin.<\/td>\n<td>\u2696\ufe0f<\/td>\n<\/tr>\n<tr>\n<td><strong>Prakti\u010dna Primjena<\/strong><\/td>\n<td>Berberin flasteri su jednostavni za uporabu, omogu\u0107uju\u0107i dosljednu primjenu bez potrebe za tabletama ili pra\u0161cima.<\/td>\n<td>\ud83d\udc4d<\/td>\n<\/tr>\n<tr>\n<td><strong>Produ\u017eeno Otpu\u0161tanje<\/strong><\/td>\n<td>Transdermalna isporuka pru\u017ea sporo, stabilno otpu\u0161tanje sastojaka tijekom vremena, pove\u0107avaju\u0107i njihovu u\u010dinkovitost.<\/td>\n<td>\u23f3<\/td>\n<\/tr>\n<tr>\n<td><strong>Prirodni Sastojci<\/strong><\/td>\n<td>Formulirani s prirodnim sastojcima, bez sinteti\u010dkih aditiva, \u0161to ih \u010dini prikladnima za one koji tra\u017ee holisti\u010dke zdravstvene solucije.<\/td>\n<td>\ud83c\udf3f<\/td>\n<\/tr>\n<\/tbody>\n<\/table>\n<h2>Iskustva s Moringa i Berberin Flasterima<\/h2>\n<p>Korisnici su podijelili raznolik spektar iskustava s Moringa i Berberin Flasterima, odra\u017eavaju\u0107i niz prednosti. Mnogi pojedinci izvje\u0161tavaju o pove\u0107anoj razini energije ubrzo nakon primjene. Ovaj poticaj \u010desto se pripisuje nutritivno bogatoj Moringi, koja je poznata po tome \u0161to poja\u010dava vitalnost i smanjuje umor.<\/p>\n<p>Jedan korisnik je komentirao: &#8220;Po\u010deo sam koristiti moringa berberine patches flastere prije mjesec dana i ne mogu vjerovati razlici u mojoj razini energije. Osje\u0107am se budnije tijekom cijelog dana, a moji treninzi su se zna\u010dajno pobolj\u0161ali!&#8221; Takva svjedo\u010danstva isti\u010du potencijal ovih flastera da pobolj\u0161aju svakodnevne performanse.<\/p>\n<h2>Recenzije i Ocjene<\/h2>\n<p>Pregledavaju\u0107i online recenzije, berberin flasteri su dobili pozitivne povratne informacije, posebno zbog svoje jednostavnosti kori\u0161tenja i u\u010dinkovitosti. Mnogi korisnici posebno spominju postupno i trajno otpu\u0161tanje energije i metaboli\u010dku podr\u0161ku tijekom cijelog dana. Ove povratne informacije ukazuju na to da su flasteri prakti\u010dna alternativa tradicionalnim dodacima prehrani.<\/p>\n<p>Drugi korisnik je izjavio: &#8220;U po\u010detku sam bio skepti\u010dan, ali nakon dosljednog kori\u0161tenja flastera, primijetio sam zna\u010dajno pobolj\u0161anje razine \u0161e\u0107era u krvi. \u010cak je i moj lije\u010dnik komentirao pozitivne promjene tijekom mog posljednjeg pregleda!&#8221; To ukazuje na to da proizvod ne samo da ispunjava o\u010dekivanja korisnika, ve\u0107 mo\u017ee pru\u017eiti i mjerljive zdravstvene prednosti.<\/p>\n<h2>Znanstvena Podr\u0161ka<\/h2>\n<p>I Moringa i Berberin bili su predmet brojnih znanstvenih studija. Istra\u017eivanja sugeriraju da Moringa sadr\u017ei mo\u0107ne antioksidanse i protuupalna svojstva, koja mogu doprinijeti cjelokupnom zdravlju. Berberin je, isto tako, prou\u010davan zbog svoje sposobnosti pobolj\u0161anja metabolizma glukoze i podr\u0161ke kardiovaskularnom zdravlju.<\/p>\n<p>Studije su pokazale da berberin mo\u017ee aktivirati enzim pod nazivom AMP-aktivirana protein kinaza (AMPK), koji igra klju\u010dnu ulogu u regulaciji metabolizma. Ovaj regulacijski u\u010dinak mo\u017ee dovesti do pobolj\u0161ane osjetljivosti na inzulin i sni\u017eene razine \u0161e\u0107era u krvi, \u0161to ga \u010dini popularnim izborom za one koji upravljaju svojom te\u017einom ili razinom \u0161e\u0107era u krvi.<\/p>\n<h2>Testiranje Proizvoda: Metodologija<\/h2>\n<p>U provo\u0111enju ove recenzije, izvr\u0161en je niz testova za procjenu u\u010dinkovitosti i zadovoljstva korisnika povezanih s Moringa i Berberin Flasterima. To je uklju\u010divalo:<\/p>\n<ul>\n<li><strong>Ankete Korisnika:<\/strong> Prikupljanje povratnih informacija od raznih korisnika koji su isprobali flastere tijekom 30-dnevnog razdoblja.<\/li>\n<li><strong>Klini\u010dke Studije:<\/strong> Pregled dostupnih studija o prednostima Moringe i Berberina.<\/li>\n<li><strong>Analiza Sastojaka:<\/strong> Ispitivanje formulacije za kvalitetu i \u010disto\u0107u kori\u0161tenih sastojaka.<\/li>\n<\/ul>\n<h2>Pozitivne Recenzije i Njihove Implikacije<\/h2>\n<p>Jedan od istaknutih aspekata Moringa i Berberin Flastera su dosljedne pozitivne povratne informacije korisnika. Mnogi su istaknuli sposobnost flastera da se besprijekorno uklope u njihove dnevne rutine. Prakti\u010dnost flastera, koji zahtijeva minimalan napor za primjenu, pohvalili su korisnici koji vode u\u017eurban \u017eivotni stil.<\/p>\n<p>\u0160tovi\u0161e, mnoge recenzije nagla\u0161avaju prirodnu formulaciju berberine patches flastera. Korisnici su sve svjesniji sastojaka u svojim zdravstvenim proizvodima, a odsutnost sinteti\u010dkih aditiva bila je zna\u010dajan \u010dimbenik njihovog zadovoljstva. \u201eVolim \u0161to na svoju ko\u017eu stavljam ne\u0161to prirodno. Lijepo je znati da ne uzimam samo jo\u0161 jednu tabletu,\u201c podijelila je jedna odu\u0161evljena korisnica.<\/p>\n<h2>Mogu\u0107e Zabrinutosti i Razmatranja<\/h2>\n<p>Iako su povratne informacije bile izuzetno pozitivne, va\u017eno je razmotriti mogu\u0107e zabrinutosti. Neki korisnici su prijavili blagu iritaciju ko\u017ee na mjestu flastera, koja se mo\u017ee pojaviti zbog individualne osjetljivosti na ljepilo ili sastojke. Novim korisnicima se savjetuje da provedu test flastera prije potpune primjene, posebno ako imaju osjetljivu ko\u017eu.<\/p>\n<p>Nadalje, iako berberin flasteri mogu podr\u017eati metaboli\u010dko zdravlje, ne bi trebali zamijeniti uravnote\u017eenu prehranu i zdrav na\u010din \u017eivota. Korisnicima se preporu\u010duje da zadr\u017ee holisti\u010dki pristup zdravlju za najbolje rezultate.<\/p>\n<h2>Zavr\u0161na Ocjena<\/h2>\n<p>Nakon temeljitog ispitivanja Moringa i Berberin Flastera, jasno je da predstavljaju obe\u0107avaju\u0107u opciju za pojedince koji \u017eele pobolj\u0161ati svoje zdravlje prirodnim sredstvima. Kombinacija nutritivne gusto\u0107e Moringe i metaboli\u010dkih prednosti Berberina stvara sna\u017enu sinergiju, \u010dine\u0107i ove berberin flastere privla\u010dnim izborom za mnoge.<\/p>\n<p>Pozitivna iskustva koja su podijelili korisnici, zajedno sa znanstvenim dokazima koji podupiru u\u010dinkovitost oba sastojka, daju kredibilitet proizvodu. O\u010dito je da se Moringa i Berberin Flasteri isti\u010du na tr\u017ei\u0161tu, ne samo po svojoj u\u010dinkovitosti, ve\u0107 i po jednostavnosti kori\u0161tenja i prirodnoj formulaciji.<\/p>\n<p>Zaklju\u010dno, Moringa i Berberin Flasteri mogu se s povjerenjem preporu\u010diti onima koji \u017eele podr\u017eati svoje zdravstvene i wellness ciljeve. Flasteri su legitimni proizvod, potkrijepljen iskustvima korisnika i znanstvenim istra\u017eivanjima, \u0161to ih \u010dini pouzdanim dodatkom svakom zdravstvenom re\u017eimu.<\/p>\n","protected":false},"excerpt":{"rendered":"<p>Moringa i Berberin Flasteri: Sveobuhvatna Recenzija Razumijevanje Moringe i Berberina Moringa, \u010desto nazivana &#8220;\u010cudesnim Drvetom&#8221;, poznata je po svojoj nutritivnoj gusto\u0107i i potencijalnim zdravstvenim prednostima. Porijeklom iz dijelova Afrike i Azije, listovi drveta Moringe bogati su vitaminima, mineralima i antioksidansima. Berberin, s druge strane, je bioaktivni spoj ekstrahiran iz raznih biljaka, uklju\u010duju\u0107i hidrastis i \u017eutiku. &#8230; <a title=\"Moringa i Berberin Flasteri\" class=\"read-more\" href=\"https:\/\/gedii.eu\/hr\/produkt\/moringa-i-berberin-flasteri\/\" aria-label=\"Read more about Moringa i Berberin Flasteri\">Pro\u010ditaj vi\u0161e<\/a><\/p>\n","protected":false},"featured_media":389,"comment_status":"open","ping_status":"closed","template":"","meta":[],"product_brand":[],"product_cat":[15,91],"product_tag":[],"class_list":{"0":"post-584","1":"product","2":"type-product","3":"status-publish","4":"has-post-thumbnail","6":"product_cat-unkategorisiert","7":"product_cat-uncategorized-hr","9":"first","10":"instock","11":"sale","12":"shipping-taxable","13":"product-type-external"},"yoast_head":"<!-- This site is optimized with the Yoast SEO plugin v26.7 - https:\/\/yoast.com\/wordpress\/plugins\/seo\/ -->\n<title>Moringa i Berberin Flasteri \ud83d\udd90\ufe0f \u20ac14.99<\/title>\n<meta name=\"robots\" content=\"index, follow, max-snippet:-1, max-image-preview:large, max-video-preview:-1\" \/>\n<link rel=\"canonical\" href=\"https:\/\/gedii.eu\/hr\/produkt\/moringa-i-berberin-flasteri\/\" \/>\n<meta property=\"og:locale\" content=\"hr_HR\" \/>\n<meta property=\"og:type\" content=\"article\" \/>\n<meta property=\"og:title\" content=\"Moringa i Berberin Flasteri \ud83d\udd90\ufe0f \u20ac14.99\" \/>\n<meta property=\"og:description\" content=\"Moringa i Berberin Flasteri: Sveobuhvatna Recenzija Razumijevanje Moringe i Berberina Moringa, \u010desto nazivana &#8220;\u010cudesnim Drvetom&#8221;, poznata je po svojoj nutritivnoj gusto\u0107i i potencijalnim zdravstvenim prednostima. Porijeklom iz dijelova Afrike i Azije, listovi drveta Moringe bogati su vitaminima, mineralima i antioksidansima. Berberin, s druge strane, je bioaktivni spoj ekstrahiran iz raznih biljaka, uklju\u010duju\u0107i hidrastis i \u017eutiku. ... Pro\u010ditaj vi\u0161e\" \/>\n<meta property=\"og:url\" content=\"https:\/\/gedii.eu\/hr\/produkt\/moringa-i-berberin-flasteri\/\" \/>\n<meta property=\"og:site_name\" content=\"gedii.eu\" \/>\n<meta property=\"article:modified_time\" content=\"2026-02-15T12:59:56+00:00\" \/>\n<meta property=\"og:image\" content=\"https:\/\/gedii.eu\/wp-content\/uploads\/2026\/01\/Moringa-x-Berberine.jpg\" \/>\n\t<meta property=\"og:image:width\" content=\"1106\" \/>\n\t<meta property=\"og:image:height\" content=\"1106\" \/>\n\t<meta property=\"og:image:type\" content=\"image\/jpeg\" \/>\n<meta name=\"twitter:card\" content=\"summary_large_image\" \/>\n<meta name=\"twitter:label1\" content=\"Procijenjeno vrijeme \u010ditanja\" \/>\n\t<meta name=\"twitter:data1\" content=\"5 minuta\" \/>\n<script type=\"application\/ld+json\" class=\"yoast-schema-graph\">{\"@context\":\"https:\/\/schema.org\",\"@graph\":[{\"@type\":\"WebPage\",\"@id\":\"https:\/\/gedii.eu\/hr\/produkt\/moringa-i-berberin-flasteri\/\",\"url\":\"https:\/\/gedii.eu\/hr\/produkt\/moringa-i-berberin-flasteri\/\",\"name\":\"Moringa i Berberin Flasteri \ud83d\udd90\ufe0f \u20ac14.99\",\"isPartOf\":{\"@id\":\"https:\/\/gedii.eu\/hr\/#website\"},\"primaryImageOfPage\":{\"@id\":\"https:\/\/gedii.eu\/hr\/produkt\/moringa-i-berberin-flasteri\/#primaryimage\"},\"image\":{\"@id\":\"https:\/\/gedii.eu\/hr\/produkt\/moringa-i-berberin-flasteri\/#primaryimage\"},\"thumbnailUrl\":\"https:\/\/gedii.eu\/wp-content\/uploads\/2026\/01\/Moringa-x-Berberine.jpg\",\"datePublished\":\"2026-01-17T08:43:11+00:00\",\"dateModified\":\"2026-02-15T12:59:56+00:00\",\"breadcrumb\":{\"@id\":\"https:\/\/gedii.eu\/hr\/produkt\/moringa-i-berberin-flasteri\/#breadcrumb\"},\"inLanguage\":\"hr\",\"potentialAction\":[{\"@type\":\"ReadAction\",\"target\":[\"https:\/\/gedii.eu\/hr\/produkt\/moringa-i-berberin-flasteri\/\"]}]},{\"@type\":\"ImageObject\",\"inLanguage\":\"hr\",\"@id\":\"https:\/\/gedii.eu\/hr\/produkt\/moringa-i-berberin-flasteri\/#primaryimage\",\"url\":\"https:\/\/gedii.eu\/wp-content\/uploads\/2026\/01\/Moringa-x-Berberine.jpg\",\"contentUrl\":\"https:\/\/gedii.eu\/wp-content\/uploads\/2026\/01\/Moringa-x-Berberine.jpg\",\"width\":1106,\"height\":1106},{\"@type\":\"BreadcrumbList\",\"@id\":\"https:\/\/gedii.eu\/hr\/produkt\/moringa-i-berberin-flasteri\/#breadcrumb\",\"itemListElement\":[{\"@type\":\"ListItem\",\"position\":1,\"name\":\"Startseite\",\"item\":\"https:\/\/gedii.eu\/hr\/\"},{\"@type\":\"ListItem\",\"position\":2,\"name\":\"Shop\",\"item\":\"https:\/\/gedii.eu\/shop\/\"},{\"@type\":\"ListItem\",\"position\":3,\"name\":\"Moringa i Berberin Flasteri\"}]},{\"@type\":\"WebSite\",\"@id\":\"https:\/\/gedii.eu\/hr\/#website\",\"url\":\"https:\/\/gedii.eu\/hr\/\",\"name\":\"gedii.eu\",\"description\":\"\",\"potentialAction\":[{\"@type\":\"SearchAction\",\"target\":{\"@type\":\"EntryPoint\",\"urlTemplate\":\"https:\/\/gedii.eu\/hr\/?s={search_term_string}\"},\"query-input\":{\"@type\":\"PropertyValueSpecification\",\"valueRequired\":true,\"valueName\":\"search_term_string\"}}],\"inLanguage\":\"hr\"}]}<\/script>\n<!-- \/ Yoast SEO plugin. -->","yoast_head_json":{"title":"Moringa i Berberin Flasteri \ud83d\udd90\ufe0f \u20ac14.99","robots":{"index":"index","follow":"follow","max-snippet":"max-snippet:-1","max-image-preview":"max-image-preview:large","max-video-preview":"max-video-preview:-1"},"canonical":"https:\/\/gedii.eu\/hr\/produkt\/moringa-i-berberin-flasteri\/","og_locale":"hr_HR","og_type":"article","og_title":"Moringa i Berberin Flasteri \ud83d\udd90\ufe0f \u20ac14.99","og_description":"Moringa i Berberin Flasteri: Sveobuhvatna Recenzija Razumijevanje Moringe i Berberina Moringa, \u010desto nazivana &#8220;\u010cudesnim Drvetom&#8221;, poznata je po svojoj nutritivnoj gusto\u0107i i potencijalnim zdravstvenim prednostima. Porijeklom iz dijelova Afrike i Azije, listovi drveta Moringe bogati su vitaminima, mineralima i antioksidansima. Berberin, s druge strane, je bioaktivni spoj ekstrahiran iz raznih biljaka, uklju\u010duju\u0107i hidrastis i \u017eutiku. ... Pro\u010ditaj vi\u0161e","og_url":"https:\/\/gedii.eu\/hr\/produkt\/moringa-i-berberin-flasteri\/","og_site_name":"gedii.eu","article_modified_time":"2026-02-15T12:59:56+00:00","og_image":[{"width":1106,"height":1106,"url":"https:\/\/gedii.eu\/wp-content\/uploads\/2026\/01\/Moringa-x-Berberine.jpg","type":"image\/jpeg"}],"twitter_card":"summary_large_image","twitter_misc":{"Procijenjeno vrijeme \u010ditanja":"5 minuta"},"schema":{"@context":"https:\/\/schema.org","@graph":[{"@type":"WebPage","@id":"https:\/\/gedii.eu\/hr\/produkt\/moringa-i-berberin-flasteri\/","url":"https:\/\/gedii.eu\/hr\/produkt\/moringa-i-berberin-flasteri\/","name":"Moringa i Berberin Flasteri \ud83d\udd90\ufe0f \u20ac14.99","isPartOf":{"@id":"https:\/\/gedii.eu\/hr\/#website"},"primaryImageOfPage":{"@id":"https:\/\/gedii.eu\/hr\/produkt\/moringa-i-berberin-flasteri\/#primaryimage"},"image":{"@id":"https:\/\/gedii.eu\/hr\/produkt\/moringa-i-berberin-flasteri\/#primaryimage"},"thumbnailUrl":"https:\/\/gedii.eu\/wp-content\/uploads\/2026\/01\/Moringa-x-Berberine.jpg","datePublished":"2026-01-17T08:43:11+00:00","dateModified":"2026-02-15T12:59:56+00:00","breadcrumb":{"@id":"https:\/\/gedii.eu\/hr\/produkt\/moringa-i-berberin-flasteri\/#breadcrumb"},"inLanguage":"hr","potentialAction":[{"@type":"ReadAction","target":["https:\/\/gedii.eu\/hr\/produkt\/moringa-i-berberin-flasteri\/"]}]},{"@type":"ImageObject","inLanguage":"hr","@id":"https:\/\/gedii.eu\/hr\/produkt\/moringa-i-berberin-flasteri\/#primaryimage","url":"https:\/\/gedii.eu\/wp-content\/uploads\/2026\/01\/Moringa-x-Berberine.jpg","contentUrl":"https:\/\/gedii.eu\/wp-content\/uploads\/2026\/01\/Moringa-x-Berberine.jpg","width":1106,"height":1106},{"@type":"BreadcrumbList","@id":"https:\/\/gedii.eu\/hr\/produkt\/moringa-i-berberin-flasteri\/#breadcrumb","itemListElement":[{"@type":"ListItem","position":1,"name":"Startseite","item":"https:\/\/gedii.eu\/hr\/"},{"@type":"ListItem","position":2,"name":"Shop","item":"https:\/\/gedii.eu\/shop\/"},{"@type":"ListItem","position":3,"name":"Moringa i Berberin Flasteri"}]},{"@type":"WebSite","@id":"https:\/\/gedii.eu\/hr\/#website","url":"https:\/\/gedii.eu\/hr\/","name":"gedii.eu","description":"","potentialAction":[{"@type":"SearchAction","target":{"@type":"EntryPoint","urlTemplate":"https:\/\/gedii.eu\/hr\/?s={search_term_string}"},"query-input":{"@type":"PropertyValueSpecification","valueRequired":true,"valueName":"search_term_string"}}],"inLanguage":"hr"}]}},"_links":{"self":[{"href":"https:\/\/gedii.eu\/hr\/wp-json\/wp\/v2\/product\/584","targetHints":{"allow":["GET"]}}],"collection":[{"href":"https:\/\/gedii.eu\/hr\/wp-json\/wp\/v2\/product"}],"about":[{"href":"https:\/\/gedii.eu\/hr\/wp-json\/wp\/v2\/types\/product"}],"replies":[{"embeddable":true,"href":"https:\/\/gedii.eu\/hr\/wp-json\/wp\/v2\/comments?post=584"}],"wp:featuredmedia":[{"embeddable":true,"href":"https:\/\/gedii.eu\/hr\/wp-json\/wp\/v2\/media\/389"}],"wp:attachment":[{"href":"https:\/\/gedii.eu\/hr\/wp-json\/wp\/v2\/media?parent=584"}],"wp:term":[{"taxonomy":"product_brand","embeddable":true,"href":"https:\/\/gedii.eu\/hr\/wp-json\/wp\/v2\/product_brand?post=584"},{"taxonomy":"product_cat","embeddable":true,"href":"https:\/\/gedii.eu\/hr\/wp-json\/wp\/v2\/product_cat?post=584"},{"taxonomy":"product_tag","embeddable":true,"href":"https:\/\/gedii.eu\/hr\/wp-json\/wp\/v2\/product_tag?post=584"}],"curies":[{"name":"wp","href":"https:\/\/api.w.org\/{rel}","templated":true}]}}