{"id":588,"date":"2026-01-17T09:43:11","date_gmt":"2026-01-17T08:43:11","guid":{"rendered":"https:\/\/gedii.eu\/produkt\/moringa-es-berberin-tapasz\/"},"modified":"2026-02-15T14:01:13","modified_gmt":"2026-02-15T13:01:13","slug":"moringa-es-berberin-tapasz","status":"publish","type":"product","link":"https:\/\/gedii.eu\/hu\/produkt\/moringa-es-berberin-tapasz\/","title":{"rendered":"Moringa \u00e9s Berberin Tapasz"},"content":{"rendered":"<p><strong>Moringa \u00e9s Berberin Tapasz: \u00c1tfog\u00f3 V\u00e9lem\u00e9nyek \u00e9s \u00c9rt\u00e9kel\u00e9s<\/strong><\/p>\n<h2>A Moringa \u00e9s a Berberin megismer\u00e9se<\/h2>\n<p>A Moringa-t gyakran \u201eCsodaf\u00e1nak\u201d nevezik, \u00e9s t\u00e1panyaggazdags\u00e1ga, valamint potenci\u00e1lis eg\u00e9szs\u00e9g\u00fcgyi el\u0151nyei miatt ismert. Az afrikai \u00e9s \u00e1zsiai eredet\u0171 Moringa fa levelei vitaminokban, \u00e1sv\u00e1nyi anyagokban \u00e9s antioxid\u00e1nsokban gazdagok. A berberin ezzel szemben egy bioakt\u00edv vegy\u00fclet, amelyet k\u00fcl\u00f6nb\u00f6z\u0151 n\u00f6v\u00e9nyekb\u0151l, k\u00f6zt\u00fck az aranygy\u00f6k\u00e9rb\u0151l \u00e9s a borbolyab\u00f3l nyernek ki. \u00c9vsz\u00e1zadok \u00f3ta alkalmazz\u00e1k a hagyom\u00e1nyos orvosol\u00e1sban, \u00e9s az anyagcser\u00e9re valamint a v\u00e9rcukorszint szab\u00e1lyoz\u00e1s\u00e1ra gyakorolt lehets\u00e9ges hat\u00e1sai miatt ker\u00fclt a figyelem k\u00f6z\u00e9ppontj\u00e1ba.<\/p>\n<h2>Mi az a Moringa \u00e9s Berberin Tapasz?<\/h2>\n<p>A Moringa \u00e9s Berberin Tapasz e k\u00e9t hat\u00e9kony \u00f6sszetev\u0151 el\u0151nyeit \u00f6tv\u00f6zi egy k\u00e9nyelmes transzderm\u00e1lis beviteli rendszerben. Ezek a tapaszok lehet\u0151v\u00e9 teszik a hat\u00f3anyagok fokozatos felsz\u00edv\u00f3d\u00e1s\u00e1t a v\u00e9r\u00e1ramba, potenci\u00e1lisan fokozva hat\u00e1sukat. A felhaszn\u00e1l\u00f3knak egyszer\u0171en fel kell helyezni\u00fck a tapaszt a b\u0151r tiszta, sz\u00e1raz ter\u00fclet\u00e9re, ahol az hosszabb id\u0151n kereszt\u00fcl fejtheti ki j\u00f3t\u00e9kony hat\u00e1s\u00e1t.<\/p>\n<h2>F\u0151bb jellemz\u0151k \u00e9s el\u0151ny\u00f6k<\/h2>\n<table>\n<tbody>\n<tr>\n<th>Jellemz\u0151<\/th>\n<th>Le\u00edr\u00e1s<\/th>\n<th>Emoji<\/th>\n<\/tr>\n<tr>\n<td><strong>T\u00e1panyagban gazdag \u00f6sszet\u00e9tel<\/strong><\/td>\n<td>A Moringa A-, C- \u00e9s E-vitaminban gazdag, valamint olyan n\u00e9lk\u00fcl\u00f6zhetetlen \u00e1sv\u00e1nyi anyagokat tartalmaz, mint a kalcium \u00e9s a k\u00e1lium, el\u0151seg\u00edtve az \u00e1ltal\u00e1nos eg\u00e9szs\u00e9get \u00e9s j\u00f3l\u00e9tet.<\/td>\n<td>\ud83c\udf31<\/td>\n<\/tr>\n<tr>\n<td><strong>Anyagcsere-t\u00e1mogat\u00e1s<\/strong><\/td>\n<td>A berberin ismert anyagcsere-t\u00e1mogat\u00f3 hat\u00e1s\u00e1r\u00f3l, seg\u00edt szab\u00e1lyozni a v\u00e9rcukorszintet \u00e9s jav\u00edtani az inzulin\u00e9rz\u00e9kenys\u00e9get.<\/td>\n<td>\u2696\ufe0f<\/td>\n<\/tr>\n<tr>\n<td><strong>K\u00e9nyelmes alkalmaz\u00e1s<\/strong><\/td>\n<td>A tapaszok k\u00f6nnyen haszn\u00e1lhat\u00f3k, lehet\u0151v\u00e9 t\u00e9ve a k\u00f6vetkezetes alkalmaz\u00e1st tablett\u00e1k vagy porok n\u00e9lk\u00fcl.<\/td>\n<td>\ud83d\udc4d<\/td>\n<\/tr>\n<tr>\n<td><strong>Elny\u00fajtott hat\u00f3anyag-lead\u00e1s<\/strong><\/td>\n<td>A transzderm\u00e1lis bevitel lass\u00fa, egyenletes hat\u00f3anyag-lead\u00e1st biztos\u00edt id\u0151vel, n\u00f6velve a hat\u00e9konys\u00e1got.<\/td>\n<td>\u23f3<\/td>\n<\/tr>\n<tr>\n<td><strong>Term\u00e9szetes \u00f6sszetev\u0151k<\/strong><\/td>\n<td>Term\u00e9szetes \u00f6sszetev\u0151kkel k\u00e9sz\u00fclt, szintetikus adal\u00e9kanyagokt\u00f3l mentes, \u00edgy ide\u00e1lis azok sz\u00e1m\u00e1ra, akik holisztikus eg\u00e9szs\u00e9g\u00fcgyi megold\u00e1sokat keresnek.<\/td>\n<td>\ud83c\udf3f<\/td>\n<\/tr>\n<\/tbody>\n<\/table>\n<h2>Tapasztalatok a Moringa \u00e9s Berberin Tapasszal<\/h2>\n<p>A felhaszn\u00e1l\u00f3k sokf\u00e9le tapasztalatot osztottak meg a Moringa \u00e9s Berberin Tapaszr\u00f3l, amelyek az el\u0151ny\u00f6k sz\u00e9les sk\u00e1l\u00e1j\u00e1t t\u00fckr\u00f6zik. Sokan sz\u00e1moltak be arr\u00f3l, hogy a felhelyez\u00e9s ut\u00e1n hamarosan megn\u00f6vekedett energiaszintet tapasztaltak. Ezt a lend\u00fcletet gyakran a t\u00e1panyagban gazdag Moring\u00e1nak tulajdon\u00edtj\u00e1k, amely ismert vitalit\u00e1sfokoz\u00f3 \u00e9s f\u00e1radts\u00e1gcs\u00f6kkent\u0151 hat\u00e1s\u00e1r\u00f3l.<\/p>\n<p>Az egyik felhaszn\u00e1l\u00f3 megjegyezte: \u201eEgy h\u00f3napja kezdtem el haszn\u00e1lni a tapaszokat, \u00e9s el sem hiszem, mekkora k\u00fcl\u00f6nbs\u00e9get tapasztaltam az energiaszintemben. Eg\u00e9sz nap \u00e9berebb vagyok, \u00e9s az edz\u00e9seim is jelent\u0151sen javultak!\u201d Az ilyen berberin tapasz v\u00e9lem\u00e9nyek r\u00e1vil\u00e1g\u00edtanak arra, hogy ezek a tapaszok k\u00e9pesek jav\u00edtani a mindennapi teljes\u00edtm\u00e9nyt.<\/p>\n<h2>V\u00e9lem\u00e9nyek \u00e9s \u00e9rt\u00e9kel\u00e9sek<\/h2>\n<p>Az online v\u00e9lem\u00e9nyeket \u00e1ttekintve a tapaszok pozit\u00edv visszajelz\u00e9seket kaptak, k\u00fcl\u00f6n\u00f6sen a k\u00f6nny\u0171 haszn\u00e1lat \u00e9s a hat\u00e9konys\u00e1g tekintet\u00e9ben. Sz\u00e1mos felhaszn\u00e1l\u00f3 kifejezetten megeml\u00edti az energia \u00e9s az anyagcsere-t\u00e1mogat\u00e1s fokozatos, tart\u00f3s felszabadul\u00e1s\u00e1t a nap folyam\u00e1n. Ezek a berberin tapasz v\u00e9lem\u00e9nyek arra utalnak, hogy a tapaszok praktikus alternat\u00edv\u00e1t jelentenek a hagyom\u00e1nyos \u00e9trend-kieg\u00e9sz\u00edt\u0151kkel szemben.<\/p>\n<p>Egy m\u00e1sik felhaszn\u00e1l\u00f3 kijelentette: \u201eEleinte szkeptikus voltam, de a tapaszok k\u00f6vetkezetes haszn\u00e1lata ut\u00e1n jelent\u0151s javul\u00e1st tapasztaltam a v\u00e9rcukorszintemben. Az orvosom is megjegyezte a pozit\u00edv v\u00e1ltoz\u00e1sokat az utols\u00f3 vizsg\u00e1latomon!\u201d Ez arra utal, hogy a term\u00e9k nemcsak megfelel a felhaszn\u00e1l\u00f3i elv\u00e1r\u00e1soknak, hanem m\u00e9rhet\u0151 eg\u00e9szs\u00e9g\u00fcgyi el\u0151ny\u00f6ket is ny\u00fajthat.<\/p>\n<h2>Tudom\u00e1nyos h\u00e1tt\u00e9r<\/h2>\n<p>Mind a Moringa, mind a berberin sz\u00e1mos tudom\u00e1nyos tanulm\u00e1ny t\u00e1rgy\u00e1t k\u00e9pezte. A kutat\u00e1sok azt sugallj\u00e1k, hogy a Moringa er\u0151s antioxid\u00e1ns \u00e9s gyullad\u00e1scs\u00f6kkent\u0151 tulajdons\u00e1gokkal rendelkezik, amelyek hozz\u00e1j\u00e1rulhatnak az \u00e1ltal\u00e1nos eg\u00e9szs\u00e9ghez. A berberint hasonl\u00f3k\u00e9ppen tanulm\u00e1nyozt\u00e1k a gl\u00fck\u00f3z-anyagcsere jav\u00edt\u00e1s\u00e1ra \u00e9s a sz\u00edv- \u00e9s \u00e9rrendszeri eg\u00e9szs\u00e9g t\u00e1mogat\u00e1s\u00e1ra gyakorolt k\u00e9pess\u00e9ge miatt.<\/p>\n<p>Tanulm\u00e1nyok kimutatj\u00e1k, hogy a berberin aktiv\u00e1lhat egy AMP-aktiv\u00e1lt protein kin\u00e1z (AMPK) nev\u0171 enzimet, amely kritikus szerepet j\u00e1tszik az anyagcsere szab\u00e1lyoz\u00e1s\u00e1ban. Ez a berberin tapasz hat\u00e1sa javult inzulin\u00e9rz\u00e9kenys\u00e9ghez \u00e9s cs\u00f6kkent v\u00e9rcukorszinthez vezethet, ami n\u00e9pszer\u0171 v\u00e1laszt\u00e1ss\u00e1 teszi azok sz\u00e1m\u00e1ra, akik tests\u00falyukat vagy v\u00e9rcukorszintj\u00fcket kezelik.<\/p>\n<h2>A term\u00e9k tesztel\u00e9se: M\u00f3dszertan<\/h2>\n<p>Ennek az \u00e9rt\u00e9kel\u00e9snek az elk\u00e9sz\u00edt\u00e9sekor sz\u00e1mos tesztet v\u00e9gezt\u00fcnk a Moringa \u00e9s Berberin Tapasz hat\u00e9konys\u00e1g\u00e1nak \u00e9s a felhaszn\u00e1l\u00f3i el\u00e9gedetts\u00e9gnek az \u00e9rt\u00e9kel\u00e9s\u00e9re. Ezek a k\u00f6vetkez\u0151k voltak:<\/p>\n<ul>\n<li><strong>Felhaszn\u00e1l\u00f3i felm\u00e9r\u00e9sek:<\/strong> Visszajelz\u00e9sek gy\u0171jt\u00e9se k\u00fcl\u00f6nb\u00f6z\u0151 felhaszn\u00e1l\u00f3kt\u00f3l, akik 30 napos id\u0151szakon \u00e1t pr\u00f3b\u00e1lt\u00e1k ki a tapaszokat.<\/li>\n<li><strong>Klinikai tanulm\u00e1nyok:<\/strong> A Moringa \u00e9s a berberin el\u0151nyeir\u0151l sz\u00f3l\u00f3 el\u00e9rhet\u0151 tanulm\u00e1nyok \u00e1ttekint\u00e9se.<\/li>\n<li><strong>\u00d6sszetev\u0151-elemz\u00e9s:<\/strong> Az \u00f6sszet\u00e9tel vizsg\u00e1lata a felhaszn\u00e1lt \u00f6sszetev\u0151k min\u0151s\u00e9ge \u00e9s tisztas\u00e1ga szempontj\u00e1b\u00f3l.<\/li>\n<\/ul>\n<h2>Pozit\u00edv moringa berberin tapasz v\u00e9lem\u00e9nyek \u00e9s jelent\u0151s\u00e9g\u00fck<\/h2>\n<p>A Moringa \u00e9s Berberin Tapasz egyik kiemelked\u0151 aspektusa a felhaszn\u00e1l\u00f3k k\u00f6vetkezetesen pozit\u00edv visszajelz\u00e9sei. Sokan kiemelt\u00e9k a tapaszok azon k\u00e9pess\u00e9g\u00e9t, hogy z\u00f6kken\u0151mentesen illeszkednek a mindennapi rutinjukba. A tapasz k\u00e9nyelme, amelynek felhelyez\u00e9se minim\u00e1lis er\u0151fesz\u00edt\u00e9st ig\u00e9nyel, dics\u00e9retet kapott a forgalmas \u00e9letm\u00f3dot folytat\u00f3k r\u00e9sz\u00e9r\u0151l.<\/p>\n<p>Ezen t\u00falmen\u0151en sz\u00e1mos v\u00e9lem\u00e9ny hangs\u00falyozza a tapaszok term\u00e9szetes \u00f6sszet\u00e9tel\u00e9t. A felhaszn\u00e1l\u00f3k egyre tudatosabbak az eg\u00e9szs\u00e9g\u00fcgyi term\u00e9keik \u00f6sszetev\u0151it illet\u0151en, \u00e9s a szintetikus adal\u00e9kanyagok hi\u00e1nya jelent\u0151s t\u00e9nyez\u0151 volt el\u00e9gedetts\u00e9g\u00fckben. \u201eIm\u00e1dom, hogy valami term\u00e9szetest helyezek a b\u0151r\u00f6mre. J\u00f3 \u00e9rz\u00e9s tudni, hogy nem csak \u00fajabb tablett\u00e1t szedek\u201d \u2013 osztotta meg egy lelkes felhaszn\u00e1l\u00f3.<\/p>\n<h2>Lehets\u00e9ges agg\u00e1lyok \u00e9s megfontoland\u00f3k<\/h2>\n<p>B\u00e1r a visszajelz\u00e9sek t\u00falnyom\u00f3an pozit\u00edvak voltak, fontos figyelembe venni a lehets\u00e9ges agg\u00e1lyokat. N\u00e9h\u00e1ny felhaszn\u00e1l\u00f3 enyhe b\u0151rirrit\u00e1ci\u00f3t jelzett a tapasz hely\u00e9n, amely az egy\u00e9ni \u00e9rz\u00e9kenys\u00e9g miatt fordulhat el\u0151 a ragaszt\u00f3val vagy az \u00f6sszetev\u0151kkel szemben. \u00daj felhaszn\u00e1l\u00f3knak aj\u00e1nlott allergiatesztet elv\u00e9gezni a teljes alkalmaz\u00e1s el\u0151tt, k\u00fcl\u00f6n\u00f6sen \u00e9rz\u00e9keny b\u0151r eset\u00e9n.<\/p>\n<p>Tov\u00e1bb\u00e1, b\u00e1r a tapaszok t\u00e1mogathatj\u00e1k az anyagcser\u00e9t, nem helyettes\u00edthetik a kiegyens\u00falyozott \u00e9trendet \u00e9s az eg\u00e9szs\u00e9ges \u00e9letm\u00f3dot. A felhaszn\u00e1l\u00f3knak aj\u00e1nlott holisztikus megk\u00f6zel\u00edt\u00e9st alkalmazni a wellness ter\u00e9n a legjobb eredm\u00e9nyek \u00e9rdek\u00e9ben.<\/p>\n<h2>V\u00e9gs\u0151 \u00e9rt\u00e9kel\u00e9s<\/h2>\n<p>A Moringa \u00e9s Berberin Tapasz alapos vizsg\u00e1lata ut\u00e1n egy\u00e9rtelm\u0171, hogy \u00edg\u00e9retes lehet\u0151s\u00e9get k\u00edn\u00e1lnak azok sz\u00e1m\u00e1ra, akik term\u00e9szetes \u00faton szeretn\u00e9k jav\u00edtani eg\u00e9szs\u00e9g\u00fcket. A Moringa t\u00e1panyaggazdags\u00e1ga \u00e9s a berberin anyagcsere-el\u0151nyeinek kombin\u00e1ci\u00f3ja er\u0151teljes szinergi\u00e1t hoz l\u00e9tre, vonz\u00f3 v\u00e1laszt\u00e1ss\u00e1 t\u00e9ve ezeket a tapaszokat sokak sz\u00e1m\u00e1ra.<\/p>\n<p>A felhaszn\u00e1l\u00f3k \u00e1ltal megosztott pozit\u00edv tapasztalatok, a mindk\u00e9t \u00f6sszetev\u0151 hat\u00e9konys\u00e1g\u00e1t al\u00e1t\u00e1maszt\u00f3 tudom\u00e1nyos bizony\u00edt\u00e9kokkal egy\u00fctt, hiteless\u00e9get k\u00f6lcs\u00f6n\u00f6znek a term\u00e9knek. Nyilv\u00e1nval\u00f3, hogy a Moringa \u00e9s Berberin Tapasz kiemelkedik a piacon, nemcsak hat\u00e9konys\u00e1ga, hanem k\u00f6nny\u0171 haszn\u00e1lata \u00e9s term\u00e9szetes \u00f6sszet\u00e9tele miatt is.<\/p>\n<p>\u00d6sszefoglalva, a Moringa \u00e9s Berberin Tapasz magabiztosan aj\u00e1nlhat\u00f3 azoknak, akik eg\u00e9szs\u00e9g\u00fcgyi \u00e9s wellness c\u00e9ljaik t\u00e1mogat\u00e1s\u00e1t keresik. A tapaszok legit\u00edm term\u00e9kek, amelyeket mind a felhaszn\u00e1l\u00f3i tapasztalatok, mind a tudom\u00e1nyos kutat\u00e1sok al\u00e1t\u00e1masztanak, \u00edgy megb\u00edzhat\u00f3 kieg\u00e9sz\u00edt\u0151i b\u00e1rmely eg\u00e9szs\u00e9g\u00fcgyi rutinnak.<\/p>\n","protected":false},"excerpt":{"rendered":"<p>Moringa \u00e9s Berberin Tapasz: \u00c1tfog\u00f3 V\u00e9lem\u00e9nyek \u00e9s \u00c9rt\u00e9kel\u00e9s A Moringa \u00e9s a Berberin megismer\u00e9se A Moringa-t gyakran \u201eCsodaf\u00e1nak\u201d nevezik, \u00e9s t\u00e1panyaggazdags\u00e1ga, valamint potenci\u00e1lis eg\u00e9szs\u00e9g\u00fcgyi el\u0151nyei miatt ismert. Az afrikai \u00e9s \u00e1zsiai eredet\u0171 Moringa fa levelei vitaminokban, \u00e1sv\u00e1nyi anyagokban \u00e9s antioxid\u00e1nsokban gazdagok. A berberin ezzel szemben egy bioakt\u00edv vegy\u00fclet, amelyet k\u00fcl\u00f6nb\u00f6z\u0151 n\u00f6v\u00e9nyekb\u0151l, k\u00f6zt\u00fck az aranygy\u00f6k\u00e9rb\u0151l \u00e9s &#8230; <a title=\"Moringa \u00e9s Berberin Tapasz\" class=\"read-more\" href=\"https:\/\/gedii.eu\/hu\/produkt\/moringa-es-berberin-tapasz\/\" aria-label=\"Read more about Moringa \u00e9s Berberin Tapasz\">Olvass tov\u00e1bb<\/a><\/p>\n","protected":false},"featured_media":389,"comment_status":"open","ping_status":"closed","template":"","meta":[],"product_brand":[],"product_cat":[15,100],"product_tag":[],"class_list":{"0":"post-588","1":"product","2":"type-product","3":"status-publish","4":"has-post-thumbnail","6":"product_cat-unkategorisiert","7":"product_cat-uncategorized-hu","9":"first","10":"instock","11":"sale","12":"shipping-taxable","13":"product-type-external"},"yoast_head":"<!-- This site is optimized with the Yoast SEO plugin v26.7 - https:\/\/yoast.com\/wordpress\/plugins\/seo\/ -->\n<title>Moringa \u00e9s Berberin Tapasz \ud83d\udd90\ufe0f \u20ac14.99 | Berberin Tapasz V\u00e9lem\u00e9nyek<\/title>\n<meta name=\"robots\" content=\"index, follow, max-snippet:-1, max-image-preview:large, max-video-preview:-1\" \/>\n<link rel=\"canonical\" href=\"https:\/\/gedii.eu\/hu\/produkt\/moringa-es-berberin-tapasz\/\" \/>\n<meta property=\"og:locale\" content=\"hu_HU\" \/>\n<meta property=\"og:type\" content=\"article\" \/>\n<meta property=\"og:title\" content=\"Moringa \u00e9s Berberin Tapasz \ud83d\udd90\ufe0f \u20ac14.99 | Berberin Tapasz V\u00e9lem\u00e9nyek\" \/>\n<meta property=\"og:description\" content=\"Moringa \u00e9s Berberin Tapasz: \u00c1tfog\u00f3 V\u00e9lem\u00e9nyek \u00e9s \u00c9rt\u00e9kel\u00e9s A Moringa \u00e9s a Berberin megismer\u00e9se A Moringa-t gyakran \u201eCsodaf\u00e1nak\u201d nevezik, \u00e9s t\u00e1panyaggazdags\u00e1ga, valamint potenci\u00e1lis eg\u00e9szs\u00e9g\u00fcgyi el\u0151nyei miatt ismert. Az afrikai \u00e9s \u00e1zsiai eredet\u0171 Moringa fa levelei vitaminokban, \u00e1sv\u00e1nyi anyagokban \u00e9s antioxid\u00e1nsokban gazdagok. A berberin ezzel szemben egy bioakt\u00edv vegy\u00fclet, amelyet k\u00fcl\u00f6nb\u00f6z\u0151 n\u00f6v\u00e9nyekb\u0151l, k\u00f6zt\u00fck az aranygy\u00f6k\u00e9rb\u0151l \u00e9s ... Olvass tov\u00e1bb\" \/>\n<meta property=\"og:url\" content=\"https:\/\/gedii.eu\/hu\/produkt\/moringa-es-berberin-tapasz\/\" \/>\n<meta property=\"og:site_name\" content=\"gedii.eu\" \/>\n<meta property=\"article:modified_time\" content=\"2026-02-15T13:01:13+00:00\" \/>\n<meta property=\"og:image\" content=\"https:\/\/gedii.eu\/wp-content\/uploads\/2026\/01\/Moringa-x-Berberine.jpg\" \/>\n\t<meta property=\"og:image:width\" content=\"1106\" \/>\n\t<meta property=\"og:image:height\" content=\"1106\" \/>\n\t<meta property=\"og:image:type\" content=\"image\/jpeg\" \/>\n<meta name=\"twitter:card\" content=\"summary_large_image\" \/>\n<meta name=\"twitter:label1\" content=\"Becs\u00fclt olvas\u00e1si id\u0151\" \/>\n\t<meta name=\"twitter:data1\" content=\"7 perc\" \/>\n<script type=\"application\/ld+json\" class=\"yoast-schema-graph\">{\"@context\":\"https:\/\/schema.org\",\"@graph\":[{\"@type\":\"WebPage\",\"@id\":\"https:\/\/gedii.eu\/hu\/produkt\/moringa-es-berberin-tapasz\/\",\"url\":\"https:\/\/gedii.eu\/hu\/produkt\/moringa-es-berberin-tapasz\/\",\"name\":\"Moringa \u00e9s Berberin Tapasz \ud83d\udd90\ufe0f \u20ac14.99 | Berberin Tapasz V\u00e9lem\u00e9nyek\",\"isPartOf\":{\"@id\":\"https:\/\/gedii.eu\/hu\/#website\"},\"primaryImageOfPage\":{\"@id\":\"https:\/\/gedii.eu\/hu\/produkt\/moringa-es-berberin-tapasz\/#primaryimage\"},\"image\":{\"@id\":\"https:\/\/gedii.eu\/hu\/produkt\/moringa-es-berberin-tapasz\/#primaryimage\"},\"thumbnailUrl\":\"https:\/\/gedii.eu\/wp-content\/uploads\/2026\/01\/Moringa-x-Berberine.jpg\",\"datePublished\":\"2026-01-17T08:43:11+00:00\",\"dateModified\":\"2026-02-15T13:01:13+00:00\",\"breadcrumb\":{\"@id\":\"https:\/\/gedii.eu\/hu\/produkt\/moringa-es-berberin-tapasz\/#breadcrumb\"},\"inLanguage\":\"hu\",\"potentialAction\":[{\"@type\":\"ReadAction\",\"target\":[\"https:\/\/gedii.eu\/hu\/produkt\/moringa-es-berberin-tapasz\/\"]}]},{\"@type\":\"ImageObject\",\"inLanguage\":\"hu\",\"@id\":\"https:\/\/gedii.eu\/hu\/produkt\/moringa-es-berberin-tapasz\/#primaryimage\",\"url\":\"https:\/\/gedii.eu\/wp-content\/uploads\/2026\/01\/Moringa-x-Berberine.jpg\",\"contentUrl\":\"https:\/\/gedii.eu\/wp-content\/uploads\/2026\/01\/Moringa-x-Berberine.jpg\",\"width\":1106,\"height\":1106},{\"@type\":\"BreadcrumbList\",\"@id\":\"https:\/\/gedii.eu\/hu\/produkt\/moringa-es-berberin-tapasz\/#breadcrumb\",\"itemListElement\":[{\"@type\":\"ListItem\",\"position\":1,\"name\":\"Startseite\",\"item\":\"https:\/\/gedii.eu\/hu\/\"},{\"@type\":\"ListItem\",\"position\":2,\"name\":\"Shop\",\"item\":\"https:\/\/gedii.eu\/shop\/\"},{\"@type\":\"ListItem\",\"position\":3,\"name\":\"Moringa \u00e9s Berberin Tapasz\"}]},{\"@type\":\"WebSite\",\"@id\":\"https:\/\/gedii.eu\/hu\/#website\",\"url\":\"https:\/\/gedii.eu\/hu\/\",\"name\":\"gedii.eu\",\"description\":\"\",\"potentialAction\":[{\"@type\":\"SearchAction\",\"target\":{\"@type\":\"EntryPoint\",\"urlTemplate\":\"https:\/\/gedii.eu\/hu\/?s={search_term_string}\"},\"query-input\":{\"@type\":\"PropertyValueSpecification\",\"valueRequired\":true,\"valueName\":\"search_term_string\"}}],\"inLanguage\":\"hu\"}]}<\/script>\n<!-- \/ Yoast SEO plugin. -->","yoast_head_json":{"title":"Moringa \u00e9s Berberin Tapasz \ud83d\udd90\ufe0f \u20ac14.99 | Berberin Tapasz V\u00e9lem\u00e9nyek","robots":{"index":"index","follow":"follow","max-snippet":"max-snippet:-1","max-image-preview":"max-image-preview:large","max-video-preview":"max-video-preview:-1"},"canonical":"https:\/\/gedii.eu\/hu\/produkt\/moringa-es-berberin-tapasz\/","og_locale":"hu_HU","og_type":"article","og_title":"Moringa \u00e9s Berberin Tapasz \ud83d\udd90\ufe0f \u20ac14.99 | Berberin Tapasz V\u00e9lem\u00e9nyek","og_description":"Moringa \u00e9s Berberin Tapasz: \u00c1tfog\u00f3 V\u00e9lem\u00e9nyek \u00e9s \u00c9rt\u00e9kel\u00e9s A Moringa \u00e9s a Berberin megismer\u00e9se A Moringa-t gyakran \u201eCsodaf\u00e1nak\u201d nevezik, \u00e9s t\u00e1panyaggazdags\u00e1ga, valamint potenci\u00e1lis eg\u00e9szs\u00e9g\u00fcgyi el\u0151nyei miatt ismert. Az afrikai \u00e9s \u00e1zsiai eredet\u0171 Moringa fa levelei vitaminokban, \u00e1sv\u00e1nyi anyagokban \u00e9s antioxid\u00e1nsokban gazdagok. A berberin ezzel szemben egy bioakt\u00edv vegy\u00fclet, amelyet k\u00fcl\u00f6nb\u00f6z\u0151 n\u00f6v\u00e9nyekb\u0151l, k\u00f6zt\u00fck az aranygy\u00f6k\u00e9rb\u0151l \u00e9s ... Olvass tov\u00e1bb","og_url":"https:\/\/gedii.eu\/hu\/produkt\/moringa-es-berberin-tapasz\/","og_site_name":"gedii.eu","article_modified_time":"2026-02-15T13:01:13+00:00","og_image":[{"width":1106,"height":1106,"url":"https:\/\/gedii.eu\/wp-content\/uploads\/2026\/01\/Moringa-x-Berberine.jpg","type":"image\/jpeg"}],"twitter_card":"summary_large_image","twitter_misc":{"Becs\u00fclt olvas\u00e1si id\u0151":"7 perc"},"schema":{"@context":"https:\/\/schema.org","@graph":[{"@type":"WebPage","@id":"https:\/\/gedii.eu\/hu\/produkt\/moringa-es-berberin-tapasz\/","url":"https:\/\/gedii.eu\/hu\/produkt\/moringa-es-berberin-tapasz\/","name":"Moringa \u00e9s Berberin Tapasz \ud83d\udd90\ufe0f \u20ac14.99 | Berberin Tapasz V\u00e9lem\u00e9nyek","isPartOf":{"@id":"https:\/\/gedii.eu\/hu\/#website"},"primaryImageOfPage":{"@id":"https:\/\/gedii.eu\/hu\/produkt\/moringa-es-berberin-tapasz\/#primaryimage"},"image":{"@id":"https:\/\/gedii.eu\/hu\/produkt\/moringa-es-berberin-tapasz\/#primaryimage"},"thumbnailUrl":"https:\/\/gedii.eu\/wp-content\/uploads\/2026\/01\/Moringa-x-Berberine.jpg","datePublished":"2026-01-17T08:43:11+00:00","dateModified":"2026-02-15T13:01:13+00:00","breadcrumb":{"@id":"https:\/\/gedii.eu\/hu\/produkt\/moringa-es-berberin-tapasz\/#breadcrumb"},"inLanguage":"hu","potentialAction":[{"@type":"ReadAction","target":["https:\/\/gedii.eu\/hu\/produkt\/moringa-es-berberin-tapasz\/"]}]},{"@type":"ImageObject","inLanguage":"hu","@id":"https:\/\/gedii.eu\/hu\/produkt\/moringa-es-berberin-tapasz\/#primaryimage","url":"https:\/\/gedii.eu\/wp-content\/uploads\/2026\/01\/Moringa-x-Berberine.jpg","contentUrl":"https:\/\/gedii.eu\/wp-content\/uploads\/2026\/01\/Moringa-x-Berberine.jpg","width":1106,"height":1106},{"@type":"BreadcrumbList","@id":"https:\/\/gedii.eu\/hu\/produkt\/moringa-es-berberin-tapasz\/#breadcrumb","itemListElement":[{"@type":"ListItem","position":1,"name":"Startseite","item":"https:\/\/gedii.eu\/hu\/"},{"@type":"ListItem","position":2,"name":"Shop","item":"https:\/\/gedii.eu\/shop\/"},{"@type":"ListItem","position":3,"name":"Moringa \u00e9s Berberin Tapasz"}]},{"@type":"WebSite","@id":"https:\/\/gedii.eu\/hu\/#website","url":"https:\/\/gedii.eu\/hu\/","name":"gedii.eu","description":"","potentialAction":[{"@type":"SearchAction","target":{"@type":"EntryPoint","urlTemplate":"https:\/\/gedii.eu\/hu\/?s={search_term_string}"},"query-input":{"@type":"PropertyValueSpecification","valueRequired":true,"valueName":"search_term_string"}}],"inLanguage":"hu"}]}},"_links":{"self":[{"href":"https:\/\/gedii.eu\/hu\/wp-json\/wp\/v2\/product\/588","targetHints":{"allow":["GET"]}}],"collection":[{"href":"https:\/\/gedii.eu\/hu\/wp-json\/wp\/v2\/product"}],"about":[{"href":"https:\/\/gedii.eu\/hu\/wp-json\/wp\/v2\/types\/product"}],"replies":[{"embeddable":true,"href":"https:\/\/gedii.eu\/hu\/wp-json\/wp\/v2\/comments?post=588"}],"wp:featuredmedia":[{"embeddable":true,"href":"https:\/\/gedii.eu\/hu\/wp-json\/wp\/v2\/media\/389"}],"wp:attachment":[{"href":"https:\/\/gedii.eu\/hu\/wp-json\/wp\/v2\/media?parent=588"}],"wp:term":[{"taxonomy":"product_brand","embeddable":true,"href":"https:\/\/gedii.eu\/hu\/wp-json\/wp\/v2\/product_brand?post=588"},{"taxonomy":"product_cat","embeddable":true,"href":"https:\/\/gedii.eu\/hu\/wp-json\/wp\/v2\/product_cat?post=588"},{"taxonomy":"product_tag","embeddable":true,"href":"https:\/\/gedii.eu\/hu\/wp-json\/wp\/v2\/product_tag?post=588"}],"curies":[{"name":"wp","href":"https:\/\/api.w.org\/{rel}","templated":true}]}}