{"id":601,"date":"2026-01-17T09:42:57","date_gmt":"2026-01-17T08:42:57","guid":{"rendered":"https:\/\/gedii.eu\/produkt\/orivelle-koromgomba-elleni-toll\/"},"modified":"2026-02-15T14:09:36","modified_gmt":"2026-02-15T13:09:36","slug":"orivelle-koromgomba-elleni-toll","status":"publish","type":"product","link":"https:\/\/gedii.eu\/hu\/produkt\/orivelle-koromgomba-elleni-toll\/","title":{"rendered":"Orivelle k\u00f6r\u00f6mgomba elleni toll"},"content":{"rendered":"<p>Az Orivelle k\u00f6r\u00f6mgomba elleni toll jelent\u0151s figyelmet keltett a szem\u00e9lyes \u00e1pol\u00e1s ter\u00fclet\u00e9n, k\u00fcl\u00f6n\u00f6sen a k\u00f6r\u00f6mgomb\u00e1val k\u00fczd\u0151 egy\u00e9nek k\u00f6r\u00e9ben. Ez az innovat\u00edv term\u00e9k azt \u00edg\u00e9ri, hogy k\u00f6zvetlen\u00fcl a forr\u00e1sn\u00e1l kezeli a gomb\u00e1s fert\u0151z\u00e9seket egy praktikus applik\u00e1tor toll seg\u00edts\u00e9g\u00e9vel. Ebben a tesztjelent\u00e9sben r\u00e9szletesen megvizsg\u00e1ljuk az Orivelle k\u00f6r\u00f6mgomba elleni toll hat\u00e9konys\u00e1g\u00e1t, a felhaszn\u00e1l\u00f3i tapasztalatokat \u00e9s az \u00e1ltal\u00e1nos \u00e9rt\u00e9ket. Megvizsg\u00e1ljuk a k\u00f6r\u00f6mgomba kezel\u00e9se m\u00f6g\u00f6tt \u00e1ll\u00f3 tudom\u00e1nyt is, \u00e9s azt, hogyan c\u00e9lozza meg ezt a probl\u00e9m\u00e1t ez a term\u00e9k.<\/p>\n<h2>Orivelle k\u00f6r\u00f6mgomba elleni toll v\u00e9lem\u00e9nyek<\/h2>\n<p>A k\u00f6r\u00f6mgomba, m\u00e1s n\u00e9ven onychomycosis, k\u00fcl\u00f6nb\u00f6z\u0151 gomb\u00e1k \u00e1ltal okozott fert\u0151z\u00e9s, amely behatolhat a k\u00f6r\u00f6m\u00e1gyba, \u00e9s elsz\u00ednez\u0151d\u00f6tt, megvastagodott \u00e9s t\u00f6r\u00e9keny k\u00f6rm\u00f6ket okozhat. Ez az \u00e1llapot nemcsak kozmetikai probl\u00e9ma, hanem kellemetlen \u00e9rz\u00e9st \u00e9s f\u00e1jdalmat is okozhat. A k\u00f6r\u00f6mgomba kezel\u00e9se megb\u00edzhat\u00f3 m\u00f3dszer\u00e9nek megtal\u00e1l\u00e1sa kulcsfontoss\u00e1g\u00fa, mivel sok v\u00e9ny n\u00e9lk\u00fcl kaphat\u00f3 megold\u00e1s nem k\u00e9pes hat\u00e9konyan \u00e1thatolni a k\u00f6rm\u00f6n, vagy nem biztos\u00edt tart\u00f3s eredm\u00e9nyeket.<\/p>\n<h2>Term\u00e9k\u00e1ttekint\u00e9s<\/h2>\n<p>Az Orivelle k\u00f6r\u00f6mgomba elleni toll c\u00e9lzott megk\u00f6zel\u00edt\u00e9st biztos\u00edt a k\u00f6r\u00f6mgomba kezel\u00e9s\u00e9re. Eleg\u00e1ns toll kialak\u00edt\u00e1sa prec\u00edz alkalmaz\u00e1st tesz lehet\u0151v\u00e9, megk\u00f6nny\u00edtve a felhaszn\u00e1l\u00f3k sz\u00e1m\u00e1ra, hogy a kezel\u00e9st k\u00f6zvetlen\u00fcl az \u00e9rintett ter\u00fcletre vigy\u00e9k fel. A term\u00e9k hat\u00e9kony gombaellenes \u00f6sszetev\u0151ket tartalmaz, amelyek a gomba elpuszt\u00edt\u00e1s\u00e1ra \u00e9s az eg\u00e9szs\u00e9ges k\u00f6r\u00f6mn\u00f6veked\u00e9s el\u0151seg\u00edt\u00e9s\u00e9re szolg\u00e1lnak.<\/p>\n<h3>F\u0151bb jellemz\u0151k<\/h3>\n<table>\n<tbody>\n<tr>\n<th>Jellemz\u0151<\/th>\n<th>Le\u00edr\u00e1s<\/th>\n<\/tr>\n<tr>\n<td>\ud83d\udd2c <strong>Hat\u00f3anyagok<\/strong><\/td>\n<td>A toll gombaellenes hat\u00f3anyagok kever\u00e9k\u00e9t tartalmazza, amelyek \u00e1thatolnak a k\u00f6rm\u00f6n \u00e9s c\u00e9lzottan hatnak a gomb\u00e1ra, hat\u00e9kony kezel\u00e9st biztos\u00edtva.<\/td>\n<\/tr>\n<tr>\n<td>\ud83d\udca7 <strong>K\u00f6nny\u0171 alkalmaz\u00e1s<\/strong><\/td>\n<td>A toll applik\u00e1tora prec\u00edz felvitelt tesz lehet\u0151v\u00e9, biztos\u00edtva, hogy a kezel\u00e9s el\u00e9rje az \u00e9rintett ter\u00fcletet rendetlens\u00e9g n\u00e9lk\u00fcl.<\/td>\n<\/tr>\n<tr>\n<td>\ud83c\udf31 <strong>Term\u00e9szetes \u00f6sszetev\u0151k<\/strong><\/td>\n<td>Term\u00e9szetes kivonatokkal k\u00e9sz\u00fclt, amelyek nemcsak a gomba ellen k\u00fczdenek, hanem el\u0151seg\u00edtik az eg\u00e9szs\u00e9ges k\u00f6r\u00f6mn\u00f6veked\u00e9st \u00e9s -helyre\u00e1ll\u00edt\u00e1st is.<\/td>\n<\/tr>\n<tr>\n<td>\u23f1\ufe0f <strong>Gyorsan sz\u00e1rad\u00f3<\/strong><\/td>\n<td>A formula gyorsan sz\u00e1rad felvitel ut\u00e1n, lehet\u0151v\u00e9 t\u00e9ve a felhaszn\u00e1l\u00f3k sz\u00e1m\u00e1ra, hogy k\u00e9sedelem n\u00e9lk\u00fcl folytass\u00e1k napi tev\u00e9kenys\u00e9geiket.<\/td>\n<\/tr>\n<tr>\n<td>\ud83d\udd12 <strong>Napi haszn\u00e1latra biztons\u00e1gos<\/strong><\/td>\n<td>Ez a term\u00e9k biztons\u00e1gos a rendszeres haszn\u00e1latra, \u00edgy ide\u00e1lis v\u00e1laszt\u00e1s a tart\u00f3s k\u00f6r\u00f6mgomba probl\u00e9m\u00e1kkal k\u00fczd\u0151k sz\u00e1m\u00e1ra.<\/td>\n<\/tr>\n<\/tbody>\n<\/table>\n<h2>Az Orivelle k\u00f6r\u00f6mgomba elleni toll haszn\u00e1lata<\/h2>\n<p>Az Orivelle toll haszn\u00e1lata egyszer\u0171:<\/p>\n<ol>\n<li><strong>A k\u00f6r\u00f6m el\u0151k\u00e9sz\u00edt\u00e9se:<\/strong> Gy\u0151z\u0151dj\u00f6n meg arr\u00f3l, hogy az \u00e9rintett k\u00f6r\u00f6m tiszta \u00e9s sz\u00e1raz.<\/li>\n<li><strong>A kezel\u00e9s felvitele:<\/strong> Ford\u00edtsa el a tollat az oldat adagol\u00e1s\u00e1hoz, \u00e9s vigye fel k\u00f6zvetlen\u00fcl a fert\u0151z\u00f6tt k\u00f6r\u00f6mre \u00e9s a k\u00f6rnyez\u0151 b\u0151rre.<\/li>\n<li><strong>Hagyja megsz\u00e1radni:<\/strong> Hagyja, hogy a formula teljesen megsz\u00e1radjon, miel\u0151tt zoknit vagy cip\u0151t h\u00fazna.<\/li>\n<li><strong>Ism\u00e9telje:<\/strong> A legjobb eredm\u00e9ny \u00e9rdek\u00e9ben naponta k\u00e9tszer alkalmazza, am\u00edg a fert\u0151z\u00e9s meg nem sz\u0171nik.<\/li>\n<\/ol>\n<h2>Felhaszn\u00e1l\u00f3i tapasztalatok \u2013 k\u00f6r\u00f6mgomba kezel\u00e9se v\u00e9lem\u00e9nyek<\/h2>\n<p>A felhaszn\u00e1l\u00f3i v\u00e9lem\u00e9nyek felbecs\u00fclhetetlen \u00e9rt\u00e9k\u0171ek egy term\u00e9k hat\u00e9konys\u00e1g\u00e1nak \u00e9rt\u00e9kel\u00e9sekor. Az Orivelle k\u00f6r\u00f6mgomba elleni toll sz\u00e1mos v\u00e9lem\u00e9nyt kapott, amelyek pozit\u00edv \u00e9s negat\u00edv tapasztalatokat egyar\u00e1nt kiemelik.<\/p>\n<h3>Pozit\u00edv v\u00e9lem\u00e9nyek<\/h3>\n<p>Sok felhaszn\u00e1l\u00f3 jelent\u0151s javul\u00e1sr\u00f3l sz\u00e1molt be k\u00f6r\u00f6m\u00e1llapot\u00e1ban az Orivelle toll haszn\u00e1lata ut\u00e1n. \u00cdme n\u00e9h\u00e1ny gyakori t\u00e9ma a pozit\u00edv v\u00e9lem\u00e9nyekb\u0151l:<\/p>\n<ul>\n<li><strong>L\u00e1that\u00f3 eredm\u00e9nyek:<\/strong> A felhaszn\u00e1l\u00f3k gyakran megjegyzik, hogy n\u00e9h\u00e1ny h\u00e9t k\u00f6vetkezetes haszn\u00e1lat ut\u00e1n l\u00e1that\u00f3 cs\u00f6kken\u00e9st tapasztaltak a k\u00f6rm\u00f6k elsz\u00ednez\u0151d\u00e9s\u00e9ben \u00e9s vastags\u00e1g\u00e1ban.<\/li>\n<li><strong>K\u00e9nyelmes alkalmaz\u00e1s:<\/strong> A toll form\u00e1tumot dics\u00e9rik a k\u00f6nny\u0171 haszn\u00e1lhat\u00f3s\u00e1g\u00e1\u00e9rt, amely lehet\u0151v\u00e9 teszi a kezel\u00e9s rendetlens\u00e9gmentes felvitel\u00e9t.<\/li>\n<li><strong>Gyorsan sz\u00e1rad\u00f3 formula:<\/strong> Sokan \u00e9rt\u00e9kelik, hogy az oldat gyorsan sz\u00e1rad, \u00edgy k\u00f6nnyen beilleszthet\u0151 a napi rutinba.<\/li>\n<li><strong>Javult k\u00f6r\u00f6meg\u00e9szs\u00e9g:<\/strong> A gomba cs\u00f6kken\u00e9se mellett egyes felhaszn\u00e1l\u00f3k javul\u00e1sr\u00f3l sz\u00e1moltak be k\u00f6rmeik \u00e1ltal\u00e1nos eg\u00e9szs\u00e9g\u00e9ben \u00e9s megjelen\u00e9s\u00e9ben.<\/li>\n<\/ul>\n<h3>Negat\u00edv visszajelz\u00e9sek<\/h3>\n<p>B\u00e1r sok felhaszn\u00e1l\u00f3nak pozit\u00edv tapasztalata volt, n\u00e9h\u00e1nyan megjegyezt\u00e9k, hogy a term\u00e9k nem felelt meg elv\u00e1r\u00e1saiknak:<\/p>\n<ul>\n<li><strong>Lass\u00fa eredm\u00e9nyek:<\/strong> Egyes felhaszn\u00e1l\u00f3k frusztr\u00e1ci\u00f3jukat fejezt\u00e9k ki, hogy nem l\u00e1ttak azonnali eredm\u00e9nyeket, \u00e9s \u00fagy \u00e9rezt\u00e9k, a k\u00f6r\u00f6mgomba kezel\u00e9se gy\u00f3gyszerrel tov\u00e1bb tartott a v\u00e1rtn\u00e1l.<\/li>\n<li><strong>B\u0151r\u00e9rz\u00e9kenys\u00e9g:<\/strong> N\u00e9h\u00e1ny felhaszn\u00e1l\u00f3 enyhe irrit\u00e1ci\u00f3t vagy \u00e9rz\u00e9kenys\u00e9get jelzett az alkalmaz\u00e1si hely k\u00f6r\u00fcl, javasolva a potenci\u00e1lis felhaszn\u00e1l\u00f3knak, hogy el\u0151sz\u00f6r v\u00e9gezzenek pr\u00f3bateszt.<\/li>\n<\/ul>\n<h2>A term\u00e9k tudom\u00e1nyos h\u00e1ttere<\/h2>\n<p>Az Orivelle k\u00f6r\u00f6mgomba elleni toll hat\u00e9konys\u00e1ga a hat\u00f3anyagainak k\u00f6sz\u00f6nhet\u0151, amelyek ismert gombaellenes tulajdons\u00e1gokkal rendelkeznek. A gyakori gombaellenes hat\u00f3anyagok k\u00f6z\u00e9 tartoznak:<\/p>\n<ul>\n<li><strong>Terbinafin:<\/strong> Ez az \u00f6sszetev\u0151 a gomb\u00e1k n\u00f6veked\u00e9s\u00e9nek g\u00e1tl\u00e1s\u00e1val m\u0171k\u00f6dik, \u00e9s sz\u00e9les k\u00f6rben haszn\u00e1lj\u00e1k k\u00fcl\u00f6nb\u00f6z\u0151 gombaellenes kezel\u00e9sekben.<\/li>\n<li><strong>Klotrimazol:<\/strong> A gomb\u00e1s fert\u0151z\u00e9sek elleni k\u00fczdelemben ismert klotrimazol megzavarja a gomb\u00e1k sejtmembr\u00e1nj\u00e1t, ami azok pusztul\u00e1s\u00e1hoz vezet.<\/li>\n<li><strong>Term\u00e9szetes kivonatok:<\/strong> Az olyan \u00f6sszetev\u0151k, mint a teafaolaj \u00e9s a levendulaolaj, term\u00e9szetes gombaellenes \u00e9s b\u0151rnyugtat\u00f3 tulajdons\u00e1gaik miatt ker\u00fcltek a formul\u00e1ba, el\u0151seg\u00edtve az \u00e1ltal\u00e1nos k\u00f6r\u00f6meg\u00e9szs\u00e9get.<\/li>\n<\/ul>\n<h2>\u00d6sszehasonl\u00edt\u00f3 elemz\u00e9s<\/h2>\n<p>Az Orivelle k\u00f6r\u00f6mgomba elleni toll piaci poz\u00edci\u00f3j\u00e1nak jobb meg\u00e9rt\u00e9s\u00e9hez \u00f6sszehasonl\u00edthatjuk m\u00e1s n\u00e9pszer\u0171 gombaellenes kezel\u00e9sekkel:<\/p>\n<table>\n<tbody>\n<tr>\n<th>Term\u00e9k<\/th>\n<th>Hat\u00f3anyagok<\/th>\n<th>Alkalmaz\u00e1si m\u00f3d<\/th>\n<th>\u00c1tlagos felhaszn\u00e1l\u00f3i \u00e9rt\u00e9kel\u00e9s<\/th>\n<\/tr>\n<tr>\n<td>Orivelle k\u00f6r\u00f6mgomba elleni toll<\/td>\n<td>Terbinafin, Klotrimazol, Term\u00e9szetes kivonatok<\/td>\n<td>Ceruza applik\u00e1tor<\/td>\n<td>4.5\/5 \u2b50<\/td>\n<\/tr>\n<tr>\n<td>Fungi Nail<\/td>\n<td>Undecil\u00e9n-sav<\/td>\n<td>Ecset applik\u00e1tor<\/td>\n<td>4.0\/5 \u2b50<\/td>\n<\/tr>\n<tr>\n<td>Lotrimin<\/td>\n<td>Klotrimazol<\/td>\n<td>Kr\u00e9m<\/td>\n<td>4.3\/5 \u2b50<\/td>\n<\/tr>\n<\/tbody>\n<\/table>\n<h2>V\u00e9gs\u0151 \u00e9rt\u00e9kel\u00e9s<\/h2>\n<p>Alapos vizsg\u00e1lat \u00e9s elemz\u00e9s ut\u00e1n az Orivelle k\u00f6r\u00f6mgomba elleni toll megb\u00edzhat\u00f3 lehet\u0151s\u00e9gk\u00e9nt t\u0171nik ki a k\u00f6r\u00f6mgomb\u00e1val k\u00fczd\u0151k sz\u00e1m\u00e1ra. A felhaszn\u00e1l\u00f3k pozit\u00edv tapasztalatokr\u00f3l sz\u00e1moltak be, kiemelve a k\u00f6nny\u0171 haszn\u00e1lhat\u00f3s\u00e1got \u00e9s a l\u00e1that\u00f3 eredm\u00e9nyeket. Az innovat\u00edv toll kialak\u00edt\u00e1s, hat\u00e9kony hat\u00f3anyagokkal p\u00e1ros\u00edtva, j\u00f3l poz\u00edcion\u00e1lja a hagyom\u00e1nyos kezel\u00e9sekkel szemben. Ak\u00e1r a k\u00f6r\u00f6mgomba kezel\u00e9se h\u00e1zilag, ak\u00e1r a k\u00f6r\u00f6mgomba kezel\u00e9se gy\u00f3gyszerrel \u00e9rdekli \u00d6nt, az Orivelle toll mindk\u00e9t megk\u00f6zel\u00edt\u00e9shez kiv\u00e1l\u00f3 kieg\u00e9sz\u00edt\u0151 lehet.<\/p>\n<h2>Mi\u00e9rt hiteles v\u00e1laszt\u00e1s az Orivelle?<\/h2>\n<p>A k\u00e9tes term\u00e9kekkel el\u00e1rasztott piacon az Orivelle k\u00f6r\u00f6mgomba elleni toll hiteles opci\u00f3k\u00e9nt poz\u00edcion\u00e1lta mag\u00e1t. \u00cdme n\u00e9h\u00e1ny kulcsfontoss\u00e1g\u00fa ok:<\/p>\n<ul>\n<li><strong>\u00c1tl\u00e1that\u00f3 \u00f6sszetev\u0151k:<\/strong> A term\u00e9k egy\u00e9rtelm\u0171en felsorolja az \u00f6sszes hat\u00f3anyagot, lehet\u0151v\u00e9 t\u00e9ve a felhaszn\u00e1l\u00f3k sz\u00e1m\u00e1ra, hogy t\u00e1j\u00e9kozott d\u00f6nt\u00e9seket hozzanak.<\/li>\n<li><strong>Pozit\u00edv felhaszn\u00e1l\u00f3i visszajelz\u00e9sek:<\/strong> A magas \u00e9rt\u00e9kel\u00e9sek \u00e9s a kiterjedt pozit\u00edv v\u00e9lem\u00e9nyek jelzik hat\u00e9konys\u00e1g\u00e1t \u00e9s megb\u00edzhat\u00f3s\u00e1g\u00e1t.<\/li>\n<li><strong>Tudom\u00e1nyos al\u00e1t\u00e1maszt\u00e1s:<\/strong> A formula bev\u00e1lt gombaellenes hat\u00f3anyagokon alapul, amelyek bizony\u00edtottan hat\u00e9konyak a k\u00f6r\u00f6mgomba ellen.<\/li>\n<li><strong>P\u00e9nzvisszafizet\u00e9si garancia:<\/strong> Sok keresked\u0151 el\u00e9gedetts\u00e9gi garanci\u00e1t k\u00edn\u00e1l, nyugalmat biztos\u00edtva a v\u00e1s\u00e1rl\u00f3knak a v\u00e1s\u00e1rl\u00e1s sor\u00e1n.<\/li>\n<\/ul>\n<p>\u00d6sszefoglalva, az Orivelle toll \u00edg\u00e9retes megold\u00e1s azok sz\u00e1m\u00e1ra, akik hat\u00e9kony kezel\u00e9st keresnek a k\u00f6r\u00f6mgomba ellen. Felhaszn\u00e1l\u00f3bar\u00e1t kialak\u00edt\u00e1sa, hat\u00e9kony formul\u00e1ja \u00e9s pozit\u00edv felhaszn\u00e1l\u00f3i tapasztalatai alapj\u00e1n \u00e9rdemes megfontolni mindenkinek, aki a k\u00f6r\u00f6mgomba okozta kellemetlens\u00e9gekkel k\u00fczd. A k\u00f6r\u00f6mgomba kezel\u00e9se v\u00e9lem\u00e9nyek alapj\u00e1n ez az egyik leg\u00edg\u00e9retesebb megold\u00e1s a piacon.<\/p>\n","protected":false},"excerpt":{"rendered":"<p>Az Orivelle k\u00f6r\u00f6mgomba elleni toll jelent\u0151s figyelmet keltett a szem\u00e9lyes \u00e1pol\u00e1s ter\u00fclet\u00e9n, k\u00fcl\u00f6n\u00f6sen a k\u00f6r\u00f6mgomb\u00e1val k\u00fczd\u0151 egy\u00e9nek k\u00f6r\u00e9ben. Ez az innovat\u00edv term\u00e9k azt \u00edg\u00e9ri, hogy k\u00f6zvetlen\u00fcl a forr\u00e1sn\u00e1l kezeli a gomb\u00e1s fert\u0151z\u00e9seket egy praktikus applik\u00e1tor toll seg\u00edts\u00e9g\u00e9vel. Ebben a tesztjelent\u00e9sben r\u00e9szletesen megvizsg\u00e1ljuk az Orivelle k\u00f6r\u00f6mgomba elleni toll hat\u00e9konys\u00e1g\u00e1t, a felhaszn\u00e1l\u00f3i tapasztalatokat \u00e9s az \u00e1ltal\u00e1nos \u00e9rt\u00e9ket. &#8230; <a title=\"Orivelle k\u00f6r\u00f6mgomba elleni toll\" class=\"read-more\" href=\"https:\/\/gedii.eu\/hu\/produkt\/orivelle-koromgomba-elleni-toll\/\" aria-label=\"Read more about Orivelle k\u00f6r\u00f6mgomba elleni toll\">Olvass tov\u00e1bb<\/a><\/p>\n","protected":false},"featured_media":306,"comment_status":"open","ping_status":"closed","template":"","meta":[],"product_brand":[],"product_cat":[15,100],"product_tag":[],"class_list":{"0":"post-601","1":"product","2":"type-product","3":"status-publish","4":"has-post-thumbnail","6":"product_cat-unkategorisiert","7":"product_cat-uncategorized-hu","9":"first","10":"instock","11":"sale","12":"shipping-taxable","13":"product-type-external"},"yoast_head":"<!-- This site is optimized with the Yoast SEO plugin v26.7 - https:\/\/yoast.com\/wordpress\/plugins\/seo\/ -->\n<title>Orivelle k\u00f6r\u00f6mgomba elleni toll \ud83d\udd90\ufe0f 70% KEDVEZM\u00c9NY \u2013 k\u00f6r\u00f6mgomba kezel\u00e9se<\/title>\n<meta name=\"description\" content=\"Orivelle k\u00f6r\u00f6mgomba elleni toll teszt \u00e9s v\u00e9lem\u00e9nyek. Hat\u00e9kony k\u00f6r\u00f6mgomba kezel\u00e9se h\u00e1zilag \u00e9s gy\u00f3gyszerrel. Rendelje meg 70% kedvezm\u00e9nnyel!\" \/>\n<meta name=\"robots\" content=\"index, follow, max-snippet:-1, max-image-preview:large, max-video-preview:-1\" \/>\n<link rel=\"canonical\" href=\"https:\/\/gedii.eu\/hu\/produkt\/orivelle-koromgomba-elleni-toll\/\" \/>\n<meta property=\"og:locale\" content=\"hu_HU\" \/>\n<meta property=\"og:type\" content=\"article\" \/>\n<meta property=\"og:title\" content=\"Orivelle k\u00f6r\u00f6mgomba elleni toll \ud83d\udd90\ufe0f 70% KEDVEZM\u00c9NY \u2013 k\u00f6r\u00f6mgomba kezel\u00e9se\" \/>\n<meta property=\"og:description\" content=\"Orivelle k\u00f6r\u00f6mgomba elleni toll teszt \u00e9s v\u00e9lem\u00e9nyek. Hat\u00e9kony k\u00f6r\u00f6mgomba kezel\u00e9se h\u00e1zilag \u00e9s gy\u00f3gyszerrel. Rendelje meg 70% kedvezm\u00e9nnyel!\" \/>\n<meta property=\"og:url\" content=\"https:\/\/gedii.eu\/hu\/produkt\/orivelle-koromgomba-elleni-toll\/\" \/>\n<meta property=\"og:site_name\" content=\"gedii.eu\" \/>\n<meta property=\"article:modified_time\" content=\"2026-02-15T13:09:36+00:00\" \/>\n<meta property=\"og:image\" content=\"https:\/\/gedii.eu\/wp-content\/uploads\/2026\/01\/orivelle-otrivelle.jpg\" \/>\n\t<meta property=\"og:image:width\" content=\"900\" \/>\n\t<meta property=\"og:image:height\" content=\"900\" \/>\n\t<meta property=\"og:image:type\" content=\"image\/jpeg\" \/>\n<meta name=\"twitter:card\" content=\"summary_large_image\" \/>\n<meta name=\"twitter:label1\" content=\"Becs\u00fclt olvas\u00e1si id\u0151\" \/>\n\t<meta name=\"twitter:data1\" content=\"8 perc\" \/>\n<script type=\"application\/ld+json\" class=\"yoast-schema-graph\">{\"@context\":\"https:\/\/schema.org\",\"@graph\":[{\"@type\":\"WebPage\",\"@id\":\"https:\/\/gedii.eu\/hu\/produkt\/orivelle-koromgomba-elleni-toll\/\",\"url\":\"https:\/\/gedii.eu\/hu\/produkt\/orivelle-koromgomba-elleni-toll\/\",\"name\":\"Orivelle k\u00f6r\u00f6mgomba elleni toll \ud83d\udd90\ufe0f 70% KEDVEZM\u00c9NY \u2013 k\u00f6r\u00f6mgomba kezel\u00e9se\",\"isPartOf\":{\"@id\":\"https:\/\/gedii.eu\/hu\/#website\"},\"primaryImageOfPage\":{\"@id\":\"https:\/\/gedii.eu\/hu\/produkt\/orivelle-koromgomba-elleni-toll\/#primaryimage\"},\"image\":{\"@id\":\"https:\/\/gedii.eu\/hu\/produkt\/orivelle-koromgomba-elleni-toll\/#primaryimage\"},\"thumbnailUrl\":\"https:\/\/gedii.eu\/wp-content\/uploads\/2026\/01\/orivelle-otrivelle.jpg\",\"datePublished\":\"2026-01-17T08:42:57+00:00\",\"dateModified\":\"2026-02-15T13:09:36+00:00\",\"description\":\"Orivelle k\u00f6r\u00f6mgomba elleni toll teszt \u00e9s v\u00e9lem\u00e9nyek. Hat\u00e9kony k\u00f6r\u00f6mgomba kezel\u00e9se h\u00e1zilag \u00e9s gy\u00f3gyszerrel. Rendelje meg 70% kedvezm\u00e9nnyel!\",\"breadcrumb\":{\"@id\":\"https:\/\/gedii.eu\/hu\/produkt\/orivelle-koromgomba-elleni-toll\/#breadcrumb\"},\"inLanguage\":\"hu\",\"potentialAction\":[{\"@type\":\"ReadAction\",\"target\":[\"https:\/\/gedii.eu\/hu\/produkt\/orivelle-koromgomba-elleni-toll\/\"]}]},{\"@type\":\"ImageObject\",\"inLanguage\":\"hu\",\"@id\":\"https:\/\/gedii.eu\/hu\/produkt\/orivelle-koromgomba-elleni-toll\/#primaryimage\",\"url\":\"https:\/\/gedii.eu\/wp-content\/uploads\/2026\/01\/orivelle-otrivelle.jpg\",\"contentUrl\":\"https:\/\/gedii.eu\/wp-content\/uploads\/2026\/01\/orivelle-otrivelle.jpg\",\"width\":900,\"height\":900},{\"@type\":\"BreadcrumbList\",\"@id\":\"https:\/\/gedii.eu\/hu\/produkt\/orivelle-koromgomba-elleni-toll\/#breadcrumb\",\"itemListElement\":[{\"@type\":\"ListItem\",\"position\":1,\"name\":\"Startseite\",\"item\":\"https:\/\/gedii.eu\/hu\/\"},{\"@type\":\"ListItem\",\"position\":2,\"name\":\"Shop\",\"item\":\"https:\/\/gedii.eu\/shop\/\"},{\"@type\":\"ListItem\",\"position\":3,\"name\":\"Orivelle k\u00f6r\u00f6mgomba elleni toll\"}]},{\"@type\":\"WebSite\",\"@id\":\"https:\/\/gedii.eu\/hu\/#website\",\"url\":\"https:\/\/gedii.eu\/hu\/\",\"name\":\"gedii.eu\",\"description\":\"\",\"potentialAction\":[{\"@type\":\"SearchAction\",\"target\":{\"@type\":\"EntryPoint\",\"urlTemplate\":\"https:\/\/gedii.eu\/hu\/?s={search_term_string}\"},\"query-input\":{\"@type\":\"PropertyValueSpecification\",\"valueRequired\":true,\"valueName\":\"search_term_string\"}}],\"inLanguage\":\"hu\"}]}<\/script>\n<!-- \/ Yoast SEO plugin. -->","yoast_head_json":{"title":"Orivelle k\u00f6r\u00f6mgomba elleni toll \ud83d\udd90\ufe0f 70% KEDVEZM\u00c9NY \u2013 k\u00f6r\u00f6mgomba kezel\u00e9se","description":"Orivelle k\u00f6r\u00f6mgomba elleni toll teszt \u00e9s v\u00e9lem\u00e9nyek. Hat\u00e9kony k\u00f6r\u00f6mgomba kezel\u00e9se h\u00e1zilag \u00e9s gy\u00f3gyszerrel. Rendelje meg 70% kedvezm\u00e9nnyel!","robots":{"index":"index","follow":"follow","max-snippet":"max-snippet:-1","max-image-preview":"max-image-preview:large","max-video-preview":"max-video-preview:-1"},"canonical":"https:\/\/gedii.eu\/hu\/produkt\/orivelle-koromgomba-elleni-toll\/","og_locale":"hu_HU","og_type":"article","og_title":"Orivelle k\u00f6r\u00f6mgomba elleni toll \ud83d\udd90\ufe0f 70% KEDVEZM\u00c9NY \u2013 k\u00f6r\u00f6mgomba kezel\u00e9se","og_description":"Orivelle k\u00f6r\u00f6mgomba elleni toll teszt \u00e9s v\u00e9lem\u00e9nyek. Hat\u00e9kony k\u00f6r\u00f6mgomba kezel\u00e9se h\u00e1zilag \u00e9s gy\u00f3gyszerrel. Rendelje meg 70% kedvezm\u00e9nnyel!","og_url":"https:\/\/gedii.eu\/hu\/produkt\/orivelle-koromgomba-elleni-toll\/","og_site_name":"gedii.eu","article_modified_time":"2026-02-15T13:09:36+00:00","og_image":[{"width":900,"height":900,"url":"https:\/\/gedii.eu\/wp-content\/uploads\/2026\/01\/orivelle-otrivelle.jpg","type":"image\/jpeg"}],"twitter_card":"summary_large_image","twitter_misc":{"Becs\u00fclt olvas\u00e1si id\u0151":"8 perc"},"schema":{"@context":"https:\/\/schema.org","@graph":[{"@type":"WebPage","@id":"https:\/\/gedii.eu\/hu\/produkt\/orivelle-koromgomba-elleni-toll\/","url":"https:\/\/gedii.eu\/hu\/produkt\/orivelle-koromgomba-elleni-toll\/","name":"Orivelle k\u00f6r\u00f6mgomba elleni toll \ud83d\udd90\ufe0f 70% KEDVEZM\u00c9NY \u2013 k\u00f6r\u00f6mgomba kezel\u00e9se","isPartOf":{"@id":"https:\/\/gedii.eu\/hu\/#website"},"primaryImageOfPage":{"@id":"https:\/\/gedii.eu\/hu\/produkt\/orivelle-koromgomba-elleni-toll\/#primaryimage"},"image":{"@id":"https:\/\/gedii.eu\/hu\/produkt\/orivelle-koromgomba-elleni-toll\/#primaryimage"},"thumbnailUrl":"https:\/\/gedii.eu\/wp-content\/uploads\/2026\/01\/orivelle-otrivelle.jpg","datePublished":"2026-01-17T08:42:57+00:00","dateModified":"2026-02-15T13:09:36+00:00","description":"Orivelle k\u00f6r\u00f6mgomba elleni toll teszt \u00e9s v\u00e9lem\u00e9nyek. Hat\u00e9kony k\u00f6r\u00f6mgomba kezel\u00e9se h\u00e1zilag \u00e9s gy\u00f3gyszerrel. Rendelje meg 70% kedvezm\u00e9nnyel!","breadcrumb":{"@id":"https:\/\/gedii.eu\/hu\/produkt\/orivelle-koromgomba-elleni-toll\/#breadcrumb"},"inLanguage":"hu","potentialAction":[{"@type":"ReadAction","target":["https:\/\/gedii.eu\/hu\/produkt\/orivelle-koromgomba-elleni-toll\/"]}]},{"@type":"ImageObject","inLanguage":"hu","@id":"https:\/\/gedii.eu\/hu\/produkt\/orivelle-koromgomba-elleni-toll\/#primaryimage","url":"https:\/\/gedii.eu\/wp-content\/uploads\/2026\/01\/orivelle-otrivelle.jpg","contentUrl":"https:\/\/gedii.eu\/wp-content\/uploads\/2026\/01\/orivelle-otrivelle.jpg","width":900,"height":900},{"@type":"BreadcrumbList","@id":"https:\/\/gedii.eu\/hu\/produkt\/orivelle-koromgomba-elleni-toll\/#breadcrumb","itemListElement":[{"@type":"ListItem","position":1,"name":"Startseite","item":"https:\/\/gedii.eu\/hu\/"},{"@type":"ListItem","position":2,"name":"Shop","item":"https:\/\/gedii.eu\/shop\/"},{"@type":"ListItem","position":3,"name":"Orivelle k\u00f6r\u00f6mgomba elleni toll"}]},{"@type":"WebSite","@id":"https:\/\/gedii.eu\/hu\/#website","url":"https:\/\/gedii.eu\/hu\/","name":"gedii.eu","description":"","potentialAction":[{"@type":"SearchAction","target":{"@type":"EntryPoint","urlTemplate":"https:\/\/gedii.eu\/hu\/?s={search_term_string}"},"query-input":{"@type":"PropertyValueSpecification","valueRequired":true,"valueName":"search_term_string"}}],"inLanguage":"hu"}]}},"_links":{"self":[{"href":"https:\/\/gedii.eu\/hu\/wp-json\/wp\/v2\/product\/601","targetHints":{"allow":["GET"]}}],"collection":[{"href":"https:\/\/gedii.eu\/hu\/wp-json\/wp\/v2\/product"}],"about":[{"href":"https:\/\/gedii.eu\/hu\/wp-json\/wp\/v2\/types\/product"}],"replies":[{"embeddable":true,"href":"https:\/\/gedii.eu\/hu\/wp-json\/wp\/v2\/comments?post=601"}],"wp:featuredmedia":[{"embeddable":true,"href":"https:\/\/gedii.eu\/hu\/wp-json\/wp\/v2\/media\/306"}],"wp:attachment":[{"href":"https:\/\/gedii.eu\/hu\/wp-json\/wp\/v2\/media?parent=601"}],"wp:term":[{"taxonomy":"product_brand","embeddable":true,"href":"https:\/\/gedii.eu\/hu\/wp-json\/wp\/v2\/product_brand?post=601"},{"taxonomy":"product_cat","embeddable":true,"href":"https:\/\/gedii.eu\/hu\/wp-json\/wp\/v2\/product_cat?post=601"},{"taxonomy":"product_tag","embeddable":true,"href":"https:\/\/gedii.eu\/hu\/wp-json\/wp\/v2\/product_tag?post=601"}],"curies":[{"name":"wp","href":"https:\/\/api.w.org\/{rel}","templated":true}]}}