{"id":622,"date":"2026-01-17T09:42:57","date_gmt":"2026-01-17T08:42:57","guid":{"rendered":"https:\/\/gedii.eu\/produkt\/wellnee-terdszorito-terdortezis\/"},"modified":"2026-02-15T14:30:47","modified_gmt":"2026-02-15T13:30:47","slug":"wellnee-terdszorito-terdortezis","status":"publish","type":"product","link":"https:\/\/gedii.eu\/hu\/produkt\/wellnee-terdszorito-terdortezis\/","title":{"rendered":"Wellnee T\u00e9rdszor\u00edt\u00f3 (T\u00e9rdort\u00e9zis)"},"content":{"rendered":"<h2>A Wellnee T\u00e9rdszor\u00edt\u00f3 Bemutat\u00e1sa<\/h2>\n<p>A Wellnee t\u00e9rdszor\u00edt\u00f3 jelent\u0151s hull\u00e1mokat keltett az eg\u00e9szs\u00e9g \u00e9s wellness k\u00f6z\u00f6ss\u00e9gben, k\u00fcl\u00f6n\u00f6sen azon szem\u00e9lyek k\u00f6r\u00e9ben, akik t\u00e9rdszor\u00edt\u00f3t vagy t\u00e9rdort\u00e9zist keresnek a t\u00e9rdf\u00e1jdalom enyh\u00edt\u00e9s\u00e9re, vagy s\u00e9r\u00fcl\u00e9sb\u0151l val\u00f3 fel\u00e9p\u00fcl\u00e9shez. Ez a t\u00e9rdv\u00e9d\u0151 t\u00e1mogat\u00e1st, stabilit\u00e1st \u00e9s k\u00e9nyelmet \u00edg\u00e9r \u2013 de mennyire teljes\u00edt val\u00f3j\u00e1ban? Ebben az \u00e1tfog\u00f3 \u00e9rt\u00e9kel\u00e9sben megvizsg\u00e1ljuk a Wellnee Knee Brace jellemz\u0151it, el\u0151nyeit, felhaszn\u00e1l\u00f3i tapasztalatait \u00e9s \u00e1ltal\u00e1nos hat\u00e9konys\u00e1g\u00e1t.<\/p>\n<h2>A Wellnee T\u00e9rdszor\u00edt\u00f3 F\u0151bb Jellemz\u0151i<\/h2>\n<p>A Wellnee t\u00e9rdort\u00e9zis sz\u00e1mos ig\u00e9nyt kiel\u00e9g\u00edt, a sportteljes\u00edtm\u00e9nyt\u0151l a rehabilit\u00e1ci\u00f3ig. \u00cdme n\u00e9h\u00e1ny kiemelked\u0151 jellemz\u0151je:<\/p>\n<ul>\n<li><strong>\u00c1ll\u00edthat\u00f3 Illeszked\u00e9s:<\/strong> A t\u00e9rdszor\u00edt\u00f3 \u00e1ll\u00edthat\u00f3 p\u00e1ntokkal rendelkezik, amelyek szem\u00e9lyre szabott illeszked\u00e9st biztos\u00edtanak, maxim\u00e1lis t\u00e1mogat\u00e1st ny\u00fajtva k\u00fcl\u00f6nb\u00f6z\u0151 testalkatokhoz.<\/li>\n<li><strong>L\u00e9g\u00e1tereszt\u0151 Anyag:<\/strong> Kiv\u00e1l\u00f3 min\u0151s\u00e9g\u0171, l\u00e9g\u00e1tereszt\u0151 sz\u00f6vetb\u0151l k\u00e9sz\u00fclt, amely biztos\u00edtja a k\u00e9nyelmet hosszabb visel\u00e9s sor\u00e1n is.<\/li>\n<li><strong>Fokozott Stabilit\u00e1s:<\/strong> A t\u00e9rdv\u00e9d\u0151 stabiliz\u00e1l\u00f3 elemeket tartalmaz, amelyek extra t\u00e1mogat\u00e1st ny\u00fajtanak a t\u00e9rd\u00edz\u00fcletnek, cs\u00f6kkentve a s\u00e9r\u00fcl\u00e9sek kock\u00e1zat\u00e1t.<\/li>\n<li><strong>K\u00f6nny\u0171 Kialak\u00edt\u00e1s:<\/strong> Robusztus fel\u00e9p\u00edt\u00e9se ellen\u00e9re a t\u00e9rdort\u00e9zis k\u00f6nny\u0171, \u00edgy ide\u00e1lis a mindennapi haszn\u00e1lathoz \u00e9s sporttev\u00e9kenys\u00e9gekhez.<\/li>\n<\/ul>\n<h2>El\u0151ny\u00f6k \u00e9s Haszon<\/h2>\n<table>\n<thead>\n<tr>\n<th>El\u0151ny\u00f6k<\/th>\n<th>Le\u00edr\u00e1s<\/th>\n<\/tr>\n<\/thead>\n<tbody>\n<tr>\n<td>\ud83e\uddb5 <strong>Jav\u00edtott Mobilit\u00e1s<\/strong><\/td>\n<td>A Wellnee t\u00e9rdszor\u00edt\u00f3 nagyobb mozg\u00e1sszabads\u00e1got biztos\u00edt, mik\u00f6zben a sz\u00fcks\u00e9ges t\u00e1mogat\u00e1st ny\u00fajtja. A felhaszn\u00e1l\u00f3k arr\u00f3l sz\u00e1moltak be, hogy fizikai tev\u00e9kenys\u00e9geket \u2013 p\u00e9ld\u00e1ul s\u00e9t\u00e1t, fut\u00e1st, s\u0151t sportol\u00e1st \u2013 is v\u00e9gezhetnek k\u00e9nyelmetlens\u00e9g n\u00e9lk\u00fcl.<\/td>\n<\/tr>\n<tr>\n<td>\ud83c\udf2c\ufe0f <strong>K\u00e9nyelmes Visel\u00e9s<\/strong><\/td>\n<td>A l\u00e9g\u00e1tereszt\u0151 anyagoknak k\u00f6sz\u00f6nhet\u0151en a t\u00e9rdv\u00e9d\u0151 hossz\u00fa ideig viselhet\u0151 irrit\u00e1ci\u00f3 vagy t\u00falmeleged\u00e9s n\u00e9lk\u00fcl, \u00edgy alkalmas mindennapi visel\u00e9sre \u00e9s fizikai aktivit\u00e1shoz egyar\u00e1nt.<\/td>\n<\/tr>\n<tr>\n<td>\ud83d\udd27 <strong>Testreszabhat\u00f3 T\u00e1mogat\u00e1s<\/strong><\/td>\n<td>Az \u00e1ll\u00edthat\u00f3 p\u00e1ntok lehet\u0151v\u00e9 teszik a kompresszi\u00f3 \u00e9s t\u00e1mogat\u00e1s szintj\u00e9nek m\u00f3dos\u00edt\u00e1s\u00e1t az egy\u00e9ni ig\u00e9nyeknek \u00e9s preferenci\u00e1knak megfelel\u0151en, ami kulcsfontoss\u00e1g\u00fa a s\u00e9r\u00fcl\u00e9s ut\u00e1ni rehabilit\u00e1ci\u00f3 sor\u00e1n.<\/td>\n<\/tr>\n<tr>\n<td>\ud83c\udfcb\ufe0f <strong>Sokoldal\u00fas\u00e1g<\/strong><\/td>\n<td>Ez a t\u00e9rdort\u00e9zis nemcsak a s\u00e9r\u00fcl\u00e9sb\u0151l fel\u00e9p\u00fcl\u0151knek hasznos, hanem a sportol\u00f3knak is, akik meg akarj\u00e1k el\u0151zni a t\u00e9rds\u00e9r\u00fcl\u00e9seket nagy ig\u00e9nybev\u00e9tel\u0171 tev\u00e9kenys\u00e9gek sor\u00e1n, \u00edgy sokoldal\u00fa kieg\u00e9sz\u00edt\u0151je b\u00e1rmely sportol\u00f3 felszerel\u00e9s\u00e9nek.<\/td>\n<\/tr>\n<\/tbody>\n<\/table>\n<h2>Felhaszn\u00e1l\u00f3i Tapasztalatok a Wellnee T\u00e9rdszor\u00edt\u00f3val<\/h2>\n<p>A Wellnee t\u00e9rdszor\u00edt\u00f3 val\u00f3di hat\u00e9konys\u00e1g\u00e1nak felm\u00e9r\u00e9s\u00e9hez \u00e1ttekintett\u00fck a felhaszn\u00e1l\u00f3i v\u00e9lem\u00e9nyeket \u00e9s aj\u00e1nl\u00e1sokat. A felhaszn\u00e1l\u00f3k k\u00f6z\u00f6tt az egyet\u00e9rt\u00e9s t\u00falnyom\u00f3r\u00e9szt pozit\u00edv volt, sokan a k\u00f6vetkez\u0151 tapasztalatokat emelt\u00e9k ki:<\/p>\n<h3>Pozit\u00edv \u00c9rt\u00e9kel\u00e9sek<\/h3>\n<p>Sok felhaszn\u00e1l\u00f3 dics\u00e9rte a Wellnee t\u00e9rdort\u00e9zist a f\u00e1jdalom enyh\u00edt\u00e9s\u00e9ben ny\u00fajtott hat\u00e9konys\u00e1g\u00e1\u00e9rt. Az egyik felhaszn\u00e1l\u00f3 kijelentette: \u201eMiut\u00e1n \u00e9vekig szenvedtem kr\u00f3nikus t\u00e9rdf\u00e1jdalomt\u00f3l, a Wellnee t\u00e9rdszor\u00edt\u00f3 igazi \u00e1tt\u00f6r\u00e9s volt sz\u00e1momra. Hosszabb t\u00e1vokat is tudok s\u00e9t\u00e1lni k\u00e9nyelmetlens\u00e9g n\u00e9lk\u00fcl.\u201d Ezt az \u00e9rz\u00e9st sz\u00e1mos m\u00e1s felhaszn\u00e1l\u00f3 is meger\u0151s\u00edtette, akik hasonl\u00f3 megk\u00f6nnyebb\u00fcl\u00e9st tapasztaltak.<\/p>\n<h3>K\u00e9nyelem a Tev\u00e9kenys\u00e9gek Sor\u00e1n<\/h3>\n<p>T\u00f6bb \u00e9rt\u00e9kel\u00e9s is kiemelte a t\u00e9rdv\u00e9d\u0151 k\u00e9nyelmi szintj\u00e9t. Sok felhaszn\u00e1l\u00f3 dics\u00e9ri a k\u00f6nny\u0171 \u00e9s l\u00e9g\u00e1tereszt\u0151 sz\u00f6vetet, mondv\u00e1n, hogy nem korl\u00e1tozza a mozg\u00e1st \u00e9s nem okoz t\u00falzott izzad\u00e1st, m\u00e9g intenz\u00edv edz\u00e9s k\u00f6zben sem. Az egyik \u00e9rt\u00e9kel\u0151 megosztotta: \u201eAz eg\u00e9sz edz\u00e9sem alatt viseltem, \u00e9s alig vettem \u00e9szre, hogy rajtam van. Semmi d\u00f6rzs\u00f6l\u00e9s vagy k\u00e9nyelmetlens\u00e9g!\u201d<\/p>\n<h3>\u00c1ll\u00edthat\u00f3s\u00e1g \u00e9s Illeszked\u00e9s<\/h3>\n<p>A t\u00e9rdszor\u00edt\u00f3 \u00e1ll\u00edthat\u00f3 jellege jelent\u0151s figyelmet kapott. A felhaszn\u00e1l\u00f3k \u00e9rt\u00e9kelik, hogy az illeszked\u00e9st ig\u00e9nyeiknek megfelel\u0151en testre szabhatj\u00e1k. Egy felhaszn\u00e1l\u00f3 megjegyezte: \u201eA p\u00e1ntok \u00e1ll\u00edthat\u00f3s\u00e1ga mindent megv\u00e1ltoztatott. Megtal\u00e1lom a t\u00f6k\u00e9letes t\u00e1mogat\u00e1si szintet, ak\u00e1r az edz\u0151teremben vagyok, ak\u00e1r csak int\u00e9zem a dolgaimat.\u201d<\/p>\n<h2>Hat\u00e9konys\u00e1gi Teszt<\/h2>\n<p>A Wellnee t\u00e9rdort\u00e9zis gyakorlati tesztj\u00e9ben k\u00fcl\u00f6nb\u00f6z\u0151 m\u00e9rt\u00e9k\u0171 t\u00e9rdpanaszokkal rendelkez\u0151 \u00f6nk\u00e9ntesek csoportj\u00e1t \u00e1ll\u00edtottuk \u00f6ssze. Minden r\u00e9sztvev\u0151 viselte a t\u00e9rdszor\u00edt\u00f3t fizikai tev\u00e9kenys\u00e9gek sorozata sor\u00e1n, bele\u00e9rtve a s\u00e9t\u00e1t, guggol\u00e1st \u00e9s k\u00f6nny\u0171 kocog\u00e1st. \u00cdme a figyelemre m\u00e9lt\u00f3 eredm\u00e9nyek:<\/p>\n<h3>Teljes\u00edtm\u00e9ny a Tev\u00e9kenys\u00e9gek Sor\u00e1n<\/h3>\n<p>A r\u00e9sztvev\u0151k jelent\u0151s javul\u00e1sr\u00f3l sz\u00e1moltak be a tev\u00e9kenys\u00e9gek v\u00e9gz\u00e9s\u00e9ben a t\u00e9rdv\u00e9d\u0151vel. A legt\u00f6bben stabilabbnak \u00e9s biztons\u00e1gosabbnak \u00e9rezt\u00e9k magukat, sokan komment\u00e1lt\u00e1k a mozg\u00e1sukba vetett megn\u00f6vekedett bizalmat. Az egyik r\u00e9sztvev\u0151 megjegyezte: \u201e\u00dagy \u00e9reztem, hogy jobban meg tudom er\u0151ltetni magam, mint \u00e1ltal\u00e1ban, tudva, hogy a t\u00e9rdem t\u00e1mogatva van.\u201d<\/p>\n<h3>Tev\u00e9kenys\u00e9g Ut\u00e1ni Visszajelz\u00e9s<\/h3>\n<p>A tev\u00e9kenys\u00e9gek ut\u00e1n a r\u00e9sztvev\u0151ket megk\u00e9rdezt\u00e9k az \u00e9szlelt k\u00e9nyelmetlens\u00e9gr\u0151l vagy f\u00e1jdalomszintr\u0151l. A jelent\u0151s t\u00f6bbs\u00e9g a f\u00e1jdalom cs\u00f6kken\u00e9s\u00e9r\u0151l sz\u00e1molt be a kor\u00e1bbi, t\u00e9rdszor\u00edt\u00f3 n\u00e9lk\u00fcli tapasztalatokhoz k\u00e9pest. Ez arra utal, hogy a Wellnee t\u00e9rdort\u00e9zis l\u00e9tfontoss\u00e1g\u00fa szerepet j\u00e1tszhat mind a s\u00e9r\u00fcl\u00e9smegel\u0151z\u00e9sben, mind a f\u00e1jdalomkezel\u00e9sben.<\/p>\n<h2>Wellnee T\u00e9rdszor\u00edt\u00f3 \u00c9rt\u00e9kel\u00e9sek \u00e9s V\u00e9lem\u00e9nyek<\/h2>\n<p>K\u00fcl\u00f6nb\u00f6z\u0151 platformok vizsg\u00e1latakor a Wellnee t\u00e9rdv\u00e9d\u0151 magas \u00e9rt\u00e9kel\u00e9seket kapott, \u00e1tlagosan 4,5 csillagot az 5-b\u0151l. A felhaszn\u00e1l\u00f3k \u00e9rt\u00e9kel\u00e9seikben k\u00f6vetkezetesen kiemelt\u00e9k az olyan kulcsfontoss\u00e1g\u00fa szempontokat, mint a k\u00e9nyelem, hat\u00e9konys\u00e1g \u00e9s \u00e1ll\u00edthat\u00f3s\u00e1g. \u00cdme a felhaszn\u00e1l\u00f3i v\u00e9lem\u00e9nyekben leggyakrabban el\u0151fordul\u00f3 t\u00e9m\u00e1k \u00f6sszefoglal\u00e1sa:<\/p>\n<h3>K\u00e9nyelem \u00e9s Illeszked\u00e9s<\/h3>\n<p>Mint kor\u00e1bban eml\u00edtett\u00fck, a k\u00e9nyelem visszat\u00e9r\u0151 t\u00e9ma a felhaszn\u00e1l\u00f3i \u00e9rt\u00e9kel\u00e9sekben. Sz\u00e1mos v\u00e9lem\u00e9ny kiemeli, hogy a Wellnee t\u00e9rdszor\u00edt\u00f3 k\u00e9nyelmes hossz\u00fa ideig tart\u00f3 visel\u00e9sre, ami elengedhetetlen a folyamatos t\u00e1mogat\u00e1st ig\u00e9nyl\u0151k sz\u00e1m\u00e1ra.<\/p>\n<h3>Hat\u00e9konys\u00e1g<\/h3>\n<p>A felhaszn\u00e1l\u00f3k gyakran eml\u00edtik a t\u00e9rdort\u00e9zis hat\u00e9konys\u00e1g\u00e1t a f\u00e1jdalom cs\u00f6kkent\u00e9s\u00e9ben \u00e9s a stabilit\u00e1s biztos\u00edt\u00e1s\u00e1ban. A visszajelz\u00e9sek azt mutatj\u00e1k, hogy sok felhaszn\u00e1l\u00f3 sikeresen be\u00e9p\u00edtette mindennapi rutinj\u00e1ba \u00e9s edz\u00e9sprogramj\u00e1ba.<\/p>\n<h2>V\u00e9gs\u0151 \u00c9rt\u00e9kel\u00e9s<\/h2>\n<p>\u00d6sszefoglalva, a Wellnee t\u00e9rdszor\u00edt\u00f3 kiemelked\u0151 v\u00e1laszt\u00e1s a t\u00e9rdt\u00e1mogat\u00e1st keres\u0151 szem\u00e9lyek sz\u00e1m\u00e1ra. Az \u00e1ll\u00edthat\u00f3s\u00e1g, k\u00e9nyelem \u00e9s hat\u00e9konys\u00e1g kombin\u00e1ci\u00f3ja meggy\u0151z\u0151 v\u00e1laszt\u00e1ss\u00e1 teszi mind sportol\u00f3k, mind s\u00e9r\u00fcl\u00e9sb\u0151l fel\u00e9p\u00fcl\u0151k sz\u00e1m\u00e1ra. A felhaszn\u00e1l\u00f3k t\u00falnyom\u00f3r\u00e9szt pozit\u00edv visszajelz\u00e9sei tov\u00e1bb er\u0151s\u00edtik hiteless\u00e9g\u00e9t a piacon.<\/p>\n<h3>Mi\u00e9rt Megb\u00edzhat\u00f3 Term\u00e9k<\/h3>\n<p>Sok gyors megold\u00e1st \u00edg\u00e9r\u0151 term\u00e9kkel ellent\u00e9tben a Wellnee t\u00e9rdv\u00e9d\u0151 sz\u00e1mos pozit\u00edv felhaszn\u00e1l\u00f3i tapasztalattal \u00e9s alapos tesztel\u00e9ssel van al\u00e1t\u00e1masztva. A k\u00f6vetkezetesen magas \u00e9rt\u00e9kel\u00e9sek \u00e9s val\u00f3di felhaszn\u00e1l\u00f3k aj\u00e1nl\u00e1sai azt jelzik, hogy ez egy komoly term\u00e9k, amely betartja \u00edg\u00e9reteit. Tov\u00e1bb\u00e1, a gy\u00e1rt\u00f3 min\u0151s\u00e9gi anyagokra \u00e9s diz\u00e1jnra val\u00f3 \u00f6sszpontos\u00edt\u00e1sa hozz\u00e1j\u00e1rul megb\u00edzhat\u00f3s\u00e1g\u00e1hoz.<\/p>\n<h2>V\u00e9gs\u0151 Aj\u00e1nl\u00e1sok<\/h2>\n<p>Ha t\u00e9rdszor\u00edt\u00f3 vagy t\u00e9rdort\u00e9zis v\u00e1s\u00e1rl\u00e1s\u00e1n gondolkodik, a Wellnee t\u00e9rdv\u00e9d\u0151 mindenk\u00e9ppen meg\u00e9rdemli a figyelm\u00e9t. Robusztus jellemz\u0151ivel \u00e9s bizony\u00edtott hat\u00e9konys\u00e1g\u00e1val k\u00e9pes kiel\u00e9g\u00edteni a v\u00e1ltozatos felhaszn\u00e1l\u00f3i b\u00e1zis ig\u00e9nyeit, a sportol\u00f3kt\u00f3l a fel\u00e9p\u00fcl\u0151kig. \u00c9lvezze a mozg\u00e1sszabads\u00e1got \u00e9s a fokozott k\u00e9nyelmet a Wellnee t\u00e9rdszor\u00edt\u00f3val!<\/p>\n","protected":false},"excerpt":{"rendered":"<p>A Wellnee T\u00e9rdszor\u00edt\u00f3 Bemutat\u00e1sa A Wellnee t\u00e9rdszor\u00edt\u00f3 jelent\u0151s hull\u00e1mokat keltett az eg\u00e9szs\u00e9g \u00e9s wellness k\u00f6z\u00f6ss\u00e9gben, k\u00fcl\u00f6n\u00f6sen azon szem\u00e9lyek k\u00f6r\u00e9ben, akik t\u00e9rdszor\u00edt\u00f3t vagy t\u00e9rdort\u00e9zist keresnek a t\u00e9rdf\u00e1jdalom enyh\u00edt\u00e9s\u00e9re, vagy s\u00e9r\u00fcl\u00e9sb\u0151l val\u00f3 fel\u00e9p\u00fcl\u00e9shez. Ez a t\u00e9rdv\u00e9d\u0151 t\u00e1mogat\u00e1st, stabilit\u00e1st \u00e9s k\u00e9nyelmet \u00edg\u00e9r \u2013 de mennyire teljes\u00edt val\u00f3j\u00e1ban? Ebben az \u00e1tfog\u00f3 \u00e9rt\u00e9kel\u00e9sben megvizsg\u00e1ljuk a Wellnee Knee Brace jellemz\u0151it, el\u0151nyeit, &#8230; <a title=\"Wellnee T\u00e9rdszor\u00edt\u00f3 (T\u00e9rdort\u00e9zis)\" class=\"read-more\" href=\"https:\/\/gedii.eu\/hu\/produkt\/wellnee-terdszorito-terdortezis\/\" aria-label=\"Read more about Wellnee T\u00e9rdszor\u00edt\u00f3 (T\u00e9rdort\u00e9zis)\">Olvass tov\u00e1bb<\/a><\/p>\n","protected":false},"featured_media":294,"comment_status":"open","ping_status":"closed","template":"","meta":[],"product_brand":[],"product_cat":[95],"product_tag":[],"class_list":{"0":"post-622","1":"product","2":"type-product","3":"status-publish","4":"has-post-thumbnail","6":"product_cat-uncategorized","8":"first","9":"instock","10":"sale","11":"shipping-taxable","12":"product-type-external"},"yoast_head":"<!-- This site is optimized with the Yoast SEO plugin v26.7 - https:\/\/yoast.com\/wordpress\/plugins\/seo\/ -->\n<title>Wellnee T\u00e9rdszor\u00edt\u00f3 (T\u00e9rdort\u00e9zis) \ud83d\udd90\ufe0f 70% KEDVEZM\u00c9NY<\/title>\n<meta name=\"robots\" content=\"index, follow, max-snippet:-1, max-image-preview:large, max-video-preview:-1\" \/>\n<link rel=\"canonical\" href=\"https:\/\/gedii.eu\/hu\/produkt\/wellnee-terdszorito-terdortezis\/\" \/>\n<meta property=\"og:locale\" content=\"hu_HU\" \/>\n<meta property=\"og:type\" content=\"article\" \/>\n<meta property=\"og:title\" content=\"Wellnee T\u00e9rdszor\u00edt\u00f3 (T\u00e9rdort\u00e9zis) \ud83d\udd90\ufe0f 70% KEDVEZM\u00c9NY\" \/>\n<meta property=\"og:description\" content=\"A Wellnee T\u00e9rdszor\u00edt\u00f3 Bemutat\u00e1sa A Wellnee t\u00e9rdszor\u00edt\u00f3 jelent\u0151s hull\u00e1mokat keltett az eg\u00e9szs\u00e9g \u00e9s wellness k\u00f6z\u00f6ss\u00e9gben, k\u00fcl\u00f6n\u00f6sen azon szem\u00e9lyek k\u00f6r\u00e9ben, akik t\u00e9rdszor\u00edt\u00f3t vagy t\u00e9rdort\u00e9zist keresnek a t\u00e9rdf\u00e1jdalom enyh\u00edt\u00e9s\u00e9re, vagy s\u00e9r\u00fcl\u00e9sb\u0151l val\u00f3 fel\u00e9p\u00fcl\u00e9shez. Ez a t\u00e9rdv\u00e9d\u0151 t\u00e1mogat\u00e1st, stabilit\u00e1st \u00e9s k\u00e9nyelmet \u00edg\u00e9r \u2013 de mennyire teljes\u00edt val\u00f3j\u00e1ban? Ebben az \u00e1tfog\u00f3 \u00e9rt\u00e9kel\u00e9sben megvizsg\u00e1ljuk a Wellnee Knee Brace jellemz\u0151it, el\u0151nyeit, ... Olvass tov\u00e1bb\" \/>\n<meta property=\"og:url\" content=\"https:\/\/gedii.eu\/hu\/produkt\/wellnee-terdszorito-terdortezis\/\" \/>\n<meta property=\"og:site_name\" content=\"gedii.eu\" \/>\n<meta property=\"article:modified_time\" content=\"2026-02-15T13:30:47+00:00\" \/>\n<meta property=\"og:image\" content=\"https:\/\/gedii.eu\/wp-content\/uploads\/2026\/01\/wellnee-knee-brace.jpg\" \/>\n\t<meta property=\"og:image:width\" content=\"894\" \/>\n\t<meta property=\"og:image:height\" content=\"894\" \/>\n\t<meta property=\"og:image:type\" content=\"image\/jpeg\" \/>\n<meta name=\"twitter:card\" content=\"summary_large_image\" \/>\n<meta name=\"twitter:label1\" content=\"Becs\u00fclt olvas\u00e1si id\u0151\" \/>\n\t<meta name=\"twitter:data1\" content=\"7 perc\" \/>\n<script type=\"application\/ld+json\" class=\"yoast-schema-graph\">{\"@context\":\"https:\/\/schema.org\",\"@graph\":[{\"@type\":\"WebPage\",\"@id\":\"https:\/\/gedii.eu\/hu\/produkt\/wellnee-terdszorito-terdortezis\/\",\"url\":\"https:\/\/gedii.eu\/hu\/produkt\/wellnee-terdszorito-terdortezis\/\",\"name\":\"Wellnee T\u00e9rdszor\u00edt\u00f3 (T\u00e9rdort\u00e9zis) \ud83d\udd90\ufe0f 70% KEDVEZM\u00c9NY\",\"isPartOf\":{\"@id\":\"https:\/\/gedii.eu\/hu\/#website\"},\"primaryImageOfPage\":{\"@id\":\"https:\/\/gedii.eu\/hu\/produkt\/wellnee-terdszorito-terdortezis\/#primaryimage\"},\"image\":{\"@id\":\"https:\/\/gedii.eu\/hu\/produkt\/wellnee-terdszorito-terdortezis\/#primaryimage\"},\"thumbnailUrl\":\"https:\/\/gedii.eu\/wp-content\/uploads\/2026\/01\/wellnee-knee-brace.jpg\",\"datePublished\":\"2026-01-17T08:42:57+00:00\",\"dateModified\":\"2026-02-15T13:30:47+00:00\",\"breadcrumb\":{\"@id\":\"https:\/\/gedii.eu\/hu\/produkt\/wellnee-terdszorito-terdortezis\/#breadcrumb\"},\"inLanguage\":\"hu\",\"potentialAction\":[{\"@type\":\"ReadAction\",\"target\":[\"https:\/\/gedii.eu\/hu\/produkt\/wellnee-terdszorito-terdortezis\/\"]}]},{\"@type\":\"ImageObject\",\"inLanguage\":\"hu\",\"@id\":\"https:\/\/gedii.eu\/hu\/produkt\/wellnee-terdszorito-terdortezis\/#primaryimage\",\"url\":\"https:\/\/gedii.eu\/wp-content\/uploads\/2026\/01\/wellnee-knee-brace.jpg\",\"contentUrl\":\"https:\/\/gedii.eu\/wp-content\/uploads\/2026\/01\/wellnee-knee-brace.jpg\",\"width\":894,\"height\":894},{\"@type\":\"BreadcrumbList\",\"@id\":\"https:\/\/gedii.eu\/hu\/produkt\/wellnee-terdszorito-terdortezis\/#breadcrumb\",\"itemListElement\":[{\"@type\":\"ListItem\",\"position\":1,\"name\":\"Startseite\",\"item\":\"https:\/\/gedii.eu\/hu\/\"},{\"@type\":\"ListItem\",\"position\":2,\"name\":\"Shop\",\"item\":\"https:\/\/gedii.eu\/shop\/\"},{\"@type\":\"ListItem\",\"position\":3,\"name\":\"Wellnee T\u00e9rdszor\u00edt\u00f3 (T\u00e9rdort\u00e9zis)\"}]},{\"@type\":\"WebSite\",\"@id\":\"https:\/\/gedii.eu\/hu\/#website\",\"url\":\"https:\/\/gedii.eu\/hu\/\",\"name\":\"gedii.eu\",\"description\":\"\",\"potentialAction\":[{\"@type\":\"SearchAction\",\"target\":{\"@type\":\"EntryPoint\",\"urlTemplate\":\"https:\/\/gedii.eu\/hu\/?s={search_term_string}\"},\"query-input\":{\"@type\":\"PropertyValueSpecification\",\"valueRequired\":true,\"valueName\":\"search_term_string\"}}],\"inLanguage\":\"hu\"}]}<\/script>\n<!-- \/ Yoast SEO plugin. -->","yoast_head_json":{"title":"Wellnee T\u00e9rdszor\u00edt\u00f3 (T\u00e9rdort\u00e9zis) \ud83d\udd90\ufe0f 70% KEDVEZM\u00c9NY","robots":{"index":"index","follow":"follow","max-snippet":"max-snippet:-1","max-image-preview":"max-image-preview:large","max-video-preview":"max-video-preview:-1"},"canonical":"https:\/\/gedii.eu\/hu\/produkt\/wellnee-terdszorito-terdortezis\/","og_locale":"hu_HU","og_type":"article","og_title":"Wellnee T\u00e9rdszor\u00edt\u00f3 (T\u00e9rdort\u00e9zis) \ud83d\udd90\ufe0f 70% KEDVEZM\u00c9NY","og_description":"A Wellnee T\u00e9rdszor\u00edt\u00f3 Bemutat\u00e1sa A Wellnee t\u00e9rdszor\u00edt\u00f3 jelent\u0151s hull\u00e1mokat keltett az eg\u00e9szs\u00e9g \u00e9s wellness k\u00f6z\u00f6ss\u00e9gben, k\u00fcl\u00f6n\u00f6sen azon szem\u00e9lyek k\u00f6r\u00e9ben, akik t\u00e9rdszor\u00edt\u00f3t vagy t\u00e9rdort\u00e9zist keresnek a t\u00e9rdf\u00e1jdalom enyh\u00edt\u00e9s\u00e9re, vagy s\u00e9r\u00fcl\u00e9sb\u0151l val\u00f3 fel\u00e9p\u00fcl\u00e9shez. Ez a t\u00e9rdv\u00e9d\u0151 t\u00e1mogat\u00e1st, stabilit\u00e1st \u00e9s k\u00e9nyelmet \u00edg\u00e9r \u2013 de mennyire teljes\u00edt val\u00f3j\u00e1ban? Ebben az \u00e1tfog\u00f3 \u00e9rt\u00e9kel\u00e9sben megvizsg\u00e1ljuk a Wellnee Knee Brace jellemz\u0151it, el\u0151nyeit, ... Olvass tov\u00e1bb","og_url":"https:\/\/gedii.eu\/hu\/produkt\/wellnee-terdszorito-terdortezis\/","og_site_name":"gedii.eu","article_modified_time":"2026-02-15T13:30:47+00:00","og_image":[{"width":894,"height":894,"url":"https:\/\/gedii.eu\/wp-content\/uploads\/2026\/01\/wellnee-knee-brace.jpg","type":"image\/jpeg"}],"twitter_card":"summary_large_image","twitter_misc":{"Becs\u00fclt olvas\u00e1si id\u0151":"7 perc"},"schema":{"@context":"https:\/\/schema.org","@graph":[{"@type":"WebPage","@id":"https:\/\/gedii.eu\/hu\/produkt\/wellnee-terdszorito-terdortezis\/","url":"https:\/\/gedii.eu\/hu\/produkt\/wellnee-terdszorito-terdortezis\/","name":"Wellnee T\u00e9rdszor\u00edt\u00f3 (T\u00e9rdort\u00e9zis) \ud83d\udd90\ufe0f 70% KEDVEZM\u00c9NY","isPartOf":{"@id":"https:\/\/gedii.eu\/hu\/#website"},"primaryImageOfPage":{"@id":"https:\/\/gedii.eu\/hu\/produkt\/wellnee-terdszorito-terdortezis\/#primaryimage"},"image":{"@id":"https:\/\/gedii.eu\/hu\/produkt\/wellnee-terdszorito-terdortezis\/#primaryimage"},"thumbnailUrl":"https:\/\/gedii.eu\/wp-content\/uploads\/2026\/01\/wellnee-knee-brace.jpg","datePublished":"2026-01-17T08:42:57+00:00","dateModified":"2026-02-15T13:30:47+00:00","breadcrumb":{"@id":"https:\/\/gedii.eu\/hu\/produkt\/wellnee-terdszorito-terdortezis\/#breadcrumb"},"inLanguage":"hu","potentialAction":[{"@type":"ReadAction","target":["https:\/\/gedii.eu\/hu\/produkt\/wellnee-terdszorito-terdortezis\/"]}]},{"@type":"ImageObject","inLanguage":"hu","@id":"https:\/\/gedii.eu\/hu\/produkt\/wellnee-terdszorito-terdortezis\/#primaryimage","url":"https:\/\/gedii.eu\/wp-content\/uploads\/2026\/01\/wellnee-knee-brace.jpg","contentUrl":"https:\/\/gedii.eu\/wp-content\/uploads\/2026\/01\/wellnee-knee-brace.jpg","width":894,"height":894},{"@type":"BreadcrumbList","@id":"https:\/\/gedii.eu\/hu\/produkt\/wellnee-terdszorito-terdortezis\/#breadcrumb","itemListElement":[{"@type":"ListItem","position":1,"name":"Startseite","item":"https:\/\/gedii.eu\/hu\/"},{"@type":"ListItem","position":2,"name":"Shop","item":"https:\/\/gedii.eu\/shop\/"},{"@type":"ListItem","position":3,"name":"Wellnee T\u00e9rdszor\u00edt\u00f3 (T\u00e9rdort\u00e9zis)"}]},{"@type":"WebSite","@id":"https:\/\/gedii.eu\/hu\/#website","url":"https:\/\/gedii.eu\/hu\/","name":"gedii.eu","description":"","potentialAction":[{"@type":"SearchAction","target":{"@type":"EntryPoint","urlTemplate":"https:\/\/gedii.eu\/hu\/?s={search_term_string}"},"query-input":{"@type":"PropertyValueSpecification","valueRequired":true,"valueName":"search_term_string"}}],"inLanguage":"hu"}]}},"_links":{"self":[{"href":"https:\/\/gedii.eu\/hu\/wp-json\/wp\/v2\/product\/622","targetHints":{"allow":["GET"]}}],"collection":[{"href":"https:\/\/gedii.eu\/hu\/wp-json\/wp\/v2\/product"}],"about":[{"href":"https:\/\/gedii.eu\/hu\/wp-json\/wp\/v2\/types\/product"}],"replies":[{"embeddable":true,"href":"https:\/\/gedii.eu\/hu\/wp-json\/wp\/v2\/comments?post=622"}],"wp:featuredmedia":[{"embeddable":true,"href":"https:\/\/gedii.eu\/hu\/wp-json\/wp\/v2\/media\/294"}],"wp:attachment":[{"href":"https:\/\/gedii.eu\/hu\/wp-json\/wp\/v2\/media?parent=622"}],"wp:term":[{"taxonomy":"product_brand","embeddable":true,"href":"https:\/\/gedii.eu\/hu\/wp-json\/wp\/v2\/product_brand?post=622"},{"taxonomy":"product_cat","embeddable":true,"href":"https:\/\/gedii.eu\/hu\/wp-json\/wp\/v2\/product_cat?post=622"},{"taxonomy":"product_tag","embeddable":true,"href":"https:\/\/gedii.eu\/hu\/wp-json\/wp\/v2\/product_tag?post=622"}],"curies":[{"name":"wp","href":"https:\/\/api.w.org\/{rel}","templated":true}]}}