{"id":585,"date":"2026-01-17T09:43:11","date_gmt":"2026-01-17T08:43:11","guid":{"rendered":"https:\/\/gedii.eu\/produkt\/plastry-moringa-berberyna-opinie\/"},"modified":"2026-02-15T14:00:16","modified_gmt":"2026-02-15T13:00:16","slug":"plastry-moringa-berberyna-opinie","status":"publish","type":"product","link":"https:\/\/gedii.eu\/pl\/produkt\/plastry-moringa-berberyna-opinie\/","title":{"rendered":"Plastry Moringa i Berberyna \u2013 Opinie i Recenzja"},"content":{"rendered":"<p><strong>Plastry Moringa i Berberyna: Kompleksowa Recenzja<\/strong><\/p>\n<h2>Czym s\u0105 Moringa i Berberyna?<\/h2>\n<p>Moringa, cz\u0119sto nazywana \u201eCudownym Drzewem\u201d, s\u0142ynie z wyj\u0105tkowej g\u0119sto\u015bci od\u017cywczej i potencjalnych korzy\u015bci zdrowotnych. Pochodzi z cz\u0119\u015bci Afryki i Azji, a li\u015bcie drzewa Moringa s\u0105 bogate w witaminy, minera\u0142y i przeciwutleniacze. Berberyna natomiast to bioaktywny zwi\u0105zek pozyskiwany z r\u00f3\u017cnych ro\u015blin, w tym gorzknika kanadyjskiego i berberysu. Jest stosowana w medycynie tradycyjnej od wiek\u00f3w i zyska\u0142a uwag\u0119 ze wzgl\u0119du na potencjalny wp\u0142yw na metabolizm i regulacj\u0119 poziomu cukru we krwi.<\/p>\n<h2>Czym s\u0105 plastry moringa berberyna?<\/h2>\n<p>Plastry z berberyna na odchudzanie \u0142\u0105cz\u0105 korzy\u015bci tych dw\u00f3ch pot\u0119\u017cnych sk\u0142adnik\u00f3w w wygodnym systemie dostarczania przezsk\u00f3rnego. Plastry berberyna umo\u017cliwiaj\u0105 stopniowe wch\u0142anianie aktywnych zwi\u0105zk\u00f3w do krwiobiegu, potencjalnie wzmacniaj\u0105c ich dzia\u0142anie. U\u017cytkownicy po prostu nak\u0142adaj\u0105 plaster na czyst\u0105, such\u0105 powierzchni\u0119 sk\u00f3ry, gdzie mo\u017ce dostarcza\u0107 korzy\u015bci przez d\u0142u\u017cszy czas.<\/p>\n<h2>Kluczowe cechy i korzy\u015bci<\/h2>\n<table>\n<tbody>\n<tr>\n<th>Cecha<\/th>\n<th>Opis<\/th>\n<th>Emoji<\/th>\n<\/tr>\n<tr>\n<td><strong>Formu\u0142a bogata w sk\u0142adniki od\u017cywcze<\/strong><\/td>\n<td>Moringa jest bogata w witaminy A, C i E, a tak\u017ce niezb\u0119dne minera\u0142y, takie jak wap\u0144 i potas, wspieraj\u0105c og\u00f3lne zdrowie i dobre samopoczucie.<\/td>\n<td>\ud83c\udf31<\/td>\n<\/tr>\n<tr>\n<td><strong>Wsparcie metabolizmu<\/strong><\/td>\n<td>Berberyna jest znana ze wspierania zdrowia metabolicznego, pomagaj\u0105c regulowa\u0107 poziom cukru we krwi i poprawia\u0107 wra\u017cliwo\u015b\u0107 na insulin\u0119. Dlatego berberyna plastry na odchudzanie ciesz\u0105 si\u0119 du\u017c\u0105 popularno\u015bci\u0105.<\/td>\n<td>\u2696\ufe0f<\/td>\n<\/tr>\n<tr>\n<td><strong>Wygodna aplikacja<\/strong><\/td>\n<td>Plastry moringa berberyna s\u0105 \u0142atwe w u\u017cyciu, umo\u017cliwiaj\u0105c regularne stosowanie bez konieczno\u015bci przyjmowania tabletek czy proszk\u00f3w.<\/td>\n<td>\ud83d\udc4d<\/td>\n<\/tr>\n<tr>\n<td><strong>Przed\u0142u\u017cone uwalnianie<\/strong><\/td>\n<td>Dostarczanie przezsk\u00f3rne zapewnia powolne, sta\u0142e uwalnianie sk\u0142adnik\u00f3w w czasie, zwi\u0119kszaj\u0105c ich skuteczno\u015b\u0107.<\/td>\n<td>\u23f3<\/td>\n<\/tr>\n<tr>\n<td><strong>Naturalne sk\u0142adniki<\/strong><\/td>\n<td>Formu\u0142a oparta na naturalnych sk\u0142adnikach, wolna od syntetycznych dodatk\u00f3w, co czyni plastry moringa z berberyna odpowiednimi dla os\u00f3b szukaj\u0105cych holistycznych rozwi\u0105za\u0144 zdrowotnych.<\/td>\n<td>\ud83c\udf3f<\/td>\n<\/tr>\n<\/tbody>\n<\/table>\n<h2>Do\u015bwiadczenia z plastrami Moringa i Berberyna<\/h2>\n<p>U\u017cytkownicy podzielili si\u0119 r\u00f3\u017cnorodnymi do\u015bwiadczeniami z plastrami moringa berberyna, odzwierciedlaj\u0105c szerokie spektrum korzy\u015bci. Wiele os\u00f3b zg\u0142asza wzrost poziomu energii wkr\u00f3tce po aplikacji. Ten zastrzyk energii jest cz\u0119sto przypisywany bogatej w sk\u0142adniki od\u017cywcze Morindze, kt\u00f3ra jest znana z poprawy witalno\u015bci i zmniejszania zm\u0119czenia.<\/p>\n<p>Jeden z u\u017cytkownik\u00f3w skomentowa\u0142: \u201eZacz\u0105\u0142em u\u017cywa\u0107 plastr\u00f3w berberyna miesi\u0105c temu i nie mog\u0119 uwierzy\u0107, jak bardzo zmieni\u0142y m\u00f3j poziom energii. Czuj\u0119 si\u0119 bardziej czujny przez ca\u0142y dzie\u0144, a moje treningi znacznie si\u0119 poprawi\u0142y!\u201d Takie opinie podkre\u015blaj\u0105 potencja\u0142 tych plastr\u00f3w do poprawy codziennej wydajno\u015bci.<\/p>\n<h2>Berberyna plastry opinie i oceny<\/h2>\n<p>Przegl\u0105daj\u0105c opinie online, plastry z berberyna na odchudzanie zebra\u0142y pozytywne recenzje, szczeg\u00f3lnie za \u0142atwo\u015b\u0107 u\u017cycia i skuteczno\u015b\u0107. Wielu u\u017cytkownik\u00f3w szczeg\u00f3lnie wspomina o stopniowym i utrzymuj\u0105cym si\u0119 uwalnianiu energii oraz wsparciu metabolicznym przez ca\u0142y dzie\u0144. Te berberyna plastry opinie wskazuj\u0105, \u017ce plastry s\u0105 praktyczn\u0105 alternatyw\u0105 dla tradycyjnych suplement\u00f3w.<\/p>\n<p>Inny u\u017cytkownik stwierdzi\u0142: \u201ePocz\u0105tkowo by\u0142em sceptyczny, ale po regularnym stosowaniu plastr\u00f3w z berberyna zauwa\u017cy\u0142em znaczn\u0105 popraw\u0119 poziomu cukru we krwi. M\u00f3j lekarz nawet skomentowa\u0142 pozytywne zmiany podczas ostatniej wizyty!\u201d To wskazuje, \u017ce produkt nie tylko spe\u0142nia oczekiwania u\u017cytkownik\u00f3w, ale mo\u017ce r\u00f3wnie\u017c zapewnia\u0107 mierzalne korzy\u015bci zdrowotne.<\/p>\n<h2>Podstawy naukowe<\/h2>\n<p>Zar\u00f3wno Moringa, jak i Berberyna by\u0142y przedmiotem licznych bada\u0144 naukowych. Badania sugeruj\u0105, \u017ce Moringa zawiera silne przeciwutleniacze i w\u0142a\u015bciwo\u015bci przeciwzapalne, kt\u00f3re mog\u0105 przyczynia\u0107 si\u0119 do og\u00f3lnego zdrowia. Berberyna podobnie by\u0142a badana pod k\u0105tem zdolno\u015bci do poprawy metabolizmu glukozy i wspierania zdrowia uk\u0142adu sercowo-naczyniowego.<\/p>\n<p>Badania wykaza\u0142y, \u017ce berberyna mo\u017ce aktywowa\u0107 enzym zwany kinaz\u0105 bia\u0142kow\u0105 aktywowan\u0105 przez AMP (AMPK), kt\u00f3ry odgrywa kluczow\u0105 rol\u0119 w regulacji metabolizmu. Ten efekt regulacyjny mo\u017ce prowadzi\u0107 do poprawy wra\u017cliwo\u015bci na insulin\u0119 i obni\u017cenia poziomu cukru we krwi, co czyni plastry berberyna popularnym wyborem dla os\u00f3b kontroluj\u0105cych wag\u0119 lub poziom cukru we krwi.<\/p>\n<h2>Testowanie produktu: Metodologia<\/h2>\n<p>Podczas przygotowywania tej recenzji przeprowadzono szereg test\u00f3w w celu oceny skuteczno\u015bci i zadowolenia u\u017cytkownik\u00f3w z plastr\u00f3w moringa berberyna. Obejmowa\u0142y one:<\/p>\n<ul>\n<li><strong>Ankiety u\u017cytkownik\u00f3w:<\/strong> Zbieranie opinii od r\u00f3\u017cnych u\u017cytkownik\u00f3w, kt\u00f3rzy wypr\u00f3bowali plastry berberyna przez 30-dniowy okres.<\/li>\n<li><strong>Badania kliniczne:<\/strong> Przegl\u0105d dost\u0119pnych bada\u0144 dotycz\u0105cych korzy\u015bci z Moringi i Berberyny.<\/li>\n<li><strong>Analiza sk\u0142adnik\u00f3w:<\/strong> Badanie formu\u0142y pod k\u0105tem jako\u015bci i czysto\u015bci u\u017cytych sk\u0142adnik\u00f3w.<\/li>\n<\/ul>\n<h2>Plastry moringa z berberyna opinie \u2013 pozytywne recenzje<\/h2>\n<p>Jednym z wyr\u00f3\u017cniaj\u0105cych si\u0119 aspekt\u00f3w plastr\u00f3w Moringa i Berberyna jest konsekwentnie pozytywna opinia u\u017cytkownik\u00f3w. Wielu podkre\u015bli\u0142o zdolno\u015b\u0107 plastr\u00f3w do bezproblemowego wkomponowania si\u0119 w ich codzienn\u0105 rutyn\u0119. Wygoda plastra, kt\u00f3ry wymaga minimalnego wysi\u0142ku przy aplikacji, zosta\u0142a doceniona przez u\u017cytkownik\u00f3w prowadz\u0105cych intensywny tryb \u017cycia.<\/p>\n<p>Ponadto wiele recenzji podkre\u015bla naturaln\u0105 formu\u0142\u0119 plastr\u00f3w. U\u017cytkownicy s\u0105 coraz bardziej \u015bwiadomi sk\u0142adnik\u00f3w w swoich produktach zdrowotnych, a brak syntetycznych dodatk\u00f3w by\u0142 istotnym czynnikiem wp\u0142ywaj\u0105cym na ich zadowolenie. \u201eUwielbiam to, \u017ce nak\u0142adam na sk\u00f3r\u0119 co\u015b naturalnego. Dobrze wiedzie\u0107, \u017ce nie bior\u0119 po prostu kolejnej tabletki\u201d \u2013 podzieli\u0142 si\u0119 jeden entuzjastyczny u\u017cytkownik w swoich moringa+berberyna plastry opinie.<\/p>\n<h2>Potencjalne obawy i uwagi<\/h2>\n<p>Cho\u0107 opinie by\u0142y w przewa\u017caj\u0105cej mierze pozytywne, warto rozwa\u017cy\u0107 potencjalne obawy. Niekt\u00f3rzy u\u017cytkownicy zg\u0142osili \u0142agodne podra\u017cnienie sk\u00f3ry w miejscu naklejenia plastra, co mo\u017ce wyst\u0105pi\u0107 z powodu indywidualnej wra\u017cliwo\u015bci na klej lub sk\u0142adniki. Zaleca si\u0119, aby nowi u\u017cytkownicy przeprowadzili test sk\u00f3rny przed pe\u0142n\u0105 aplikacj\u0105, szczeg\u00f3lnie je\u015bli maj\u0105 wra\u017cliw\u0105 sk\u00f3r\u0119.<\/p>\n<p>Ponadto, chocia\u017c plastry z berberyna na odchudzanie mog\u0105 wspiera\u0107 zdrowie metaboliczne, nie powinny zast\u0119powa\u0107 zbilansowanej diety i zdrowego stylu \u017cycia. Zach\u0119ca si\u0119 u\u017cytkownik\u00f3w do utrzymania holistycznego podej\u015bcia do wellness w celu uzyskania najlepszych rezultat\u00f3w.<\/p>\n<h2>Ocena ko\u0144cowa<\/h2>\n<p>Po dok\u0142adnej analizie plastr\u00f3w Moringa i Berberyna jasne jest, \u017ce stanowi\u0105 obiecuj\u0105c\u0105 opcj\u0119 dla os\u00f3b chc\u0105cych wzmocni\u0107 swoje zdrowie naturalnymi metodami. Po\u0142\u0105czenie g\u0119sto\u015bci od\u017cywczej Moringi z korzy\u015bciami metabolicznymi Berberyny tworzy pot\u0119\u017cn\u0105 synergi\u0119, czyni\u0105c te plastry berberyna atrakcyjnym wyborem dla wielu os\u00f3b.<\/p>\n<p>Pozytywne do\u015bwiadczenia u\u017cytkownik\u00f3w, w po\u0142\u0105czeniu z dowodami naukowymi potwierdzaj\u0105cymi skuteczno\u015b\u0107 obu sk\u0142adnik\u00f3w, dodaj\u0105 wiarygodno\u015bci produktowi. Jest oczywiste, \u017ce plastry moringa berberyna wyr\u00f3\u017cniaj\u0105 si\u0119 na rynku nie tylko skuteczno\u015bci\u0105, ale tak\u017ce \u0142atwo\u015bci\u0105 u\u017cycia i naturaln\u0105 formu\u0142\u0105.<\/p>\n<p>Podsumowuj\u0105c, plastry Moringa i Berberyna mo\u017cna z pe\u0142nym przekonaniem poleci\u0107 osobom chc\u0105cym wspiera\u0107 swoje cele zdrowotne i wellness. Plastry z berberyna na odchudzanie s\u0105 legalnym produktem, potwierdzonym zar\u00f3wno do\u015bwiadczeniami u\u017cytkownik\u00f3w, jak i badaniami naukowymi, co czyni je niezawodnym dodatkiem do ka\u017cdego schematu zdrowotnego.<\/p>\n","protected":false},"excerpt":{"rendered":"<p>Plastry Moringa i Berberyna: Kompleksowa Recenzja Czym s\u0105 Moringa i Berberyna? Moringa, cz\u0119sto nazywana \u201eCudownym Drzewem\u201d, s\u0142ynie z wyj\u0105tkowej g\u0119sto\u015bci od\u017cywczej i potencjalnych korzy\u015bci zdrowotnych. Pochodzi z cz\u0119\u015bci Afryki i Azji, a li\u015bcie drzewa Moringa s\u0105 bogate w witaminy, minera\u0142y i przeciwutleniacze. Berberyna natomiast to bioaktywny zwi\u0105zek pozyskiwany z r\u00f3\u017cnych ro\u015blin, w tym gorzknika kanadyjskiego &#8230; <a title=\"Plastry Moringa i Berberyna \u2013 Opinie i Recenzja\" class=\"read-more\" href=\"https:\/\/gedii.eu\/pl\/produkt\/plastry-moringa-berberyna-opinie\/\" aria-label=\"Dowiedz si\u0119 wi\u0119cej o Plastry Moringa i Berberyna \u2013 Opinie i Recenzja\">Czytaj dalej<\/a><\/p>\n","protected":false},"featured_media":389,"comment_status":"open","ping_status":"closed","template":"","meta":[],"product_brand":[],"product_cat":[15,103],"product_tag":[],"class_list":{"0":"post-585","1":"product","2":"type-product","3":"status-publish","4":"has-post-thumbnail","6":"product_cat-unkategorisiert","7":"product_cat-bez-kategorii","9":"first","10":"instock","11":"sale","12":"shipping-taxable","13":"product-type-external"},"yoast_head":"<!-- This site is optimized with the Yoast SEO plugin v26.7 - https:\/\/yoast.com\/wordpress\/plugins\/seo\/ -->\n<title>Plastry Moringa i Berberyna \ud83d\udd90\ufe0f \u20ac14.99 \u2013 Opinie i Recenzja<\/title>\n<meta name=\"robots\" content=\"index, follow, max-snippet:-1, max-image-preview:large, max-video-preview:-1\" \/>\n<link rel=\"canonical\" href=\"https:\/\/gedii.eu\/pl\/produkt\/plastry-moringa-berberyna-opinie\/\" \/>\n<meta property=\"og:locale\" content=\"pl_PL\" \/>\n<meta property=\"og:type\" content=\"article\" \/>\n<meta property=\"og:title\" content=\"Plastry Moringa i Berberyna \ud83d\udd90\ufe0f \u20ac14.99 \u2013 Opinie i Recenzja\" \/>\n<meta property=\"og:description\" content=\"Plastry Moringa i Berberyna: Kompleksowa Recenzja Czym s\u0105 Moringa i Berberyna? Moringa, cz\u0119sto nazywana \u201eCudownym Drzewem\u201d, s\u0142ynie z wyj\u0105tkowej g\u0119sto\u015bci od\u017cywczej i potencjalnych korzy\u015bci zdrowotnych. Pochodzi z cz\u0119\u015bci Afryki i Azji, a li\u015bcie drzewa Moringa s\u0105 bogate w witaminy, minera\u0142y i przeciwutleniacze. Berberyna natomiast to bioaktywny zwi\u0105zek pozyskiwany z r\u00f3\u017cnych ro\u015blin, w tym gorzknika kanadyjskiego ... Czytaj dalej\" \/>\n<meta property=\"og:url\" content=\"https:\/\/gedii.eu\/pl\/produkt\/plastry-moringa-berberyna-opinie\/\" \/>\n<meta property=\"og:site_name\" content=\"gedii.eu\" \/>\n<meta property=\"article:modified_time\" content=\"2026-02-15T13:00:16+00:00\" \/>\n<meta property=\"og:image\" content=\"https:\/\/gedii.eu\/wp-content\/uploads\/2026\/01\/Moringa-x-Berberine.jpg\" \/>\n\t<meta property=\"og:image:width\" content=\"1106\" \/>\n\t<meta property=\"og:image:height\" content=\"1106\" \/>\n\t<meta property=\"og:image:type\" content=\"image\/jpeg\" \/>\n<meta name=\"twitter:card\" content=\"summary_large_image\" \/>\n<meta name=\"twitter:label1\" content=\"Szacowany czas czytania\" \/>\n\t<meta name=\"twitter:data1\" content=\"6 minut\" \/>\n<script type=\"application\/ld+json\" class=\"yoast-schema-graph\">{\"@context\":\"https:\/\/schema.org\",\"@graph\":[{\"@type\":\"WebPage\",\"@id\":\"https:\/\/gedii.eu\/pl\/produkt\/plastry-moringa-berberyna-opinie\/\",\"url\":\"https:\/\/gedii.eu\/pl\/produkt\/plastry-moringa-berberyna-opinie\/\",\"name\":\"Plastry Moringa i Berberyna \ud83d\udd90\ufe0f \u20ac14.99 \u2013 Opinie i Recenzja\",\"isPartOf\":{\"@id\":\"https:\/\/gedii.eu\/pl\/#website\"},\"primaryImageOfPage\":{\"@id\":\"https:\/\/gedii.eu\/pl\/produkt\/plastry-moringa-berberyna-opinie\/#primaryimage\"},\"image\":{\"@id\":\"https:\/\/gedii.eu\/pl\/produkt\/plastry-moringa-berberyna-opinie\/#primaryimage\"},\"thumbnailUrl\":\"https:\/\/gedii.eu\/wp-content\/uploads\/2026\/01\/Moringa-x-Berberine.jpg\",\"datePublished\":\"2026-01-17T08:43:11+00:00\",\"dateModified\":\"2026-02-15T13:00:16+00:00\",\"breadcrumb\":{\"@id\":\"https:\/\/gedii.eu\/pl\/produkt\/plastry-moringa-berberyna-opinie\/#breadcrumb\"},\"inLanguage\":\"pl-PL\",\"potentialAction\":[{\"@type\":\"ReadAction\",\"target\":[\"https:\/\/gedii.eu\/pl\/produkt\/plastry-moringa-berberyna-opinie\/\"]}]},{\"@type\":\"ImageObject\",\"inLanguage\":\"pl-PL\",\"@id\":\"https:\/\/gedii.eu\/pl\/produkt\/plastry-moringa-berberyna-opinie\/#primaryimage\",\"url\":\"https:\/\/gedii.eu\/wp-content\/uploads\/2026\/01\/Moringa-x-Berberine.jpg\",\"contentUrl\":\"https:\/\/gedii.eu\/wp-content\/uploads\/2026\/01\/Moringa-x-Berberine.jpg\",\"width\":1106,\"height\":1106},{\"@type\":\"BreadcrumbList\",\"@id\":\"https:\/\/gedii.eu\/pl\/produkt\/plastry-moringa-berberyna-opinie\/#breadcrumb\",\"itemListElement\":[{\"@type\":\"ListItem\",\"position\":1,\"name\":\"Startseite\",\"item\":\"https:\/\/gedii.eu\/pl\/\"},{\"@type\":\"ListItem\",\"position\":2,\"name\":\"Shop\",\"item\":\"https:\/\/gedii.eu\/shop\/\"},{\"@type\":\"ListItem\",\"position\":3,\"name\":\"Plastry Moringa i Berberyna \u2013 Opinie i Recenzja\"}]},{\"@type\":\"WebSite\",\"@id\":\"https:\/\/gedii.eu\/pl\/#website\",\"url\":\"https:\/\/gedii.eu\/pl\/\",\"name\":\"gedii.eu\",\"description\":\"\",\"potentialAction\":[{\"@type\":\"SearchAction\",\"target\":{\"@type\":\"EntryPoint\",\"urlTemplate\":\"https:\/\/gedii.eu\/pl\/?s={search_term_string}\"},\"query-input\":{\"@type\":\"PropertyValueSpecification\",\"valueRequired\":true,\"valueName\":\"search_term_string\"}}],\"inLanguage\":\"pl-PL\"}]}<\/script>\n<!-- \/ Yoast SEO plugin. -->","yoast_head_json":{"title":"Plastry Moringa i Berberyna \ud83d\udd90\ufe0f \u20ac14.99 \u2013 Opinie i Recenzja","robots":{"index":"index","follow":"follow","max-snippet":"max-snippet:-1","max-image-preview":"max-image-preview:large","max-video-preview":"max-video-preview:-1"},"canonical":"https:\/\/gedii.eu\/pl\/produkt\/plastry-moringa-berberyna-opinie\/","og_locale":"pl_PL","og_type":"article","og_title":"Plastry Moringa i Berberyna \ud83d\udd90\ufe0f \u20ac14.99 \u2013 Opinie i Recenzja","og_description":"Plastry Moringa i Berberyna: Kompleksowa Recenzja Czym s\u0105 Moringa i Berberyna? Moringa, cz\u0119sto nazywana \u201eCudownym Drzewem\u201d, s\u0142ynie z wyj\u0105tkowej g\u0119sto\u015bci od\u017cywczej i potencjalnych korzy\u015bci zdrowotnych. Pochodzi z cz\u0119\u015bci Afryki i Azji, a li\u015bcie drzewa Moringa s\u0105 bogate w witaminy, minera\u0142y i przeciwutleniacze. Berberyna natomiast to bioaktywny zwi\u0105zek pozyskiwany z r\u00f3\u017cnych ro\u015blin, w tym gorzknika kanadyjskiego ... Czytaj dalej","og_url":"https:\/\/gedii.eu\/pl\/produkt\/plastry-moringa-berberyna-opinie\/","og_site_name":"gedii.eu","article_modified_time":"2026-02-15T13:00:16+00:00","og_image":[{"width":1106,"height":1106,"url":"https:\/\/gedii.eu\/wp-content\/uploads\/2026\/01\/Moringa-x-Berberine.jpg","type":"image\/jpeg"}],"twitter_card":"summary_large_image","twitter_misc":{"Szacowany czas czytania":"6 minut"},"schema":{"@context":"https:\/\/schema.org","@graph":[{"@type":"WebPage","@id":"https:\/\/gedii.eu\/pl\/produkt\/plastry-moringa-berberyna-opinie\/","url":"https:\/\/gedii.eu\/pl\/produkt\/plastry-moringa-berberyna-opinie\/","name":"Plastry Moringa i Berberyna \ud83d\udd90\ufe0f \u20ac14.99 \u2013 Opinie i Recenzja","isPartOf":{"@id":"https:\/\/gedii.eu\/pl\/#website"},"primaryImageOfPage":{"@id":"https:\/\/gedii.eu\/pl\/produkt\/plastry-moringa-berberyna-opinie\/#primaryimage"},"image":{"@id":"https:\/\/gedii.eu\/pl\/produkt\/plastry-moringa-berberyna-opinie\/#primaryimage"},"thumbnailUrl":"https:\/\/gedii.eu\/wp-content\/uploads\/2026\/01\/Moringa-x-Berberine.jpg","datePublished":"2026-01-17T08:43:11+00:00","dateModified":"2026-02-15T13:00:16+00:00","breadcrumb":{"@id":"https:\/\/gedii.eu\/pl\/produkt\/plastry-moringa-berberyna-opinie\/#breadcrumb"},"inLanguage":"pl-PL","potentialAction":[{"@type":"ReadAction","target":["https:\/\/gedii.eu\/pl\/produkt\/plastry-moringa-berberyna-opinie\/"]}]},{"@type":"ImageObject","inLanguage":"pl-PL","@id":"https:\/\/gedii.eu\/pl\/produkt\/plastry-moringa-berberyna-opinie\/#primaryimage","url":"https:\/\/gedii.eu\/wp-content\/uploads\/2026\/01\/Moringa-x-Berberine.jpg","contentUrl":"https:\/\/gedii.eu\/wp-content\/uploads\/2026\/01\/Moringa-x-Berberine.jpg","width":1106,"height":1106},{"@type":"BreadcrumbList","@id":"https:\/\/gedii.eu\/pl\/produkt\/plastry-moringa-berberyna-opinie\/#breadcrumb","itemListElement":[{"@type":"ListItem","position":1,"name":"Startseite","item":"https:\/\/gedii.eu\/pl\/"},{"@type":"ListItem","position":2,"name":"Shop","item":"https:\/\/gedii.eu\/shop\/"},{"@type":"ListItem","position":3,"name":"Plastry Moringa i Berberyna \u2013 Opinie i Recenzja"}]},{"@type":"WebSite","@id":"https:\/\/gedii.eu\/pl\/#website","url":"https:\/\/gedii.eu\/pl\/","name":"gedii.eu","description":"","potentialAction":[{"@type":"SearchAction","target":{"@type":"EntryPoint","urlTemplate":"https:\/\/gedii.eu\/pl\/?s={search_term_string}"},"query-input":{"@type":"PropertyValueSpecification","valueRequired":true,"valueName":"search_term_string"}}],"inLanguage":"pl-PL"}]}},"_links":{"self":[{"href":"https:\/\/gedii.eu\/pl\/wp-json\/wp\/v2\/product\/585","targetHints":{"allow":["GET"]}}],"collection":[{"href":"https:\/\/gedii.eu\/pl\/wp-json\/wp\/v2\/product"}],"about":[{"href":"https:\/\/gedii.eu\/pl\/wp-json\/wp\/v2\/types\/product"}],"replies":[{"embeddable":true,"href":"https:\/\/gedii.eu\/pl\/wp-json\/wp\/v2\/comments?post=585"}],"wp:featuredmedia":[{"embeddable":true,"href":"https:\/\/gedii.eu\/pl\/wp-json\/wp\/v2\/media\/389"}],"wp:attachment":[{"href":"https:\/\/gedii.eu\/pl\/wp-json\/wp\/v2\/media?parent=585"}],"wp:term":[{"taxonomy":"product_brand","embeddable":true,"href":"https:\/\/gedii.eu\/pl\/wp-json\/wp\/v2\/product_brand?post=585"},{"taxonomy":"product_cat","embeddable":true,"href":"https:\/\/gedii.eu\/pl\/wp-json\/wp\/v2\/product_cat?post=585"},{"taxonomy":"product_tag","embeddable":true,"href":"https:\/\/gedii.eu\/pl\/wp-json\/wp\/v2\/product_tag?post=585"}],"curies":[{"name":"wp","href":"https:\/\/api.w.org\/{rel}","templated":true}]}}