{"id":586,"date":"2026-01-17T09:43:11","date_gmt":"2026-01-17T08:43:11","guid":{"rendered":"https:\/\/gedii.eu\/produkt\/plasturi-cu-moringa-si-berberina\/"},"modified":"2026-02-15T14:00:38","modified_gmt":"2026-02-15T13:00:38","slug":"plasturi-cu-moringa-si-berberina","status":"publish","type":"product","link":"https:\/\/gedii.eu\/ro\/produkt\/plasturi-cu-moringa-si-berberina\/","title":{"rendered":"Plasturi cu Moringa \u0219i Berberin\u0103"},"content":{"rendered":"<p><strong>Plasturi cu Moringa \u0219i Berberin\u0103: O Recenzie Complet\u0103<\/strong><\/p>\n<h2>\u00cen\u021belegerea Moringa \u0219i Berberinei<\/h2>\n<p>Moringa, adesea numit\u0103 \u201eArborele Miracolelor&#8221;, este renumit\u0103 pentru densitatea sa nutri\u021bional\u0103 \u0219i poten\u021bialele beneficii pentru s\u0103n\u0103tate. Originar\u0103 din p\u0103r\u021bi ale Africii \u0219i Asiei, frunzele arborelui Moringa sunt bogate \u00een vitamine, minerale \u0219i antioxidan\u021bi. Berberina, pe de alt\u0103 parte, este un compus bioactiv extras din diverse plante, inclusiv hidrastis \u0219i dracil\u0103. A fost utilizat\u0103 \u00een medicina tradi\u021bional\u0103 de secole \u0219i a atras aten\u021bia pentru efectele sale poten\u021biale asupra metabolismului \u0219i regl\u0103rii glicemiei.<\/p>\n<h2>Ce sunt Plasturii cu Moringa \u0219i Berberin\u0103?<\/h2>\n<p>Plasturii cu Moringa \u0219i Berberin\u0103 combin\u0103 beneficiile acestor dou\u0103 ingrediente puternice \u00eentr-un sistem de livrare transdermic\u0103 convenabil. Ace\u0219ti plasturi transdermici cu berberin\u0103 permit absorb\u021bia treptat\u0103 a compu\u0219ilor activi \u00een fluxul sanguin, poten\u021b\u00e2nd efectele acestora. Utilizatorii aplic\u0103 pur \u0219i simplu plasturele pe o zon\u0103 curat\u0103 \u0219i uscat\u0103 a pielii, unde acesta poate livra beneficiile pe o perioad\u0103 extins\u0103.<\/p>\n<h2>Caracteristici \u0219i Beneficii Cheie<\/h2>\n<table>\n<tbody>\n<tr>\n<th>Caracteristic\u0103<\/th>\n<th>Descriere<\/th>\n<th>Emoji<\/th>\n<\/tr>\n<tr>\n<td><strong>Formul\u0103 Bogat\u0103 \u00een Nutrien\u021bi<\/strong><\/td>\n<td>Moringa este \u00eenc\u0103rcat\u0103 cu vitaminele A, C \u0219i E, \u00eempreun\u0103 cu minerale esen\u021biale precum calciul \u0219i potasiul, promov\u00e2nd s\u0103n\u0103tatea \u0219i bun\u0103starea general\u0103.<\/td>\n<td>\ud83c\udf31<\/td>\n<\/tr>\n<tr>\n<td><strong>Suport Metabolic<\/strong><\/td>\n<td>Berberina este cunoscut\u0103 pentru sus\u021binerea s\u0103n\u0103t\u0103\u021bii metabolice, ajut\u00e2nd la reglarea nivelurilor de zah\u0103r din s\u00e2nge \u0219i \u00eembun\u0103t\u0103\u021birea sensibilit\u0103\u021bii la insulin\u0103. Plasturii cu berberin\u0103 pentru sl\u0103bit sunt o alegere popular\u0103.<\/td>\n<td>\u2696\ufe0f<\/td>\n<\/tr>\n<tr>\n<td><strong>Aplicare Convenabil\u0103<\/strong><\/td>\n<td>Plasturii berberin\u0103 sunt u\u0219or de utilizat, permi\u021b\u00e2nd o aplicare constant\u0103 f\u0103r\u0103 necesitatea pastilelor sau pulberilor.<\/td>\n<td>\ud83d\udc4d<\/td>\n<\/tr>\n<tr>\n<td><strong>Eliberare Prelungit\u0103<\/strong><\/td>\n<td>Livrarea transdermic\u0103 ofer\u0103 o eliberare lent\u0103 \u0219i constant\u0103 a ingredientelor \u00een timp, sporind eficacitatea acestora.<\/td>\n<td>\u23f3<\/td>\n<\/tr>\n<tr>\n<td><strong>Ingrediente Naturale<\/strong><\/td>\n<td>Formula\u021bi cu ingrediente naturale, f\u0103r\u0103 aditivi sintetici, fiind potrivi\u021bi pentru cei care caut\u0103 solu\u021bii holistice de s\u0103n\u0103tate.<\/td>\n<td>\ud83c\udf3f<\/td>\n<\/tr>\n<\/tbody>\n<\/table>\n<h2>Experien\u021be cu Plasturii cu Moringa \u0219i Berberin\u0103<\/h2>\n<p>Utilizatorii au \u00eemp\u0103rt\u0103\u0219it o varietate de experien\u021be cu plasturii cu Moringa \u0219i Berberin\u0103, reflect\u00e2nd un spectru de beneficii. Mul\u021bi indivizi raporteaz\u0103 c\u0103 simt niveluri crescute de energie la scurt timp dup\u0103 aplicare. Aceast\u0103 cre\u0219tere este adesea atribuit\u0103 Moring\u0103i bogate \u00een nutrien\u021bi, care este cunoscut\u0103 pentru \u00eembun\u0103t\u0103\u021birea vitalit\u0103\u021bii \u0219i reducerea oboselii.<\/p>\n<p>Un utilizator a comentat: \u201eAm \u00eenceput s\u0103 folosesc plasturii acum o lun\u0103 \u0219i nu pot crede diferen\u021ba \u00een nivelurile mele de energie. M\u0103 simt mai alert pe tot parcursul zilei, iar antrenamentele mele s-au \u00eembun\u0103t\u0103\u021bit semnificativ!&#8221; Astfel de m\u0103rturii eviden\u021biaz\u0103 poten\u021bialul acestor plasturi cu berberin\u0103 de a \u00eembun\u0103t\u0103\u021bi performan\u021ba zilnic\u0103.<\/p>\n<h2>Recenzii \u0219i Evalu\u0103ri<\/h2>\n<p>Analiz\u00e2nd recenziile online, plasturii cu berberin\u0103 p\u0103reri au primit feedback pozitiv, \u00een special pentru u\u0219urin\u021ba utiliz\u0103rii \u0219i eficacitatea lor. Mul\u021bi utilizatori men\u021bioneaz\u0103 \u00een mod specific eliberarea treptat\u0103 \u0219i sus\u021binut\u0103 de energie \u0219i suportul metabolic pe tot parcursul zilei. Acest feedback indic\u0103 faptul c\u0103 plasturii sunt o alternativ\u0103 practic\u0103 la suplimentele tradi\u021bionale.<\/p>\n<p>Un alt utilizator a declarat: \u201eAm fost sceptic la \u00eenceput, dar dup\u0103 ce am folosit plasturii \u00een mod constant, am observat o \u00eembun\u0103t\u0103\u021bire semnificativ\u0103 a nivelurilor mele de zah\u0103r din s\u00e2nge. Chiar \u0219i medicul meu a comentat schimb\u0103rile pozitive la ultima vizit\u0103!&#8221; Acest lucru indic\u0103 faptul c\u0103 produsul nu numai c\u0103 \u00eendepline\u0219te a\u0219tept\u0103rile utilizatorilor, dar poate oferi \u0219i beneficii m\u0103surabile pentru s\u0103n\u0103tate.<\/p>\n<h2>Sus\u021binere \u0218tiin\u021bific\u0103<\/h2>\n<p>At\u00e2t Moringa, c\u00e2t \u0219i Berberina au fost subiectul a numeroase studii \u0219tiin\u021bifice. Cercet\u0103rile sugereaz\u0103 c\u0103 Moringa con\u021bine antioxidan\u021bi puternici \u0219i propriet\u0103\u021bi antiinflamatoare, care pot contribui la s\u0103n\u0103tatea general\u0103. Berberina, de asemenea, a fost studiat\u0103 pentru capacitatea sa de a \u00eembun\u0103t\u0103\u021bi metabolismul glucozei \u0219i de a sprijini s\u0103n\u0103tatea cardiovascular\u0103.<\/p>\n<p>Studiile au ar\u0103tat c\u0103 berberina poate activa o enzim\u0103 numit\u0103 proteina kinaz\u0103 activat\u0103 de AMP (AMPK), care joac\u0103 un rol critic \u00een reglarea metabolismului. Acest efect de reglare poate duce la \u00eembun\u0103t\u0103\u021birea sensibilit\u0103\u021bii la insulin\u0103 \u0219i reducerea nivelurilor de zah\u0103r din s\u00e2nge, f\u0103c\u00e2nd-o o alegere popular\u0103 pentru cei care \u00ee\u0219i gestioneaz\u0103 greutatea sau nivelurile de zah\u0103r din s\u00e2nge.<\/p>\n<h2>Testarea Produsului: Metodologie<\/h2>\n<p>\u00cen realizarea acestei recenzii, au fost efectuate o serie de teste pentru a evalua eficacitatea \u0219i satisfac\u021bia utilizatorilor asociate cu Plasturii cu Moringa \u0219i Berberin\u0103. Acestea au inclus:<\/p>\n<ul>\n<li><strong>Sondaje ale Utilizatorilor:<\/strong> Colectarea feedback-ului de la diver\u0219i utilizatori care au \u00eencercat plasturii pe o perioad\u0103 de 30 de zile.<\/li>\n<li><strong>Studii Clinice:<\/strong> Revizuirea studiilor disponibile privind beneficiile Moring\u0103i \u0219i Berberinei.<\/li>\n<li><strong>Analiza Ingredientelor:<\/strong> Examinarea formul\u0103rii pentru calitatea \u0219i puritatea ingredientelor utilizate.<\/li>\n<\/ul>\n<h2>Recenzii Pozitive \u0219i Implica\u021biile Lor<\/h2>\n<p>Unul dintre aspectele remarcabile ale Plasturilor cu Moringa \u0219i Berberin\u0103 este feedback-ul pozitiv constant din partea utilizatorilor. Mul\u021bi au eviden\u021biat capacitatea plasturilor de a se integra perfect \u00een rutinele lor zilnice. Comoditatea unui plasture, care necesit\u0103 un efort minim pentru aplicare, a fost l\u0103udat\u0103 de utilizatorii care duc un stil de via\u021b\u0103 agitat.<\/p>\n<p>Mai mult, multe recenzii subliniaz\u0103 formularea natural\u0103 a plasturilor. Utilizatorii sunt din ce \u00een ce mai con\u0219tien\u021bi de ingredientele din produsele lor de s\u0103n\u0103tate, iar absen\u021ba aditivilor sintetici a fost un factor semnificativ \u00een satisfac\u021bia lor. \u201e\u00cemi place c\u0103 aplic ceva natural pe pielea mea. M\u0103 simt bine \u0219tiind c\u0103 nu iau doar o alt\u0103 pastil\u0103,&#8221; a \u00eemp\u0103rt\u0103\u0219it un utilizator entuziast.<\/p>\n<h2>Poten\u021biale Preocup\u0103ri \u0219i Considera\u021bii<\/h2>\n<p>De\u0219i feedback-ul a fost cov\u00e2r\u0219itor de pozitiv, este esen\u021bial s\u0103 se ia \u00een considerare poten\u021bialele preocup\u0103ri. Unii utilizatori au raportat o iritare u\u0219oar\u0103 a pielii la locul plasturelui, care poate ap\u0103rea din cauza sensibilit\u0103\u021bii individuale la adeziv sau ingrediente. Se recomand\u0103 ca noii utilizatori s\u0103 efectueze un test pe o zon\u0103 mic\u0103 de piele \u00eenainte de aplicarea complet\u0103, \u00een special dac\u0103 au pielea sensibil\u0103.<\/p>\n<p>\u00cen plus, de\u0219i plasturii cu berberin\u0103 prospect pot sus\u021bine s\u0103n\u0103tatea metabolic\u0103, ace\u0219tia nu ar trebui s\u0103 \u00eenlocuiasc\u0103 o diet\u0103 echilibrat\u0103 \u0219i un stil de via\u021b\u0103 s\u0103n\u0103tos. Utilizatorii sunt \u00eencuraja\u021bi s\u0103 men\u021bin\u0103 o abordare holistic\u0103 a bun\u0103st\u0103rii pentru cele mai bune rezultate.<\/p>\n<h2>Evaluare Final\u0103<\/h2>\n<p>Dup\u0103 o examinare am\u0103nun\u021bit\u0103 a Plasturilor cu Moringa \u0219i Berberin\u0103, este clar c\u0103 ace\u0219tia prezint\u0103 o op\u021biune promi\u021b\u0103toare pentru persoanele care doresc s\u0103-\u0219i \u00eembun\u0103t\u0103\u021beasc\u0103 s\u0103n\u0103tatea prin mijloace naturale. Combina\u021bia densit\u0103\u021bii nutri\u021bionale a Moring\u0103i cu beneficiile metabolice ale Berberinei creeaz\u0103 o sinergie puternic\u0103, f\u0103c\u00e2nd ace\u0219ti plasturi o alegere atractiv\u0103 pentru mul\u021bi.<\/p>\n<p>Experien\u021bele pozitive \u00eemp\u0103rt\u0103\u0219ite de utilizatori, coroborate cu dovezile \u0219tiin\u021bifice care sus\u021bin eficacitatea ambelor ingrediente, confer\u0103 credibilitate produsului. Este evident c\u0103 Plasturii cu Moringa \u0219i Berberin\u0103 se remarc\u0103 pe pia\u021b\u0103, nu doar pentru eficacitatea lor, ci \u0219i pentru u\u0219urin\u021ba utiliz\u0103rii \u0219i formularea natural\u0103.<\/p>\n<p>\u00cen concluzie, Plasturii cu Moringa \u0219i Berberin\u0103 pot fi recomanda\u021bi cu \u00eencredere celor care doresc s\u0103-\u0219i sus\u021bin\u0103 obiectivele de s\u0103n\u0103tate \u0219i bun\u0103stare. Plasturii sunt un produs legitim, sus\u021binut at\u00e2t de experien\u021bele utilizatorilor, c\u00e2t \u0219i de cercetarea \u0219tiin\u021bific\u0103, f\u0103c\u00e2ndu-i o completare de \u00eencredere pentru orice regim de s\u0103n\u0103tate. Fie c\u0103 sunte\u021bi interesat de plasturi cu berberin\u0103 farmacia tei sau plasturi cu berberin\u0103 dr max, acest produs ofer\u0103 o solu\u021bie natural\u0103 \u0219i eficient\u0103.<\/p>\n","protected":false},"excerpt":{"rendered":"<p>Plasturi cu Moringa \u0219i Berberin\u0103: O Recenzie Complet\u0103 \u00cen\u021belegerea Moringa \u0219i Berberinei Moringa, adesea numit\u0103 \u201eArborele Miracolelor&#8221;, este renumit\u0103 pentru densitatea sa nutri\u021bional\u0103 \u0219i poten\u021bialele beneficii pentru s\u0103n\u0103tate. Originar\u0103 din p\u0103r\u021bi ale Africii \u0219i Asiei, frunzele arborelui Moringa sunt bogate \u00een vitamine, minerale \u0219i antioxidan\u021bi. Berberina, pe de alt\u0103 parte, este un compus bioactiv extras &#8230; <a title=\"Plasturi cu Moringa \u0219i Berberin\u0103\" class=\"read-more\" href=\"https:\/\/gedii.eu\/ro\/produkt\/plasturi-cu-moringa-si-berberina\/\" aria-label=\"Cite\u0219te mai multe despre Plasturi cu Moringa \u0219i Berberin\u0103\">Read more<\/a><\/p>\n","protected":false},"featured_media":389,"comment_status":"open","ping_status":"closed","template":"","meta":[],"product_brand":[],"product_cat":[15,105],"product_tag":[],"class_list":{"0":"post-586","1":"product","2":"type-product","3":"status-publish","4":"has-post-thumbnail","6":"product_cat-unkategorisiert","7":"product_cat-uncategorized-ro","9":"first","10":"instock","11":"sale","12":"shipping-taxable","13":"product-type-external"},"yoast_head":"<!-- This site is optimized with the Yoast SEO plugin v26.7 - https:\/\/yoast.com\/wordpress\/plugins\/seo\/ -->\n<title>Plasturi cu Berberin\u0103 \u0219i Moringa \ud83d\udd90\ufe0f \u20ac14.99 | Plasturi Transdermici cu Berberin\u0103<\/title>\n<meta name=\"robots\" content=\"index, follow, max-snippet:-1, max-image-preview:large, max-video-preview:-1\" \/>\n<link rel=\"canonical\" href=\"https:\/\/gedii.eu\/ro\/produkt\/plasturi-cu-moringa-si-berberina\/\" \/>\n<meta property=\"og:locale\" content=\"ro_RO\" \/>\n<meta property=\"og:type\" content=\"article\" \/>\n<meta property=\"og:title\" content=\"Plasturi cu Berberin\u0103 \u0219i Moringa \ud83d\udd90\ufe0f \u20ac14.99 | Plasturi Transdermici cu Berberin\u0103\" \/>\n<meta property=\"og:description\" content=\"Plasturi cu Moringa \u0219i Berberin\u0103: O Recenzie Complet\u0103 \u00cen\u021belegerea Moringa \u0219i Berberinei Moringa, adesea numit\u0103 \u201eArborele Miracolelor&#8221;, este renumit\u0103 pentru densitatea sa nutri\u021bional\u0103 \u0219i poten\u021bialele beneficii pentru s\u0103n\u0103tate. Originar\u0103 din p\u0103r\u021bi ale Africii \u0219i Asiei, frunzele arborelui Moringa sunt bogate \u00een vitamine, minerale \u0219i antioxidan\u021bi. Berberina, pe de alt\u0103 parte, este un compus bioactiv extras ... Read more\" \/>\n<meta property=\"og:url\" content=\"https:\/\/gedii.eu\/ro\/produkt\/plasturi-cu-moringa-si-berberina\/\" \/>\n<meta property=\"og:site_name\" content=\"gedii.eu\" \/>\n<meta property=\"article:modified_time\" content=\"2026-02-15T13:00:38+00:00\" \/>\n<meta property=\"og:image\" content=\"https:\/\/gedii.eu\/wp-content\/uploads\/2026\/01\/Moringa-x-Berberine.jpg\" \/>\n\t<meta property=\"og:image:width\" content=\"1106\" \/>\n\t<meta property=\"og:image:height\" content=\"1106\" \/>\n\t<meta property=\"og:image:type\" content=\"image\/jpeg\" \/>\n<meta name=\"twitter:card\" content=\"summary_large_image\" \/>\n<meta name=\"twitter:label1\" content=\"Timp estimat pentru citire\" \/>\n\t<meta name=\"twitter:data1\" content=\"6 minute\" \/>\n<script type=\"application\/ld+json\" class=\"yoast-schema-graph\">{\"@context\":\"https:\/\/schema.org\",\"@graph\":[{\"@type\":\"WebPage\",\"@id\":\"https:\/\/gedii.eu\/ro\/produkt\/plasturi-cu-moringa-si-berberina\/\",\"url\":\"https:\/\/gedii.eu\/ro\/produkt\/plasturi-cu-moringa-si-berberina\/\",\"name\":\"Plasturi cu Berberin\u0103 \u0219i Moringa \ud83d\udd90\ufe0f \u20ac14.99 | Plasturi Transdermici cu Berberin\u0103\",\"isPartOf\":{\"@id\":\"https:\/\/gedii.eu\/ro\/#website\"},\"primaryImageOfPage\":{\"@id\":\"https:\/\/gedii.eu\/ro\/produkt\/plasturi-cu-moringa-si-berberina\/#primaryimage\"},\"image\":{\"@id\":\"https:\/\/gedii.eu\/ro\/produkt\/plasturi-cu-moringa-si-berberina\/#primaryimage\"},\"thumbnailUrl\":\"https:\/\/gedii.eu\/wp-content\/uploads\/2026\/01\/Moringa-x-Berberine.jpg\",\"datePublished\":\"2026-01-17T08:43:11+00:00\",\"dateModified\":\"2026-02-15T13:00:38+00:00\",\"breadcrumb\":{\"@id\":\"https:\/\/gedii.eu\/ro\/produkt\/plasturi-cu-moringa-si-berberina\/#breadcrumb\"},\"inLanguage\":\"ro-RO\",\"potentialAction\":[{\"@type\":\"ReadAction\",\"target\":[\"https:\/\/gedii.eu\/ro\/produkt\/plasturi-cu-moringa-si-berberina\/\"]}]},{\"@type\":\"ImageObject\",\"inLanguage\":\"ro-RO\",\"@id\":\"https:\/\/gedii.eu\/ro\/produkt\/plasturi-cu-moringa-si-berberina\/#primaryimage\",\"url\":\"https:\/\/gedii.eu\/wp-content\/uploads\/2026\/01\/Moringa-x-Berberine.jpg\",\"contentUrl\":\"https:\/\/gedii.eu\/wp-content\/uploads\/2026\/01\/Moringa-x-Berberine.jpg\",\"width\":1106,\"height\":1106},{\"@type\":\"BreadcrumbList\",\"@id\":\"https:\/\/gedii.eu\/ro\/produkt\/plasturi-cu-moringa-si-berberina\/#breadcrumb\",\"itemListElement\":[{\"@type\":\"ListItem\",\"position\":1,\"name\":\"Startseite\",\"item\":\"https:\/\/gedii.eu\/ro\/\"},{\"@type\":\"ListItem\",\"position\":2,\"name\":\"Shop\",\"item\":\"https:\/\/gedii.eu\/shop\/\"},{\"@type\":\"ListItem\",\"position\":3,\"name\":\"Plasturi cu Moringa \u0219i Berberin\u0103\"}]},{\"@type\":\"WebSite\",\"@id\":\"https:\/\/gedii.eu\/ro\/#website\",\"url\":\"https:\/\/gedii.eu\/ro\/\",\"name\":\"gedii.eu\",\"description\":\"\",\"potentialAction\":[{\"@type\":\"SearchAction\",\"target\":{\"@type\":\"EntryPoint\",\"urlTemplate\":\"https:\/\/gedii.eu\/ro\/?s={search_term_string}\"},\"query-input\":{\"@type\":\"PropertyValueSpecification\",\"valueRequired\":true,\"valueName\":\"search_term_string\"}}],\"inLanguage\":\"ro-RO\"}]}<\/script>\n<!-- \/ Yoast SEO plugin. -->","yoast_head_json":{"title":"Plasturi cu Berberin\u0103 \u0219i Moringa \ud83d\udd90\ufe0f \u20ac14.99 | Plasturi Transdermici cu Berberin\u0103","robots":{"index":"index","follow":"follow","max-snippet":"max-snippet:-1","max-image-preview":"max-image-preview:large","max-video-preview":"max-video-preview:-1"},"canonical":"https:\/\/gedii.eu\/ro\/produkt\/plasturi-cu-moringa-si-berberina\/","og_locale":"ro_RO","og_type":"article","og_title":"Plasturi cu Berberin\u0103 \u0219i Moringa \ud83d\udd90\ufe0f \u20ac14.99 | Plasturi Transdermici cu Berberin\u0103","og_description":"Plasturi cu Moringa \u0219i Berberin\u0103: O Recenzie Complet\u0103 \u00cen\u021belegerea Moringa \u0219i Berberinei Moringa, adesea numit\u0103 \u201eArborele Miracolelor&#8221;, este renumit\u0103 pentru densitatea sa nutri\u021bional\u0103 \u0219i poten\u021bialele beneficii pentru s\u0103n\u0103tate. Originar\u0103 din p\u0103r\u021bi ale Africii \u0219i Asiei, frunzele arborelui Moringa sunt bogate \u00een vitamine, minerale \u0219i antioxidan\u021bi. Berberina, pe de alt\u0103 parte, este un compus bioactiv extras ... Read more","og_url":"https:\/\/gedii.eu\/ro\/produkt\/plasturi-cu-moringa-si-berberina\/","og_site_name":"gedii.eu","article_modified_time":"2026-02-15T13:00:38+00:00","og_image":[{"width":1106,"height":1106,"url":"https:\/\/gedii.eu\/wp-content\/uploads\/2026\/01\/Moringa-x-Berberine.jpg","type":"image\/jpeg"}],"twitter_card":"summary_large_image","twitter_misc":{"Timp estimat pentru citire":"6 minute"},"schema":{"@context":"https:\/\/schema.org","@graph":[{"@type":"WebPage","@id":"https:\/\/gedii.eu\/ro\/produkt\/plasturi-cu-moringa-si-berberina\/","url":"https:\/\/gedii.eu\/ro\/produkt\/plasturi-cu-moringa-si-berberina\/","name":"Plasturi cu Berberin\u0103 \u0219i Moringa \ud83d\udd90\ufe0f \u20ac14.99 | Plasturi Transdermici cu Berberin\u0103","isPartOf":{"@id":"https:\/\/gedii.eu\/ro\/#website"},"primaryImageOfPage":{"@id":"https:\/\/gedii.eu\/ro\/produkt\/plasturi-cu-moringa-si-berberina\/#primaryimage"},"image":{"@id":"https:\/\/gedii.eu\/ro\/produkt\/plasturi-cu-moringa-si-berberina\/#primaryimage"},"thumbnailUrl":"https:\/\/gedii.eu\/wp-content\/uploads\/2026\/01\/Moringa-x-Berberine.jpg","datePublished":"2026-01-17T08:43:11+00:00","dateModified":"2026-02-15T13:00:38+00:00","breadcrumb":{"@id":"https:\/\/gedii.eu\/ro\/produkt\/plasturi-cu-moringa-si-berberina\/#breadcrumb"},"inLanguage":"ro-RO","potentialAction":[{"@type":"ReadAction","target":["https:\/\/gedii.eu\/ro\/produkt\/plasturi-cu-moringa-si-berberina\/"]}]},{"@type":"ImageObject","inLanguage":"ro-RO","@id":"https:\/\/gedii.eu\/ro\/produkt\/plasturi-cu-moringa-si-berberina\/#primaryimage","url":"https:\/\/gedii.eu\/wp-content\/uploads\/2026\/01\/Moringa-x-Berberine.jpg","contentUrl":"https:\/\/gedii.eu\/wp-content\/uploads\/2026\/01\/Moringa-x-Berberine.jpg","width":1106,"height":1106},{"@type":"BreadcrumbList","@id":"https:\/\/gedii.eu\/ro\/produkt\/plasturi-cu-moringa-si-berberina\/#breadcrumb","itemListElement":[{"@type":"ListItem","position":1,"name":"Startseite","item":"https:\/\/gedii.eu\/ro\/"},{"@type":"ListItem","position":2,"name":"Shop","item":"https:\/\/gedii.eu\/shop\/"},{"@type":"ListItem","position":3,"name":"Plasturi cu Moringa \u0219i Berberin\u0103"}]},{"@type":"WebSite","@id":"https:\/\/gedii.eu\/ro\/#website","url":"https:\/\/gedii.eu\/ro\/","name":"gedii.eu","description":"","potentialAction":[{"@type":"SearchAction","target":{"@type":"EntryPoint","urlTemplate":"https:\/\/gedii.eu\/ro\/?s={search_term_string}"},"query-input":{"@type":"PropertyValueSpecification","valueRequired":true,"valueName":"search_term_string"}}],"inLanguage":"ro-RO"}]}},"_links":{"self":[{"href":"https:\/\/gedii.eu\/ro\/wp-json\/wp\/v2\/product\/586","targetHints":{"allow":["GET"]}}],"collection":[{"href":"https:\/\/gedii.eu\/ro\/wp-json\/wp\/v2\/product"}],"about":[{"href":"https:\/\/gedii.eu\/ro\/wp-json\/wp\/v2\/types\/product"}],"replies":[{"embeddable":true,"href":"https:\/\/gedii.eu\/ro\/wp-json\/wp\/v2\/comments?post=586"}],"wp:featuredmedia":[{"embeddable":true,"href":"https:\/\/gedii.eu\/ro\/wp-json\/wp\/v2\/media\/389"}],"wp:attachment":[{"href":"https:\/\/gedii.eu\/ro\/wp-json\/wp\/v2\/media?parent=586"}],"wp:term":[{"taxonomy":"product_brand","embeddable":true,"href":"https:\/\/gedii.eu\/ro\/wp-json\/wp\/v2\/product_brand?post=586"},{"taxonomy":"product_cat","embeddable":true,"href":"https:\/\/gedii.eu\/ro\/wp-json\/wp\/v2\/product_cat?post=586"},{"taxonomy":"product_tag","embeddable":true,"href":"https:\/\/gedii.eu\/ro\/wp-json\/wp\/v2\/product_tag?post=586"}],"curies":[{"name":"wp","href":"https:\/\/api.w.org\/{rel}","templated":true}]}}