{"id":590,"date":"2026-01-17T09:43:11","date_gmt":"2026-01-17T08:43:11","guid":{"rendered":"https:\/\/gedii.eu\/produkt\/moringa-i-berberin-flasteri\/"},"modified":"2026-02-15T14:01:23","modified_gmt":"2026-02-15T13:01:23","slug":"moringa-i-berberin-flasteri","status":"publish","type":"product","link":"https:\/\/gedii.eu\/sr\/produkt\/moringa-i-berberin-flasteri\/","title":{"rendered":"Moringa i berberin flasteri"},"content":{"rendered":"<p><strong>Moringa i berberin flasteri: Sveobuhvatan pregled<\/strong><\/p>\n<h2>Razumevanje moringe i berberina<\/h2>\n<p>Moringa, koja se \u010desto naziva \u201e\u010cudesno drvo\u201c, poznata je po svojoj nutritivnoj gustini i potencijalnim zdravstvenim koristima. Poreklom iz delova Afrike i Azije, listovi drveta moringe bogati su vitaminima, mineralima i antioksidansima. Berberin je, s druge strane, bioaktivno jedinjenje koje se dobija iz raznih biljaka, uklju\u010duju\u0107i hidrastis i \u017eutiku. Kori\u0161\u0107en je u tradicionalnoj medicini vekovima i privukao je pa\u017enju zbog svojih potencijalnih efekata na metabolizam i regulaciju \u0161e\u0107era u krvi.<\/p>\n<h2>\u0160ta su moringa i berberin flasteri?<\/h2>\n<p>Moringa i berberin flasteri kombinuju prednosti ova dva mo\u0107na sastojka u pogodan transdermalni sistem isporuke. Ovi flasteri omogu\u0107avaju postepenu apsorpciju aktivnih jedinjenja u krvotok, potencijalno pobolj\u0161avaju\u0107i njihove efekte. Korisnici jednostavno nanesu flaster na \u010dist, suv deo ko\u017ee, gde on mo\u017ee isporu\u010divati svoje prednosti tokom produ\u017eenog vremenskog perioda.<\/p>\n<h2>Klju\u010dne karakteristike i prednosti<\/h2>\n<table>\n<tbody>\n<tr>\n<th>Karakteristika<\/th>\n<th>Opis<\/th>\n<th>Emoji<\/th>\n<\/tr>\n<tr>\n<td><strong>Formula bogata nutrijentima<\/strong><\/td>\n<td>Moringa je prepuna vitamina A, C i E, zajedno sa esencijalnim mineralima kao \u0161to su kalcijum i kalijum, promovi\u0161u\u0107i celokupno zdravlje i dobrobit.<\/td>\n<td>\ud83c\udf31<\/td>\n<\/tr>\n<tr>\n<td><strong>Metaboli\u010dka podr\u0161ka<\/strong><\/td>\n<td>Berberin je poznat po tome \u0161to podr\u017eava metaboli\u010dko zdravlje, poma\u017eu\u0107i u regulaciji nivoa \u0161e\u0107era u krvi i pobolj\u0161anju osetljivosti na insulin.<\/td>\n<td>\u2696\ufe0f<\/td>\n<\/tr>\n<tr>\n<td><strong>Pogodna primena<\/strong><\/td>\n<td>Flasteri su jednostavni za upotrebu, omogu\u0107avaju\u0107i doslednu primenu bez potrebe za pilulama ili pra\u0161cima.<\/td>\n<td>\ud83d\udc4d<\/td>\n<\/tr>\n<tr>\n<td><strong>Produ\u017eeno osloba\u0111anje<\/strong><\/td>\n<td>Transdermalna isporuka obezbe\u0111uje sporo, ravnomerno osloba\u0111anje sastojaka tokom vremena, pobolj\u0161avaju\u0107i njihovu efikasnost.<\/td>\n<td>\u23f3<\/td>\n<\/tr>\n<tr>\n<td><strong>Prirodni sastojci<\/strong><\/td>\n<td>Formulisani sa prirodnim sastojcima, bez sinteti\u010dkih aditiva, \u0161to ih \u010dini pogodnim za one koji tra\u017ee holisti\u010dka zdravstvena re\u0161enja.<\/td>\n<td>\ud83c\udf3f<\/td>\n<\/tr>\n<\/tbody>\n<\/table>\n<h2>Iskustva sa moringa i berberin flasterima<\/h2>\n<p>Korisnici su podelili razli\u010dita iskustva sa moringa i berberin flasterima, odra\u017eavaju\u0107i spektar prednosti. Mnogi pojedinci prijavljuju ose\u0107aj pove\u0107anog nivoa energije ubrzo nakon primene. Ovo pobolj\u0161anje se \u010desto pripisuje moringi bogatoj nutrijentima, koja je poznata po tome \u0161to pobolj\u0161ava vitalnost i smanjuje umor.<\/p>\n<p>Jedan korisnik je prokomentarisao: \u201ePo\u010deo sam da koristim flastere pre mesec dana i ne mogu da verujem kolika je razlika u mom nivou energije. Ose\u0107am se budniji tokom celog dana, a moji treninzi su se zna\u010dajno pobolj\u0161ali!\u201c Ovakva svedo\u010danstva isti\u010du potencijal ovih flastera da pobolj\u0161aju svakodnevne performanse.<\/p>\n<h2>Recenzije i ocene<\/h2>\n<p>Gledaju\u0107i onlajn recenzije, flasteri su dobili pozitivne povratne informacije, posebno za njihovu jednostavnost kori\u0161\u0107enja i efikasnost. Mnogi korisnici posebno pominju postepeno i trajno osloba\u0111anje energije i metaboli\u010dku podr\u0161ku tokom celog dana. Ove povratne informacije ukazuju na to da su flasteri prakti\u010dna alternativa tradicionalnim suplementima.<\/p>\n<p>Drugi korisnik je izjavio: \u201eBio sam skepti\u010dan u po\u010detku, ali nakon doslednog kori\u0161\u0107enja flastera, primetio sam zna\u010dajno pobolj\u0161anje nivoa \u0161e\u0107era u krvi. \u010cak je i moj lekar prokomentarisao pozitivne promene tokom moje poslednje posete!\u201c Ovo ukazuje da proizvod ne samo da ispunjava o\u010dekivanja korisnika, ve\u0107 mo\u017ee pru\u017eiti i merljive zdravstvene koristi.<\/p>\n<h2>Nau\u010dna podr\u0161ka<\/h2>\n<p>I moringa i berberin bili su predmet brojnih nau\u010dnih studija. Istra\u017eivanja sugeri\u0161u da moringa sadr\u017ei mo\u0107ne antioksidanse i antiinflamatorna svojstva, koja mogu doprineti celokupnom zdravlju. Berberin je, isto tako, prou\u010davan zbog svoje sposobnosti da pobolj\u0161a metabolizam glukoze i podr\u017ei kardiovaskularno zdravlje.<\/p>\n<p>Studije su pokazale da berberin mo\u017ee aktivirati enzim poznat kao AMP-aktivirana protein kinaza (AMPK), koji igra klju\u010dnu ulogu u regulaciji metabolizma. Ovaj regulatorni efekat mo\u017ee dovesti do pobolj\u0161ane osetljivosti na insulin i smanjenja nivoa \u0161e\u0107era u krvi, \u0161to ga \u010dini popularnim izborom za one koji upravljaju svojom te\u017einom ili nivoom \u0161e\u0107era u krvi.<\/p>\n<h2>Testiranje proizvoda: Metodologija<\/h2>\n<p>Prilikom sprovo\u0111enja ovog pregleda, izvr\u0161en je niz testova za procenu efikasnosti i zadovoljstva korisnika u vezi sa moringa i berberin flasterima. Oni uklju\u010duju:<\/p>\n<ul>\n<li><strong>Ankete korisnika:<\/strong> Prikupljanje povratnih informacija od raznih korisnika koji su probali flastere tokom perioda od 30 dana.<\/li>\n<li><strong>Klini\u010dke studije:<\/strong> Pregled dostupnih studija o prednostima moringe i berberina.<\/li>\n<li><strong>Analiza sastojaka:<\/strong> Ispitivanje formulacije radi kvaliteta i \u010disto\u0107e kori\u0161\u0107enih sastojaka.<\/li>\n<\/ul>\n<h2>Pozitivne recenzije i njihove implikacije<\/h2>\n<p>Jedan od istaknutih aspekata moringa i berberin flastera su dosledne pozitivne povratne informacije od korisnika. Mnogi su istakli sposobnost flastera da se besprekorno uklope u njihove dnevne rutine. Pogodnost flastera, koji zahteva minimalan napor za primenu, hvaljena je od strane korisnika koji vode u\u017eurban \u017eivot.<\/p>\n<p>\u0160tavi\u0161e, mnoge recenzije nagla\u0161avaju prirodnu formulaciju flastera. Korisnici su sve svesniji sastojaka u svojim zdravstvenim proizvodima, a odsustvo sinteti\u010dkih aditiva bio je zna\u010dajan faktor u njihovom zadovoljstvu. \u201eVolim to \u0161to stavljam ne\u0161to prirodno na svoju ko\u017eu. Lepo je znati da ne uzimam samo jo\u0161 jednu pilulu,\u201c podelio je jedan odu\u0161evljeni korisnik.<\/p>\n<h2>Potencijalne zabrinutosti i razmatranja<\/h2>\n<p>Iako su povratne informacije u velikoj meri pozitivne, va\u017eno je razmotriti potencijalne zabrinutosti. Neki korisnici su prijavili blagu iritaciju ko\u017ee na mestu flastera, koja se mo\u017ee pojaviti zbog individualne osetljivosti na lepak ili sastojke. Novim korisnicima se savetuje da sprovedu test na malom delu ko\u017ee pre pune primene, posebno ako imaju osetljivu ko\u017eu.<\/p>\n<p>Osim toga, iako flasteri mogu podr\u017eati metaboli\u010dko zdravlje, ne bi trebalo da zamene uravnote\u017eenu ishranu i zdrav na\u010din \u017eivota. Korisnicima se preporu\u010duje da odr\u017eavaju holisti\u010dki pristup dobrobiti za najbolje rezultate.<\/p>\n<h2>Zavr\u0161na procena<\/h2>\n<p>Nakon temeljnog ispitivanja moringa i berberin flastera, jasno je da oni predstavljaju obe\u0107avaju\u0107u opciju za pojedince koji \u017eele da unaprede svoje zdravlje prirodnim putem. Kombinacija nutritivne gustine moringe i metaboli\u010dkih prednosti berberina stvara mo\u0107nu sinergiju, \u010dine\u0107i ove flastere privla\u010dnim izborom za mnoge.<\/p>\n<p>Pozitivna iskustva koja su podelili korisnici, u kombinaciji sa nau\u010dnim dokazima koji podr\u017eavaju efikasnost oba sastojka, daju kredibilitet proizvodu. O\u010digledno je da se moringa i berberin flasteri isti\u010du na tr\u017ei\u0161tu, ne samo po svojoj efikasnosti, ve\u0107 i po jednostavnosti kori\u0161\u0107enja i prirodnoj formulaciji.<\/p>\n<p>U zaklju\u010dku, moringa i berberin flasteri se mogu sa pouzdanjem preporu\u010diti onima koji \u017eele da podr\u017ee svoje zdravstvene i wellness ciljeve. Flasteri su legitiman proizvod, potkrepljen kako iskustvima korisnika tako i nau\u010dnim istra\u017eivanjima, \u0161to ih \u010dini pouzdanim dodatkom svakom zdravstvenom re\u017eimu.<\/p>\n","protected":false},"excerpt":{"rendered":"<p>Moringa i berberin flasteri: Sveobuhvatan pregled Razumevanje moringe i berberina Moringa, koja se \u010desto naziva \u201e\u010cudesno drvo\u201c, poznata je po svojoj nutritivnoj gustini i potencijalnim zdravstvenim koristima. Poreklom iz delova Afrike i Azije, listovi drveta moringe bogati su vitaminima, mineralima i antioksidansima. Berberin je, s druge strane, bioaktivno jedinjenje koje se dobija iz raznih biljaka, &#8230; <a title=\"Moringa i berberin flasteri\" class=\"read-more\" href=\"https:\/\/gedii.eu\/sr\/produkt\/moringa-i-berberin-flasteri\/\" aria-label=\"Read more about Moringa i berberin flasteri\">Read more<\/a><\/p>\n","protected":false},"featured_media":389,"comment_status":"open","ping_status":"closed","template":"","meta":[],"product_brand":[],"product_cat":[15,106],"product_tag":[],"class_list":{"0":"post-590","1":"product","2":"type-product","3":"status-publish","4":"has-post-thumbnail","6":"product_cat-unkategorisiert","7":"product_cat-uncategorized-sr","9":"first","10":"instock","11":"sale","12":"shipping-taxable","13":"product-type-external"},"yoast_head":"<!-- This site is optimized with the Yoast SEO plugin v26.7 - https:\/\/yoast.com\/wordpress\/plugins\/seo\/ -->\n<title>Moringa i berberin flasteri \ud83d\udd90\ufe0f \u20ac14.99<\/title>\n<meta name=\"robots\" content=\"index, follow, max-snippet:-1, max-image-preview:large, max-video-preview:-1\" \/>\n<link rel=\"canonical\" href=\"https:\/\/gedii.eu\/sr\/produkt\/moringa-i-berberin-flasteri\/\" \/>\n<meta property=\"og:locale\" content=\"sr_RS\" \/>\n<meta property=\"og:type\" content=\"article\" \/>\n<meta property=\"og:title\" content=\"Moringa i berberin flasteri \ud83d\udd90\ufe0f \u20ac14.99\" \/>\n<meta property=\"og:description\" content=\"Moringa i berberin flasteri: Sveobuhvatan pregled Razumevanje moringe i berberina Moringa, koja se \u010desto naziva \u201e\u010cudesno drvo\u201c, poznata je po svojoj nutritivnoj gustini i potencijalnim zdravstvenim koristima. Poreklom iz delova Afrike i Azije, listovi drveta moringe bogati su vitaminima, mineralima i antioksidansima. Berberin je, s druge strane, bioaktivno jedinjenje koje se dobija iz raznih biljaka, ... Read more\" \/>\n<meta property=\"og:url\" content=\"https:\/\/gedii.eu\/sr\/produkt\/moringa-i-berberin-flasteri\/\" \/>\n<meta property=\"og:site_name\" content=\"gedii.eu\" \/>\n<meta property=\"article:modified_time\" content=\"2026-02-15T13:01:23+00:00\" \/>\n<meta property=\"og:image\" content=\"https:\/\/gedii.eu\/wp-content\/uploads\/2026\/01\/Moringa-x-Berberine.jpg\" \/>\n\t<meta property=\"og:image:width\" content=\"1106\" \/>\n\t<meta property=\"og:image:height\" content=\"1106\" \/>\n\t<meta property=\"og:image:type\" content=\"image\/jpeg\" \/>\n<meta name=\"twitter:card\" content=\"summary_large_image\" \/>\n<meta name=\"twitter:label1\" content=\"\u041f\u0440\u043e\u0446\u0435\u045a\u0435\u043d\u043e \u0432\u0440\u0435\u043c\u0435 \u0447\u0438\u0442\u0430\u045a\u0430\" \/>\n\t<meta name=\"twitter:data1\" content=\"5 \u043c\u0438\u043d\u0443\u0442\u0430\" \/>\n<script type=\"application\/ld+json\" class=\"yoast-schema-graph\">{\"@context\":\"https:\/\/schema.org\",\"@graph\":[{\"@type\":\"WebPage\",\"@id\":\"https:\/\/gedii.eu\/sr\/produkt\/moringa-i-berberin-flasteri\/\",\"url\":\"https:\/\/gedii.eu\/sr\/produkt\/moringa-i-berberin-flasteri\/\",\"name\":\"Moringa i berberin flasteri \ud83d\udd90\ufe0f \u20ac14.99\",\"isPartOf\":{\"@id\":\"https:\/\/gedii.eu\/sr\/#website\"},\"primaryImageOfPage\":{\"@id\":\"https:\/\/gedii.eu\/sr\/produkt\/moringa-i-berberin-flasteri\/#primaryimage\"},\"image\":{\"@id\":\"https:\/\/gedii.eu\/sr\/produkt\/moringa-i-berberin-flasteri\/#primaryimage\"},\"thumbnailUrl\":\"https:\/\/gedii.eu\/wp-content\/uploads\/2026\/01\/Moringa-x-Berberine.jpg\",\"datePublished\":\"2026-01-17T08:43:11+00:00\",\"dateModified\":\"2026-02-15T13:01:23+00:00\",\"breadcrumb\":{\"@id\":\"https:\/\/gedii.eu\/sr\/produkt\/moringa-i-berberin-flasteri\/#breadcrumb\"},\"inLanguage\":\"sr-RS\",\"potentialAction\":[{\"@type\":\"ReadAction\",\"target\":[\"https:\/\/gedii.eu\/sr\/produkt\/moringa-i-berberin-flasteri\/\"]}]},{\"@type\":\"ImageObject\",\"inLanguage\":\"sr-RS\",\"@id\":\"https:\/\/gedii.eu\/sr\/produkt\/moringa-i-berberin-flasteri\/#primaryimage\",\"url\":\"https:\/\/gedii.eu\/wp-content\/uploads\/2026\/01\/Moringa-x-Berberine.jpg\",\"contentUrl\":\"https:\/\/gedii.eu\/wp-content\/uploads\/2026\/01\/Moringa-x-Berberine.jpg\",\"width\":1106,\"height\":1106},{\"@type\":\"BreadcrumbList\",\"@id\":\"https:\/\/gedii.eu\/sr\/produkt\/moringa-i-berberin-flasteri\/#breadcrumb\",\"itemListElement\":[{\"@type\":\"ListItem\",\"position\":1,\"name\":\"Startseite\",\"item\":\"https:\/\/gedii.eu\/sr\/\"},{\"@type\":\"ListItem\",\"position\":2,\"name\":\"Shop\",\"item\":\"https:\/\/gedii.eu\/shop\/\"},{\"@type\":\"ListItem\",\"position\":3,\"name\":\"Moringa i berberin flasteri\"}]},{\"@type\":\"WebSite\",\"@id\":\"https:\/\/gedii.eu\/sr\/#website\",\"url\":\"https:\/\/gedii.eu\/sr\/\",\"name\":\"gedii.eu\",\"description\":\"\",\"potentialAction\":[{\"@type\":\"SearchAction\",\"target\":{\"@type\":\"EntryPoint\",\"urlTemplate\":\"https:\/\/gedii.eu\/sr\/?s={search_term_string}\"},\"query-input\":{\"@type\":\"PropertyValueSpecification\",\"valueRequired\":true,\"valueName\":\"search_term_string\"}}],\"inLanguage\":\"sr-RS\"}]}<\/script>\n<!-- \/ Yoast SEO plugin. -->","yoast_head_json":{"title":"Moringa i berberin flasteri \ud83d\udd90\ufe0f \u20ac14.99","robots":{"index":"index","follow":"follow","max-snippet":"max-snippet:-1","max-image-preview":"max-image-preview:large","max-video-preview":"max-video-preview:-1"},"canonical":"https:\/\/gedii.eu\/sr\/produkt\/moringa-i-berberin-flasteri\/","og_locale":"sr_RS","og_type":"article","og_title":"Moringa i berberin flasteri \ud83d\udd90\ufe0f \u20ac14.99","og_description":"Moringa i berberin flasteri: Sveobuhvatan pregled Razumevanje moringe i berberina Moringa, koja se \u010desto naziva \u201e\u010cudesno drvo\u201c, poznata je po svojoj nutritivnoj gustini i potencijalnim zdravstvenim koristima. Poreklom iz delova Afrike i Azije, listovi drveta moringe bogati su vitaminima, mineralima i antioksidansima. Berberin je, s druge strane, bioaktivno jedinjenje koje se dobija iz raznih biljaka, ... Read more","og_url":"https:\/\/gedii.eu\/sr\/produkt\/moringa-i-berberin-flasteri\/","og_site_name":"gedii.eu","article_modified_time":"2026-02-15T13:01:23+00:00","og_image":[{"width":1106,"height":1106,"url":"https:\/\/gedii.eu\/wp-content\/uploads\/2026\/01\/Moringa-x-Berberine.jpg","type":"image\/jpeg"}],"twitter_card":"summary_large_image","twitter_misc":{"\u041f\u0440\u043e\u0446\u0435\u045a\u0435\u043d\u043e \u0432\u0440\u0435\u043c\u0435 \u0447\u0438\u0442\u0430\u045a\u0430":"5 \u043c\u0438\u043d\u0443\u0442\u0430"},"schema":{"@context":"https:\/\/schema.org","@graph":[{"@type":"WebPage","@id":"https:\/\/gedii.eu\/sr\/produkt\/moringa-i-berberin-flasteri\/","url":"https:\/\/gedii.eu\/sr\/produkt\/moringa-i-berberin-flasteri\/","name":"Moringa i berberin flasteri \ud83d\udd90\ufe0f \u20ac14.99","isPartOf":{"@id":"https:\/\/gedii.eu\/sr\/#website"},"primaryImageOfPage":{"@id":"https:\/\/gedii.eu\/sr\/produkt\/moringa-i-berberin-flasteri\/#primaryimage"},"image":{"@id":"https:\/\/gedii.eu\/sr\/produkt\/moringa-i-berberin-flasteri\/#primaryimage"},"thumbnailUrl":"https:\/\/gedii.eu\/wp-content\/uploads\/2026\/01\/Moringa-x-Berberine.jpg","datePublished":"2026-01-17T08:43:11+00:00","dateModified":"2026-02-15T13:01:23+00:00","breadcrumb":{"@id":"https:\/\/gedii.eu\/sr\/produkt\/moringa-i-berberin-flasteri\/#breadcrumb"},"inLanguage":"sr-RS","potentialAction":[{"@type":"ReadAction","target":["https:\/\/gedii.eu\/sr\/produkt\/moringa-i-berberin-flasteri\/"]}]},{"@type":"ImageObject","inLanguage":"sr-RS","@id":"https:\/\/gedii.eu\/sr\/produkt\/moringa-i-berberin-flasteri\/#primaryimage","url":"https:\/\/gedii.eu\/wp-content\/uploads\/2026\/01\/Moringa-x-Berberine.jpg","contentUrl":"https:\/\/gedii.eu\/wp-content\/uploads\/2026\/01\/Moringa-x-Berberine.jpg","width":1106,"height":1106},{"@type":"BreadcrumbList","@id":"https:\/\/gedii.eu\/sr\/produkt\/moringa-i-berberin-flasteri\/#breadcrumb","itemListElement":[{"@type":"ListItem","position":1,"name":"Startseite","item":"https:\/\/gedii.eu\/sr\/"},{"@type":"ListItem","position":2,"name":"Shop","item":"https:\/\/gedii.eu\/shop\/"},{"@type":"ListItem","position":3,"name":"Moringa i berberin flasteri"}]},{"@type":"WebSite","@id":"https:\/\/gedii.eu\/sr\/#website","url":"https:\/\/gedii.eu\/sr\/","name":"gedii.eu","description":"","potentialAction":[{"@type":"SearchAction","target":{"@type":"EntryPoint","urlTemplate":"https:\/\/gedii.eu\/sr\/?s={search_term_string}"},"query-input":{"@type":"PropertyValueSpecification","valueRequired":true,"valueName":"search_term_string"}}],"inLanguage":"sr-RS"}]}},"_links":{"self":[{"href":"https:\/\/gedii.eu\/sr\/wp-json\/wp\/v2\/product\/590","targetHints":{"allow":["GET"]}}],"collection":[{"href":"https:\/\/gedii.eu\/sr\/wp-json\/wp\/v2\/product"}],"about":[{"href":"https:\/\/gedii.eu\/sr\/wp-json\/wp\/v2\/types\/product"}],"replies":[{"embeddable":true,"href":"https:\/\/gedii.eu\/sr\/wp-json\/wp\/v2\/comments?post=590"}],"wp:featuredmedia":[{"embeddable":true,"href":"https:\/\/gedii.eu\/sr\/wp-json\/wp\/v2\/media\/389"}],"wp:attachment":[{"href":"https:\/\/gedii.eu\/sr\/wp-json\/wp\/v2\/media?parent=590"}],"wp:term":[{"taxonomy":"product_brand","embeddable":true,"href":"https:\/\/gedii.eu\/sr\/wp-json\/wp\/v2\/product_brand?post=590"},{"taxonomy":"product_cat","embeddable":true,"href":"https:\/\/gedii.eu\/sr\/wp-json\/wp\/v2\/product_cat?post=590"},{"taxonomy":"product_tag","embeddable":true,"href":"https:\/\/gedii.eu\/sr\/wp-json\/wp\/v2\/product_tag?post=590"}],"curies":[{"name":"wp","href":"https:\/\/api.w.org\/{rel}","templated":true}]}}