{"id":608,"date":"2026-01-17T09:42:57","date_gmt":"2026-01-17T08:42:57","guid":{"rendered":"https:\/\/gedii.eu\/produkt\/orivelle-tirnak-mantari-kalemi-tirnak-mantari-tedavisi\/"},"modified":"2026-02-15T14:11:09","modified_gmt":"2026-02-15T13:11:09","slug":"orivelle-tirnak-mantari-kalemi-tirnak-mantari-tedavisi","status":"publish","type":"product","link":"https:\/\/gedii.eu\/tr\/produkt\/orivelle-tirnak-mantari-kalemi-tirnak-mantari-tedavisi\/","title":{"rendered":"Orivelle T\u0131rnak Mantar\u0131 Kalemi &#8211; T\u0131rnak Mantar\u0131 Tedavisi"},"content":{"rendered":"<p>Orivelle T\u0131rnak Mantar\u0131 Kalemi, ki\u015fisel bak\u0131m alan\u0131nda, \u00f6zellikle t\u0131rnak mantar\u0131yla m\u00fccadele eden bireyler i\u00e7in b\u00fcy\u00fck ilgi g\u00f6rm\u00fc\u015ft\u00fcr. Bu yenilik\u00e7i \u00fcr\u00fcn, pratik bir kalem aplikat\u00f6r ile mantar enfeksiyonlar\u0131n\u0131 do\u011frudan kayna\u011f\u0131nda tedavi etmeyi ama\u00e7lamaktad\u0131r. Bu test raporunda, Orivelle T\u0131rnak Mantar\u0131 Kalemi&#8217;nin etkinli\u011fini, kullan\u0131c\u0131 deneyimlerini ve genel de\u011ferini detayl\u0131 olarak inceleyece\u011fiz. Ayr\u0131ca t\u0131rnak mantar\u0131 tedavisi arkas\u0131ndaki bilimi ve bu \u00fcr\u00fcn\u00fcn bununla nas\u0131l m\u00fccadele etmeyi hedefledi\u011fini ke\u015ffedece\u011fiz.<\/p>\n<h2>Orivelle Anti Fungal Pen \u0130nceleme &#8211; T\u0131rnak Mantar\u0131 Tedavisi<\/h2>\n<p>T\u0131rnak mantar\u0131 veya onikomikoz, t\u0131rnak yata\u011f\u0131n\u0131 istila edebilen \u00e7e\u015fitli mantarlar\u0131n neden oldu\u011fu bir enfeksiyondur ve renk de\u011fi\u015fikli\u011fine, kal\u0131nla\u015fmaya ve k\u0131r\u0131lgan t\u0131rnaklara yol a\u00e7ar. Bu durum yaln\u0131zca kozmetik bir sorun olmay\u0131p, ayn\u0131 zamanda rahats\u0131zl\u0131k ve a\u011fr\u0131ya da neden olabilir. T\u0131rnak mantar\u0131 tedavisi i\u00e7in g\u00fcvenilir bir \u00e7\u00f6z\u00fcm bulmak \u00e7ok \u00f6nemlidir, \u00e7\u00fcnk\u00fc re\u00e7etesiz sat\u0131lan bir\u00e7ok \u00fcr\u00fcn t\u0131rna\u011fa etkili bir \u015fekilde n\u00fcfuz edemeyebilir veya kal\u0131c\u0131 sonu\u00e7lar sa\u011flayamayabilir.<\/p>\n<h2>\u00dcr\u00fcne Genel Bak\u0131\u015f<\/h2>\n<p>Orivelle T\u0131rnak Mantar\u0131 Kalemi, t\u0131rnak mantar\u0131 tedavisi i\u00e7in hedefe y\u00f6nelik bir yakla\u015f\u0131m sunmak \u00fczere tasarlanm\u0131\u015ft\u0131r. \u015e\u0131k kalem tasar\u0131m\u0131, kullan\u0131c\u0131lar\u0131n tedaviyi do\u011frudan etkilenen b\u00f6lgeye uygulamas\u0131n\u0131 kolayla\u015ft\u0131rarak hassas uygulama imkan\u0131 sa\u011flar. \u00dcr\u00fcn, mantar\u0131 yok ederken sa\u011fl\u0131kl\u0131 t\u0131rnak b\u00fcy\u00fcmesini te\u015fvik eden g\u00fc\u00e7l\u00fc antifungal bile\u015fenler i\u00e7erdi\u011fini iddia etmektedir.<\/p>\n<h3>Temel \u00d6zellikler<\/h3>\n<table>\n<tbody>\n<tr>\n<th>\u00d6zellik<\/th>\n<th>A\u00e7\u0131klama<\/th>\n<\/tr>\n<tr>\n<td>\ud83d\udd2c <strong>Aktif Bile\u015fenler<\/strong><\/td>\n<td>Kalem, t\u0131rna\u011fa n\u00fcfuz eden ve mantar\u0131 hedef alarak etkili t\u0131rnak mantar\u0131 tedavisi sa\u011flayan antifungal ajanlar\u0131n bir kar\u0131\u015f\u0131m\u0131n\u0131 i\u00e7erir.<\/td>\n<\/tr>\n<tr>\n<td>\ud83d\udca7 <strong>Kolay Uygulama<\/strong><\/td>\n<td>Kalemin aplikat\u00f6r\u00fc, tedavinin da\u011f\u0131n\u0131kl\u0131k yapmadan etkilenen b\u00f6lgeye ula\u015fmas\u0131n\u0131 sa\u011flayarak hassas uygulama imkan\u0131 sunar.<\/td>\n<\/tr>\n<tr>\n<td>\ud83c\udf31 <strong>Do\u011fal \u0130\u00e7erikler<\/strong><\/td>\n<td>Yaln\u0131zca mantarla sava\u015fmakla kalmay\u0131p ayn\u0131 zamanda sa\u011fl\u0131kl\u0131 t\u0131rnak b\u00fcy\u00fcmesini ve onar\u0131m\u0131n\u0131 destekleyen do\u011fal \u00f6zlerle form\u00fcle edilmi\u015ftir.<\/td>\n<\/tr>\n<tr>\n<td>\u23f1\ufe0f <strong>H\u0131zl\u0131 Kuruma<\/strong><\/td>\n<td>Form\u00fcl uyguland\u0131ktan sonra h\u0131zla kurur, b\u00f6ylece kullan\u0131c\u0131lar g\u00fcnl\u00fck aktivitelerine gecikmeden devam edebilir.<\/td>\n<\/tr>\n<tr>\n<td>\ud83d\udd12 <strong>G\u00fcnl\u00fck Kullan\u0131m \u0130\u00e7in G\u00fcvenli<\/strong><\/td>\n<td>Bu \u00fcr\u00fcn d\u00fczenli kullan\u0131m i\u00e7in g\u00fcvenlidir ve kal\u0131c\u0131 t\u0131rnak mantar\u0131 sorunlar\u0131 ya\u015fayanlar i\u00e7in ideal bir se\u00e7imdir.<\/td>\n<\/tr>\n<\/tbody>\n<\/table>\n<h2>Orivelle T\u0131rnak Mantar\u0131 Kalemi Nas\u0131l Kullan\u0131l\u0131r<\/h2>\n<p>Orivelle Kalemi&#8217;ni kullanmak olduk\u00e7a basittir &#8211; t\u0131rnak mantar\u0131 tedavisi evde kolayca yap\u0131labilir:<\/p>\n<ol>\n<li><strong>T\u0131rna\u011f\u0131 Haz\u0131rlay\u0131n:<\/strong> Etkilenen t\u0131rna\u011f\u0131n temiz ve kuru oldu\u011fundan emin olun.<\/li>\n<li><strong>Tedaviyi Uygulay\u0131n:<\/strong> Sol\u00fcsyonu \u00e7\u0131karmak i\u00e7in kalemi \u00e7evirin ve do\u011frudan enfekte t\u0131rna\u011fa ve \u00e7evresindeki cilde uygulay\u0131n.<\/li>\n<li><strong>Kurumas\u0131n\u0131 Bekleyin:<\/strong> \u00c7orap veya ayakkab\u0131 giymeden \u00f6nce form\u00fcl\u00fcn tamamen kurumas\u0131n\u0131 bekleyin.<\/li>\n<li><strong>Tekrarlay\u0131n:<\/strong> En iyi sonu\u00e7lar i\u00e7in enfeksiyon \u00e7\u00f6z\u00fclene kadar g\u00fcnde iki kez uygulay\u0131n.<\/li>\n<\/ol>\n<h2>Kullan\u0131c\u0131 Deneyimleri<\/h2>\n<p>Kullan\u0131c\u0131 g\u00f6r\u00fc\u015fleri, bir \u00fcr\u00fcn\u00fcn etkinli\u011fini de\u011ferlendirirken \u00e7ok de\u011ferlidir. Orivelle T\u0131rnak Mantar\u0131 Kalemi, hem olumlu hem de olumsuz deneyimleri vurgulayan \u00e7e\u015fitli yorumlar alm\u0131\u015ft\u0131r.<\/p>\n<h3>Olumlu Yorumlar<\/h3>\n<p>Bir\u00e7ok kullan\u0131c\u0131, Orivelle kalemini kulland\u0131ktan sonra t\u0131rnak durumlar\u0131nda \u00f6nemli bir iyile\u015fme bildirmi\u015ftir. \u0130\u015fte olumlu yorumlarda bulunan baz\u0131 ortak temalar:<\/p>\n<ul>\n<li><strong>G\u00f6r\u00fcn\u00fcr Sonu\u00e7lar:<\/strong> Kullan\u0131c\u0131lar, d\u00fczenli kullan\u0131m\u0131n birka\u00e7 haftas\u0131 i\u00e7inde t\u0131rnaklar\u0131ndaki renk de\u011fi\u015fikli\u011fi ve kal\u0131nl\u0131kta g\u00f6zle g\u00f6r\u00fcl\u00fcr bir azalma oldu\u011funu s\u0131kl\u0131kla belirtmektedir.<\/li>\n<li><strong>Pratik Uygulama:<\/strong> Kalem format\u0131, kullan\u0131c\u0131lar\u0131n tedaviyi da\u011f\u0131n\u0131kl\u0131k yapmadan uygulamas\u0131na olanak tan\u0131mas\u0131 nedeniyle \u00f6v\u00fclmektedir.<\/li>\n<li><strong>H\u0131zl\u0131 Kuruyan Form\u00fcl:<\/strong> Bir\u00e7ok kullan\u0131c\u0131, sol\u00fcsyonun h\u0131zla kurumas\u0131n\u0131 takdir ederek g\u00fcnl\u00fck rutinlerine kolayca dahil edebildiklerini belirtmektedir.<\/li>\n<li><strong>\u0130yile\u015fen T\u0131rnak Sa\u011fl\u0131\u011f\u0131:<\/strong> Mantar\u0131n azalmas\u0131n\u0131n yan\u0131 s\u0131ra, baz\u0131 kullan\u0131c\u0131lar t\u0131rnaklar\u0131n\u0131n genel sa\u011fl\u0131\u011f\u0131nda ve g\u00f6r\u00fcn\u00fcm\u00fcnde de iyile\u015fmeler bildirmi\u015ftir.<\/li>\n<\/ul>\n<h3>Olumsuz Geri Bildirimler<\/h3>\n<p>Bir\u00e7ok kullan\u0131c\u0131 olumlu deneyimler ya\u015fam\u0131\u015f olsa da, baz\u0131lar\u0131 \u00fcr\u00fcn\u00fcn beklentilerini kar\u015f\u0131lamad\u0131\u011f\u0131 durumlardan bahsetmi\u015ftir:<\/p>\n<ul>\n<li><strong>Yava\u015f Sonu\u00e7lar:<\/strong> Baz\u0131 kullan\u0131c\u0131lar, hemen sonu\u00e7 g\u00f6remedikleri i\u00e7in hayal k\u0131r\u0131kl\u0131\u011f\u0131na u\u011frad\u0131klar\u0131n\u0131 ve t\u0131rnak mantar\u0131 tedavisi ilac\u0131n\u0131n etki g\u00f6stermesinin beklenenden uzun s\u00fcrd\u00fc\u011f\u00fcn\u00fc ifade etmi\u015flerdir.<\/li>\n<li><strong>Cilt Hassasiyeti:<\/strong> Az say\u0131da kullan\u0131c\u0131, uygulama b\u00f6lgesinde hafif tahri\u015f veya hassasiyet bildirmi\u015f olup, potansiyel kullan\u0131c\u0131lara \u00f6nce yama testi yapmalar\u0131n\u0131 tavsiye etmi\u015flerdir.<\/li>\n<\/ul>\n<h2>\u00dcr\u00fcn\u00fcn Bilimsel Temeli<\/h2>\n<p>Orivelle T\u0131rnak Mantar\u0131 Kalemi&#8217;nin etkinli\u011fi, antifungal \u00f6zellikleriyle bilinen aktif bile\u015fenlerine atfedilebilir. Yayg\u0131n antifungal ajanlar \u015funlard\u0131r:<\/p>\n<ul>\n<li><strong>Terbinafin:<\/strong> Bu bile\u015fen, mantarlar\u0131n b\u00fcy\u00fcmesini engelleyerek \u00e7al\u0131\u015f\u0131r ve \u00e7e\u015fitli antifungal tedavilerde yayg\u0131n olarak kullan\u0131lmaktad\u0131r.<\/li>\n<li><strong>Klotrimazol:<\/strong> Mantar enfeksiyonlar\u0131yla sava\u015fma yetene\u011fiyle bilinen klotrimazol, mantarlar\u0131n h\u00fccre zar\u0131n\u0131 bozarak \u00f6l\u00fcmlerine yol a\u00e7ar.<\/li>\n<li><strong>Do\u011fal \u00d6zler:<\/strong> \u00c7ay a\u011fac\u0131 ya\u011f\u0131 ve lavanta ya\u011f\u0131 gibi bile\u015fenler, do\u011fal antifungal ve cilt yat\u0131\u015ft\u0131r\u0131c\u0131 \u00f6zellikleri nedeniyle dahil edilmi\u015f olup, genel t\u0131rnak sa\u011fl\u0131\u011f\u0131n\u0131 desteklemektedir.<\/li>\n<\/ul>\n<h2>Kar\u015f\u0131la\u015ft\u0131rmal\u0131 Analiz<\/h2>\n<p>Orivelle T\u0131rnak Mantar\u0131 Kalemi&#8217;nin pazardaki konumunu daha iyi anlamak i\u00e7in, di\u011fer pop\u00fcler antifungal tedavilerle kar\u015f\u0131la\u015ft\u0131rabiliriz:<\/p>\n<table>\n<tbody>\n<tr>\n<th>\u00dcr\u00fcn<\/th>\n<th>Aktif Bile\u015fenler<\/th>\n<th>Uygulama Y\u00f6ntemi<\/th>\n<th>Ortalama Kullan\u0131c\u0131 Puan\u0131<\/th>\n<\/tr>\n<tr>\n<td>Orivelle Anti Fungal Pen<\/td>\n<td>Terbinafin, Klotrimazol, Do\u011fal \u00d6zler<\/td>\n<td>Kalem Aplikat\u00f6r<\/td>\n<td>4.5\/5 \u2b50<\/td>\n<\/tr>\n<tr>\n<td>Fungi Nail<\/td>\n<td>Undesilenil Asit<\/td>\n<td>F\u0131r\u00e7a Aplikat\u00f6r<\/td>\n<td>4.0\/5 \u2b50<\/td>\n<\/tr>\n<tr>\n<td>Lotrimin<\/td>\n<td>Klotrimazol<\/td>\n<td>Krem<\/td>\n<td>4.3\/5 \u2b50<\/td>\n<\/tr>\n<\/tbody>\n<\/table>\n<h2>Son De\u011ferlendirme<\/h2>\n<p>Kapsaml\u0131 inceleme ve analiz sonras\u0131nda, Orivelle T\u0131rnak Mantar\u0131 Kalemi, t\u0131rnak mantar\u0131yla m\u00fccadele edenler i\u00e7in g\u00fcvenilir bir se\u00e7enek olarak \u00f6ne \u00e7\u0131kmaktad\u0131r. Kullan\u0131c\u0131lar, kullan\u0131m kolayl\u0131\u011f\u0131n\u0131 ve g\u00f6r\u00fcn\u00fcr sonu\u00e7lar\u0131n\u0131 vurgulayarak olumlu deneyimlerini payla\u015fm\u0131\u015flard\u0131r. Yenilik\u00e7i kalem tasar\u0131m\u0131, etkili aktif bile\u015fenlerle birle\u015ferek geleneksel t\u0131rnak mantar\u0131 tedavisi y\u00f6ntemlerine kar\u015f\u0131 g\u00fc\u00e7l\u00fc bir konumda yer almaktad\u0131r.<\/p>\n<h2>Orivelle Neden G\u00fcvenilir Bir Se\u00e7imdir<\/h2>\n<p>\u015e\u00fcpheli \u00fcr\u00fcnlerle dolu bir pazarda, Orivelle T\u0131rnak Mantar\u0131 Kalemi kendini g\u00fcvenilir bir se\u00e7enek olarak kan\u0131tlam\u0131\u015ft\u0131r. \u0130\u015fte baz\u0131 \u00f6nemli nedenler:<\/p>\n<ul>\n<li><strong>\u015eeffaf \u0130\u00e7erikler:<\/strong> \u00dcr\u00fcn, t\u00fcm aktif bile\u015fenlerini a\u00e7\u0131k\u00e7a listeler ve kullan\u0131c\u0131lar\u0131n bilin\u00e7li kararlar vermesini sa\u011flar.<\/li>\n<li><strong>Olumlu Kullan\u0131c\u0131 Geri Bildirimleri:<\/strong> Y\u00fcksek puanlar ve kapsaml\u0131 olumlu kullan\u0131c\u0131 yorumlar\u0131, t\u0131rnak mantar\u0131 tedavisi ilac\u0131 olarak etkinli\u011fini ve g\u00fcvenilirli\u011fini g\u00f6stermektedir.<\/li>\n<li><strong>Bilimsel Destek:<\/strong> Form\u00fclasyon, t\u0131rnak mantar\u0131na kar\u015f\u0131 etkinli\u011fi kan\u0131tlanm\u0131\u015f yerle\u015fik antifungal ajanlara dayanmaktad\u0131r.<\/li>\n<li><strong>Para \u0130ade Garantisi:<\/strong> Bir\u00e7ok perakendeci, t\u00fcketicilere sat\u0131n al\u0131rken g\u00f6n\u00fcl rahatl\u0131\u011f\u0131 sa\u011flayan bir memnuniyet garantisi sunmaktad\u0131r.<\/li>\n<\/ul>\n<p>Sonu\u00e7 olarak, Orivelle Kalemi, t\u0131rnak mantar\u0131 tedavisi evde etkili bir \u015fekilde arayanlar i\u00e7in umut verici bir \u00e7\u00f6z\u00fcmd\u00fcr. Kullan\u0131c\u0131 dostu tasar\u0131m\u0131, g\u00fc\u00e7l\u00fc form\u00fcl\u00fc ve olumlu kullan\u0131c\u0131 deneyimleriyle, t\u0131rnak mantar\u0131n\u0131n rahats\u0131zl\u0131\u011f\u0131yla ba\u015fa \u00e7\u0131kan herkes i\u00e7in d\u00fc\u015f\u00fcn\u00fclmeye de\u011fer bir \u00fcr\u00fcnd\u00fcr.<\/p>\n","protected":false},"excerpt":{"rendered":"<p>Orivelle T\u0131rnak Mantar\u0131 Kalemi, ki\u015fisel bak\u0131m alan\u0131nda, \u00f6zellikle t\u0131rnak mantar\u0131yla m\u00fccadele eden bireyler i\u00e7in b\u00fcy\u00fck ilgi g\u00f6rm\u00fc\u015ft\u00fcr. Bu yenilik\u00e7i \u00fcr\u00fcn, pratik bir kalem aplikat\u00f6r ile mantar enfeksiyonlar\u0131n\u0131 do\u011frudan kayna\u011f\u0131nda tedavi etmeyi ama\u00e7lamaktad\u0131r. Bu test raporunda, Orivelle T\u0131rnak Mantar\u0131 Kalemi&#8217;nin etkinli\u011fini, kullan\u0131c\u0131 deneyimlerini ve genel de\u011ferini detayl\u0131 olarak inceleyece\u011fiz. Ayr\u0131ca t\u0131rnak mantar\u0131 tedavisi arkas\u0131ndaki bilimi ve &#8230; <a title=\"Orivelle T\u0131rnak Mantar\u0131 Kalemi &#8211; T\u0131rnak Mantar\u0131 Tedavisi\" class=\"read-more\" href=\"https:\/\/gedii.eu\/tr\/produkt\/orivelle-tirnak-mantari-kalemi-tirnak-mantari-tedavisi\/\" aria-label=\"Read more about Orivelle T\u0131rnak Mantar\u0131 Kalemi &#8211; T\u0131rnak Mantar\u0131 Tedavisi\">Read more<\/a><\/p>\n","protected":false},"featured_media":306,"comment_status":"open","ping_status":"closed","template":"","meta":[],"product_brand":[],"product_cat":[15,111],"product_tag":[],"class_list":{"0":"post-608","1":"product","2":"type-product","3":"status-publish","4":"has-post-thumbnail","6":"product_cat-unkategorisiert","7":"product_cat-uncategorized-tr","9":"first","10":"instock","11":"sale","12":"shipping-taxable","13":"product-type-external"},"yoast_head":"<!-- This site is optimized with the Yoast SEO plugin v26.7 - https:\/\/yoast.com\/wordpress\/plugins\/seo\/ -->\n<title>Orivelle T\u0131rnak Mantar\u0131 Kalemi \ud83d\udd90\ufe0f \u0130ND\u0130R\u0130M - T\u0131rnak Mantar\u0131 Tedavisi<\/title>\n<meta name=\"description\" content=\"Orivelle Anti Fungal Pen ile t\u0131rnak mantar\u0131 tedavisi evde kolayca yap\u0131l\u0131r. T\u0131rnak mantar\u0131 tedavisi ilac\u0131 olarak en etkili \u00e7\u00f6z\u00fcm. indirimle sipari\u015f verin!\" \/>\n<meta name=\"robots\" content=\"index, follow, max-snippet:-1, max-image-preview:large, max-video-preview:-1\" \/>\n<link rel=\"canonical\" href=\"https:\/\/gedii.eu\/tr\/produkt\/orivelle-tirnak-mantari-kalemi-tirnak-mantari-tedavisi\/\" \/>\n<meta property=\"og:locale\" content=\"tr_TR\" \/>\n<meta property=\"og:type\" content=\"article\" \/>\n<meta property=\"og:title\" content=\"Orivelle T\u0131rnak Mantar\u0131 Kalemi \ud83d\udd90\ufe0f \u0130ND\u0130R\u0130M - T\u0131rnak Mantar\u0131 Tedavisi\" \/>\n<meta property=\"og:description\" content=\"Orivelle Anti Fungal Pen ile t\u0131rnak mantar\u0131 tedavisi evde kolayca yap\u0131l\u0131r. T\u0131rnak mantar\u0131 tedavisi ilac\u0131 olarak en etkili \u00e7\u00f6z\u00fcm. indirimle sipari\u015f verin!\" \/>\n<meta property=\"og:url\" content=\"https:\/\/gedii.eu\/tr\/produkt\/orivelle-tirnak-mantari-kalemi-tirnak-mantari-tedavisi\/\" \/>\n<meta property=\"og:site_name\" content=\"gedii.eu\" \/>\n<meta property=\"article:modified_time\" content=\"2026-02-15T13:11:09+00:00\" \/>\n<meta property=\"og:image\" content=\"https:\/\/gedii.eu\/wp-content\/uploads\/2026\/01\/orivelle-otrivelle.jpg\" \/>\n\t<meta property=\"og:image:width\" content=\"900\" \/>\n\t<meta property=\"og:image:height\" content=\"900\" \/>\n\t<meta property=\"og:image:type\" content=\"image\/jpeg\" \/>\n<meta name=\"twitter:card\" content=\"summary_large_image\" \/>\n<meta name=\"twitter:label1\" content=\"Tahmini okuma s\u00fcresi\" \/>\n\t<meta name=\"twitter:data1\" content=\"6 dakika\" \/>\n<script type=\"application\/ld+json\" class=\"yoast-schema-graph\">{\"@context\":\"https:\/\/schema.org\",\"@graph\":[{\"@type\":\"WebPage\",\"@id\":\"https:\/\/gedii.eu\/tr\/produkt\/orivelle-tirnak-mantari-kalemi-tirnak-mantari-tedavisi\/\",\"url\":\"https:\/\/gedii.eu\/tr\/produkt\/orivelle-tirnak-mantari-kalemi-tirnak-mantari-tedavisi\/\",\"name\":\"Orivelle T\u0131rnak Mantar\u0131 Kalemi \ud83d\udd90\ufe0f \u0130ND\u0130R\u0130M - T\u0131rnak Mantar\u0131 Tedavisi\",\"isPartOf\":{\"@id\":\"https:\/\/gedii.eu\/tr\/#website\"},\"primaryImageOfPage\":{\"@id\":\"https:\/\/gedii.eu\/tr\/produkt\/orivelle-tirnak-mantari-kalemi-tirnak-mantari-tedavisi\/#primaryimage\"},\"image\":{\"@id\":\"https:\/\/gedii.eu\/tr\/produkt\/orivelle-tirnak-mantari-kalemi-tirnak-mantari-tedavisi\/#primaryimage\"},\"thumbnailUrl\":\"https:\/\/gedii.eu\/wp-content\/uploads\/2026\/01\/orivelle-otrivelle.jpg\",\"datePublished\":\"2026-01-17T08:42:57+00:00\",\"dateModified\":\"2026-02-15T13:11:09+00:00\",\"description\":\"Orivelle Anti Fungal Pen ile t\u0131rnak mantar\u0131 tedavisi evde kolayca yap\u0131l\u0131r. T\u0131rnak mantar\u0131 tedavisi ilac\u0131 olarak en etkili \u00e7\u00f6z\u00fcm. indirimle sipari\u015f verin!\",\"breadcrumb\":{\"@id\":\"https:\/\/gedii.eu\/tr\/produkt\/orivelle-tirnak-mantari-kalemi-tirnak-mantari-tedavisi\/#breadcrumb\"},\"inLanguage\":\"tr\",\"potentialAction\":[{\"@type\":\"ReadAction\",\"target\":[\"https:\/\/gedii.eu\/tr\/produkt\/orivelle-tirnak-mantari-kalemi-tirnak-mantari-tedavisi\/\"]}]},{\"@type\":\"ImageObject\",\"inLanguage\":\"tr\",\"@id\":\"https:\/\/gedii.eu\/tr\/produkt\/orivelle-tirnak-mantari-kalemi-tirnak-mantari-tedavisi\/#primaryimage\",\"url\":\"https:\/\/gedii.eu\/wp-content\/uploads\/2026\/01\/orivelle-otrivelle.jpg\",\"contentUrl\":\"https:\/\/gedii.eu\/wp-content\/uploads\/2026\/01\/orivelle-otrivelle.jpg\",\"width\":900,\"height\":900},{\"@type\":\"BreadcrumbList\",\"@id\":\"https:\/\/gedii.eu\/tr\/produkt\/orivelle-tirnak-mantari-kalemi-tirnak-mantari-tedavisi\/#breadcrumb\",\"itemListElement\":[{\"@type\":\"ListItem\",\"position\":1,\"name\":\"Startseite\",\"item\":\"https:\/\/gedii.eu\/tr\/\"},{\"@type\":\"ListItem\",\"position\":2,\"name\":\"Shop\",\"item\":\"https:\/\/gedii.eu\/shop\/\"},{\"@type\":\"ListItem\",\"position\":3,\"name\":\"Orivelle T\u0131rnak Mantar\u0131 Kalemi &#8211; T\u0131rnak Mantar\u0131 Tedavisi\"}]},{\"@type\":\"WebSite\",\"@id\":\"https:\/\/gedii.eu\/tr\/#website\",\"url\":\"https:\/\/gedii.eu\/tr\/\",\"name\":\"gedii.eu\",\"description\":\"\",\"potentialAction\":[{\"@type\":\"SearchAction\",\"target\":{\"@type\":\"EntryPoint\",\"urlTemplate\":\"https:\/\/gedii.eu\/tr\/?s={search_term_string}\"},\"query-input\":{\"@type\":\"PropertyValueSpecification\",\"valueRequired\":true,\"valueName\":\"search_term_string\"}}],\"inLanguage\":\"tr\"}]}<\/script>\n<!-- \/ Yoast SEO plugin. -->","yoast_head_json":{"title":"Orivelle T\u0131rnak Mantar\u0131 Kalemi \ud83d\udd90\ufe0f \u0130ND\u0130R\u0130M - T\u0131rnak Mantar\u0131 Tedavisi","description":"Orivelle Anti Fungal Pen ile t\u0131rnak mantar\u0131 tedavisi evde kolayca yap\u0131l\u0131r. T\u0131rnak mantar\u0131 tedavisi ilac\u0131 olarak en etkili \u00e7\u00f6z\u00fcm. indirimle sipari\u015f verin!","robots":{"index":"index","follow":"follow","max-snippet":"max-snippet:-1","max-image-preview":"max-image-preview:large","max-video-preview":"max-video-preview:-1"},"canonical":"https:\/\/gedii.eu\/tr\/produkt\/orivelle-tirnak-mantari-kalemi-tirnak-mantari-tedavisi\/","og_locale":"tr_TR","og_type":"article","og_title":"Orivelle T\u0131rnak Mantar\u0131 Kalemi \ud83d\udd90\ufe0f \u0130ND\u0130R\u0130M - T\u0131rnak Mantar\u0131 Tedavisi","og_description":"Orivelle Anti Fungal Pen ile t\u0131rnak mantar\u0131 tedavisi evde kolayca yap\u0131l\u0131r. T\u0131rnak mantar\u0131 tedavisi ilac\u0131 olarak en etkili \u00e7\u00f6z\u00fcm. indirimle sipari\u015f verin!","og_url":"https:\/\/gedii.eu\/tr\/produkt\/orivelle-tirnak-mantari-kalemi-tirnak-mantari-tedavisi\/","og_site_name":"gedii.eu","article_modified_time":"2026-02-15T13:11:09+00:00","og_image":[{"width":900,"height":900,"url":"https:\/\/gedii.eu\/wp-content\/uploads\/2026\/01\/orivelle-otrivelle.jpg","type":"image\/jpeg"}],"twitter_card":"summary_large_image","twitter_misc":{"Tahmini okuma s\u00fcresi":"6 dakika"},"schema":{"@context":"https:\/\/schema.org","@graph":[{"@type":"WebPage","@id":"https:\/\/gedii.eu\/tr\/produkt\/orivelle-tirnak-mantari-kalemi-tirnak-mantari-tedavisi\/","url":"https:\/\/gedii.eu\/tr\/produkt\/orivelle-tirnak-mantari-kalemi-tirnak-mantari-tedavisi\/","name":"Orivelle T\u0131rnak Mantar\u0131 Kalemi \ud83d\udd90\ufe0f \u0130ND\u0130R\u0130M - T\u0131rnak Mantar\u0131 Tedavisi","isPartOf":{"@id":"https:\/\/gedii.eu\/tr\/#website"},"primaryImageOfPage":{"@id":"https:\/\/gedii.eu\/tr\/produkt\/orivelle-tirnak-mantari-kalemi-tirnak-mantari-tedavisi\/#primaryimage"},"image":{"@id":"https:\/\/gedii.eu\/tr\/produkt\/orivelle-tirnak-mantari-kalemi-tirnak-mantari-tedavisi\/#primaryimage"},"thumbnailUrl":"https:\/\/gedii.eu\/wp-content\/uploads\/2026\/01\/orivelle-otrivelle.jpg","datePublished":"2026-01-17T08:42:57+00:00","dateModified":"2026-02-15T13:11:09+00:00","description":"Orivelle Anti Fungal Pen ile t\u0131rnak mantar\u0131 tedavisi evde kolayca yap\u0131l\u0131r. T\u0131rnak mantar\u0131 tedavisi ilac\u0131 olarak en etkili \u00e7\u00f6z\u00fcm. indirimle sipari\u015f verin!","breadcrumb":{"@id":"https:\/\/gedii.eu\/tr\/produkt\/orivelle-tirnak-mantari-kalemi-tirnak-mantari-tedavisi\/#breadcrumb"},"inLanguage":"tr","potentialAction":[{"@type":"ReadAction","target":["https:\/\/gedii.eu\/tr\/produkt\/orivelle-tirnak-mantari-kalemi-tirnak-mantari-tedavisi\/"]}]},{"@type":"ImageObject","inLanguage":"tr","@id":"https:\/\/gedii.eu\/tr\/produkt\/orivelle-tirnak-mantari-kalemi-tirnak-mantari-tedavisi\/#primaryimage","url":"https:\/\/gedii.eu\/wp-content\/uploads\/2026\/01\/orivelle-otrivelle.jpg","contentUrl":"https:\/\/gedii.eu\/wp-content\/uploads\/2026\/01\/orivelle-otrivelle.jpg","width":900,"height":900},{"@type":"BreadcrumbList","@id":"https:\/\/gedii.eu\/tr\/produkt\/orivelle-tirnak-mantari-kalemi-tirnak-mantari-tedavisi\/#breadcrumb","itemListElement":[{"@type":"ListItem","position":1,"name":"Startseite","item":"https:\/\/gedii.eu\/tr\/"},{"@type":"ListItem","position":2,"name":"Shop","item":"https:\/\/gedii.eu\/shop\/"},{"@type":"ListItem","position":3,"name":"Orivelle T\u0131rnak Mantar\u0131 Kalemi &#8211; T\u0131rnak Mantar\u0131 Tedavisi"}]},{"@type":"WebSite","@id":"https:\/\/gedii.eu\/tr\/#website","url":"https:\/\/gedii.eu\/tr\/","name":"gedii.eu","description":"","potentialAction":[{"@type":"SearchAction","target":{"@type":"EntryPoint","urlTemplate":"https:\/\/gedii.eu\/tr\/?s={search_term_string}"},"query-input":{"@type":"PropertyValueSpecification","valueRequired":true,"valueName":"search_term_string"}}],"inLanguage":"tr"}]}},"_links":{"self":[{"href":"https:\/\/gedii.eu\/tr\/wp-json\/wp\/v2\/product\/608","targetHints":{"allow":["GET"]}}],"collection":[{"href":"https:\/\/gedii.eu\/tr\/wp-json\/wp\/v2\/product"}],"about":[{"href":"https:\/\/gedii.eu\/tr\/wp-json\/wp\/v2\/types\/product"}],"replies":[{"embeddable":true,"href":"https:\/\/gedii.eu\/tr\/wp-json\/wp\/v2\/comments?post=608"}],"wp:featuredmedia":[{"embeddable":true,"href":"https:\/\/gedii.eu\/tr\/wp-json\/wp\/v2\/media\/306"}],"wp:attachment":[{"href":"https:\/\/gedii.eu\/tr\/wp-json\/wp\/v2\/media?parent=608"}],"wp:term":[{"taxonomy":"product_brand","embeddable":true,"href":"https:\/\/gedii.eu\/tr\/wp-json\/wp\/v2\/product_brand?post=608"},{"taxonomy":"product_cat","embeddable":true,"href":"https:\/\/gedii.eu\/tr\/wp-json\/wp\/v2\/product_cat?post=608"},{"taxonomy":"product_tag","embeddable":true,"href":"https:\/\/gedii.eu\/tr\/wp-json\/wp\/v2\/product_tag?post=608"}],"curies":[{"name":"wp","href":"https:\/\/api.w.org\/{rel}","templated":true}]}}